{"id":791,"date":"2022-12-31T06:57:00","date_gmt":"2022-12-31T06:57:00","guid":{"rendered":"https:\/\/cmykprinted.com\/?post_type=product&#038;p=791"},"modified":"2022-12-31T07:06:35","modified_gmt":"2022-12-31T07:06:35","slug":"wall-mounted-promotional-flags-end-sign-flags-custom-printed","status":"publish","type":"product","link":"https:\/\/cmykprinted.com\/hu\/termek\/wall-mounted-promotional-flags-end-sign-flags-custom-printed\/","title":{"rendered":"Falra szerelhet\u0151 prom\u00f3ci\u00f3s z\u00e1szl\u00f3k v\u00e9gt\u00e1bla z\u00e1szl\u00f3k egyedi nyomtat\u00e1ssal"},"content":{"rendered":"","protected":false},"excerpt":{"rendered":"<p>Falra szerelhet\u0151 rekl\u00e1mz\u00e1szl\u00f3ink strapab\u00edr\u00f3, strapab\u00edr\u00f3 PVC transzparens anyagra vannak nyomtatva, \u00e9s UV tint\u00e1val kezelve a hossz\u00fa k\u00fclt\u00e9ri \u00e9lettartam \u00e9rdek\u00e9ben. Az egyik oldalon 430 mm sz\u00e9les \u00e9s 355 mm-es, a m\u00e1sik oldalon 560 mm-es z\u00e1szl\u00f3k er\u0151s, de rugalmas feh\u00e9r PVC-b\u0151l k\u00e9sz\u00fcltek, \u00e9s 750 mm hossz\u00fa z\u00e1szl\u00f3r\u00faddal rendelkeznek. A k\u00fapos foglalat biztons\u00e1gos fog\u00e1st biztos\u00edt a r\u00fadon, \u00e9s megakad\u00e1lyozza a z\u00e1szl\u00f3 elveszt\u00e9s\u00e9t szeles id\u0151ben. Ezek a z\u00e1szl\u00f3k k\u00f6nnyen felcsavarozhat\u00f3k a falakra, \u00e9s egy polipropil\u00e9n tart\u00f3t, PVC rudat, v\u00e9gz\u0151d\u00e9st \u00e9s gall\u00e9rt tartalmaz\u00f3 k\u00e9szletet tartalmaznak. K\u00edn\u00e1latunkban megtal\u00e1lhat\u00f3ak a 780 g\/m2-es meger\u0151s\u00edtett k\u00f6nny\u0171blokk PVC-b\u0151l k\u00e9sz\u00fclt sima &quot;kijelz\u0151 z\u00e1szl\u00f3k&quot; is, amelyek alkalmasak vinil felhord\u00e1sra \u00e9s megrendel\u00e9sre nyomtathat\u00f3k. Egyedi alak\u00fa z\u00e1szl\u00f3k is rendelkez\u00e9sre \u00e1llnak. Minden z\u00e1szl\u00f3nk szuper szil\u00e1rds\u00e1g\u00fa anyagb\u00f3l \u00e9s tengeri min\u0151s\u00e9g\u0171 poli\u00e9szter varr\u00e1ssal k\u00e9sz\u00fcl a legjobb k\u00fclt\u00e9ri teljes\u00edtm\u00e9ny \u00e9rdek\u00e9ben.<\/p>","protected":false},"featured_media":792,"template":"","meta":{"_kad_post_transparent":"default","_kad_post_title":"hide","_kad_post_layout":"fullwidth","_kad_post_sidebar_id":"","_kad_post_content_style":"unboxed","_kad_post_vertical_padding":"hide","_kad_post_feature":"hide","_kad_post_feature_position":"","_kad_post_header":false,"_kad_post_footer":false},"product_cat":[79],"product_tag":[215,213,214,212],"class_list":{"0":"post-791","1":"product","2":"type-product","3":"status-publish","4":"has-post-thumbnail","6":"product_cat-custom-flags","7":"product_tag-custom-promotional-flags","8":"product_tag-end-sign-flags","9":"product_tag-promotional-flags","10":"product_tag-wall-mounted-promotional-flags","12":"first","13":"instock","14":"shipping-taxable","15":"product-type-simple","16":"entry","17":"content-bg","18":"loop-entry"},"_links":{"self":[{"href":"https:\/\/cmykprinted.com\/hu\/wp-json\/wp\/v2\/product\/791","targetHints":{"allow":["GET"]}}],"collection":[{"href":"https:\/\/cmykprinted.com\/hu\/wp-json\/wp\/v2\/product"}],"about":[{"href":"https:\/\/cmykprinted.com\/hu\/wp-json\/wp\/v2\/types\/product"}],"version-history":[{"count":3,"href":"https:\/\/cmykprinted.com\/hu\/wp-json\/wp\/v2\/product\/791\/revisions"}],"predecessor-version":[{"id":799,"href":"https:\/\/cmykprinted.com\/hu\/wp-json\/wp\/v2\/product\/791\/revisions\/799"}],"wp:featuredmedia":[{"embeddable":true,"href":"https:\/\/cmykprinted.com\/hu\/wp-json\/wp\/v2\/media\/792"}],"wp:attachment":[{"href":"https:\/\/cmykprinted.com\/hu\/wp-json\/wp\/v2\/media?parent=791"}],"wp:term":[{"taxonomy":"product_cat","embeddable":true,"href":"https:\/\/cmykprinted.com\/hu\/wp-json\/wp\/v2\/product_cat?post=791"},{"taxonomy":"product_tag","embeddable":true,"href":"https:\/\/cmykprinted.com\/hu\/wp-json\/wp\/v2\/product_tag?post=791"}],"curies":[{"name":"wp","href":"https:\/\/api.w.org\/{rel}","templated":true}]}}