{"id":810,"date":"2022-12-31T13:39:50","date_gmt":"2022-12-31T13:39:50","guid":{"rendered":"https:\/\/cmykprinted.com\/?post_type=product&#038;p=810"},"modified":"2022-12-31T13:53:52","modified_gmt":"2022-12-31T13:53:52","slug":"durable-custom-printed-outdoor-scrim-glossy-vinyl-banner","status":"publish","type":"product","link":"https:\/\/cmykprinted.com\/hu\/termek\/durable-custom-printed-outdoor-scrim-glossy-vinyl-banner\/","title":{"rendered":"Tart\u00f3s, egyedi nyomtatott k\u00fclt\u00e9ri, f\u00e9nyes vinil szalaghirdet\u00e9s"},"content":{"rendered":"","protected":false},"excerpt":{"rendered":"<p>F\u00e9nyes vinil bannereink belt\u00e9ri \u00e9s k\u00fclt\u00e9ri haszn\u00e1latra egyar\u00e1nt alkalmasak, mivel fakul\u00e1s-, szakad\u00e1s- \u00e9s sz\u00e9l\u00e1ll\u00f3ak. Ezenk\u00edv\u00fcl nagyon k\u00f6lts\u00e9ghat\u00e9konyak, \u00edgy nagyszer\u0171 v\u00e1laszt\u00e1s azok sz\u00e1m\u00e1ra, akik alacsony k\u00f6lts\u00e9gvet\u00e9ssel rendelkeznek. Az ezekben a szalaghirdet\u00e9sekben haszn\u00e1lt vinil anyag vil\u00e1gos \u00e9s f\u00e9nyes, ami seg\u00edt abban, hogy a diz\u00e1jn sz\u00ednei \u00e9l\u00e9nkebbek \u00e9s szemet gy\u00f6ny\u00f6rk\u00f6dtet\u0151bbek legyenek. R\u00e1ad\u00e1sul ezeknek a szalaghirdet\u00e9seknek a rendk\u00edv\u00fcl sima feliratoz\u00e1si fel\u00fclete \u00e9letre kelt grafik\u00e1j\u00e1ban.<br \/>\nF\u00e9nyes bakelit transzparenseink n\u00e9pszer\u0171ek szabadt\u00e9ri rendezv\u00e9nyeken, p\u00e9ld\u00e1ul futballm\u00e9rk\u0151z\u00e9seken, ahol a p\u00e1ly\u00e1t k\u00f6r\u00fclvev\u0151 ker\u00edt\u00e9s vagy fal ment\u00e9n felakasztva bemutathatj\u00e1k a csapat szponzorait. Csal\u00e1di \u00f6sszej\u00f6vetelek, c\u00e9ges piknikek \u00e9s egy\u00e9b szabadt\u00e9ri \u00f6sszej\u00f6vetelek alkalm\u00e1val is remek v\u00e1laszt\u00e1s, mivel k\u00f6nnyen felakaszthat\u00f3k k\u00e9t fa k\u00f6z\u00e9, \u00edgy \u00e9lettel teli \u00e9s megfizethet\u0151 l\u00e1tv\u00e1nyt ny\u00fajtanak. Nem sz\u00e1m\u00edt, milyen alkalomr\u00f3l van sz\u00f3, f\u00e9nyes vinil transzparenseink biztosan k\u00fcl\u00f6nlegess\u00e9 teszik rendezv\u00e9ny\u00e9t.<\/p>\n<div style=\"width: 1290px;\" class=\"wp-video\"><!--[if lt IE 9]><script>document.createElement('video');<\/script><![endif]--><br \/>\n<video class=\"wp-video-shortcode\" id=\"video-810-1\" width=\"1290\" height=\"726\" loop autoplay preload=\"auto\" controls=\"controls\"><source type=\"video\/mp4\" src=\"http:\/\/cmykprinted.com\/wp-content\/uploads\/2022\/12\/vinyl-PVC-banners.mp4?_=1\" \/><a href=\"http:\/\/cmykprinted.com\/wp-content\/uploads\/2022\/12\/vinyl-PVC-banners.mp4\">http:\/\/cmykprinted.com\/wp-content\/uploads\/2022\/12\/vinyl-PVC-banners.mp4<\/a><\/video><\/div>\n<p>&nbsp;<\/p>","protected":false},"featured_media":811,"template":"","meta":{"_kad_post_transparent":"default","_kad_post_title":"hide","_kad_post_layout":"fullwidth","_kad_post_sidebar_id":"","_kad_post_content_style":"unboxed","_kad_post_vertical_padding":"hide","_kad_post_feature":"hide","_kad_post_feature_position":"","_kad_post_header":false,"_kad_post_footer":false},"product_cat":[85,90,91,89],"product_tag":[221,220,219,222],"class_list":{"0":"post-810","1":"product","2":"type-product","3":"status-publish","4":"has-post-thumbnail","6":"product_cat-outdoor-vinyl-banners","7":"product_cat-glossy-pvc-banners","8":"product_cat-matte-vinyl-banners","9":"product_cat-pvc-banners","10":"product_tag-custom-vinyl-banner","11":"product_tag-durable-vinyl-banner","12":"product_tag-glossy-vinyl-banner","13":"product_tag-outdoor-vinyl-banner","15":"first","16":"instock","17":"shipping-taxable","18":"product-type-simple","19":"entry","20":"content-bg","21":"loop-entry"},"_links":{"self":[{"href":"https:\/\/cmykprinted.com\/hu\/wp-json\/wp\/v2\/product\/810","targetHints":{"allow":["GET"]}}],"collection":[{"href":"https:\/\/cmykprinted.com\/hu\/wp-json\/wp\/v2\/product"}],"about":[{"href":"https:\/\/cmykprinted.com\/hu\/wp-json\/wp\/v2\/types\/product"}],"version-history":[{"count":2,"href":"https:\/\/cmykprinted.com\/hu\/wp-json\/wp\/v2\/product\/810\/revisions"}],"predecessor-version":[{"id":817,"href":"https:\/\/cmykprinted.com\/hu\/wp-json\/wp\/v2\/product\/810\/revisions\/817"}],"wp:featuredmedia":[{"embeddable":true,"href":"https:\/\/cmykprinted.com\/hu\/wp-json\/wp\/v2\/media\/811"}],"wp:attachment":[{"href":"https:\/\/cmykprinted.com\/hu\/wp-json\/wp\/v2\/media?parent=810"}],"wp:term":[{"taxonomy":"product_cat","embeddable":true,"href":"https:\/\/cmykprinted.com\/hu\/wp-json\/wp\/v2\/product_cat?post=810"},{"taxonomy":"product_tag","embeddable":true,"href":"https:\/\/cmykprinted.com\/hu\/wp-json\/wp\/v2\/product_tag?post=810"}],"curies":[{"name":"wp","href":"https:\/\/api.w.org\/{rel}","templated":true}]}}