{"id":818,"date":"2022-12-31T14:04:19","date_gmt":"2022-12-31T14:04:19","guid":{"rendered":"https:\/\/cmykprinted.com\/?post_type=product&#038;p=818"},"modified":"2022-12-31T14:16:24","modified_gmt":"2022-12-31T14:16:24","slug":"vertical-pop-up-banners-for-promotional-outdoor-advertising","status":"publish","type":"product","link":"https:\/\/cmykprinted.com\/hu\/termek\/vertical-pop-up-banners-for-promotional-outdoor-advertising\/","title":{"rendered":"F\u00fcgg\u0151leges felugr\u00f3 bannerek prom\u00f3ci\u00f3s k\u00fclt\u00e9ri rekl\u00e1mokhoz"},"content":{"rendered":"","protected":false},"excerpt":{"rendered":"<p>A f\u00fcgg\u0151leges felugr\u00f3 bannerek nagyszer\u0171 alternat\u00edv\u00e1t jelentenek a hagyom\u00e1nyos A-keret kialak\u00edt\u00e1ssal szemben, mivel sokkal nagyobb nyomtathat\u00f3 fel\u00fcletet k\u00edn\u00e1lnak. Ezeket a bannereket \u00fagy tervezt\u00e9k, hogy k\u00f6nnyen sz\u00e1ll\u00edthat\u00f3k, fel\u00e1ll\u00edthat\u00f3k \u00e9s leszedhet\u0151k legyenek, \u00edgy k\u00e9nyelmes v\u00e1laszt\u00e1st jelentenek rendezv\u00e9nyeken, ki\u00e1ll\u00edt\u00e1sokon \u00e9s egy\u00e9b alkalmakon. Belt\u00e9ri \u00e9s k\u00fclt\u00e9ri haszn\u00e1latra is alkalmasak, \u00e9s n\u00e9gy f\u00f6ldelt t\u00fcsk\u00e9vel rendelkeznek a nagyobb stabilit\u00e1s \u00e9rdek\u00e9ben.<br \/>\nA f\u00fcgg\u0151leges felugr\u00f3 bannerek egyik legfontosabb el\u0151nye, hogy egy darabb\u00f3l \u00e1llnak, vagyis az \u00e1llv\u00e1ny \u00e9s a grafika egyetlen egys\u00e9gben egyes\u00fcl. \u00cdgy k\u00f6nnyen mozgathat\u00f3k \u00e9s sz\u00e1ll\u00edthat\u00f3k, mivel nem kell agg\u00f3dnia a k\u00fcl\u00f6n\u00e1ll\u00f3 darabok miatt. Maga a grafika kiv\u00e1l\u00f3 min\u0151s\u00e9g\u0171 poliszat\u00e9n anyagra van nyomtatva, amely sima, tart\u00f3s \u00e9s sz\u00e1ll\u00edt\u00e1skor k\u00f6nnyen \u00f6sszehajthat\u00f3.<br \/>\nMinden konfigur\u00e1ci\u00f3ban t\u00f6bbf\u00e9le m\u00e9ret \u00e1ll rendelkez\u00e9sre, \u00edgy kiv\u00e1laszthatja az ig\u00e9nyeinek legink\u00e1bb megfelel\u0151t. Ezenk\u00edv\u00fcl mindig mell\u00e9kel\u00fcnk egy egyedi hordt\u00e1sk\u00e1t, amely megk\u00f6nny\u00edti a banner t\u00e1rol\u00e1s\u00e1t \u00e9s sz\u00e1ll\u00edt\u00e1s\u00e1t egyik esem\u00e9nyr\u0151l a m\u00e1sikra. \u00d6sszess\u00e9g\u00e9ben a f\u00fcgg\u0151leges felugr\u00f3 szalaghirdet\u00e9sek sokoldal\u00fa, k\u00e9nyelmes \u00e9s hat\u00e9kony m\u00f3dja annak, hogy a m\u00e1rk\u00e1j\u00e1t vagy \u00fczenet\u00e9t nagym\u00e9rt\u00e9kben megjelen\u00edtse.<\/p>\n<div style=\"width: 1290px;\" class=\"wp-video\"><!--[if lt IE 9]><script>document.createElement('video');<\/script><![endif]--><br \/>\n<video class=\"wp-video-shortcode\" id=\"video-818-1\" width=\"1290\" height=\"726\" loop autoplay preload=\"auto\" controls=\"controls\"><source type=\"video\/mp4\" src=\"http:\/\/cmykprinted.com\/wp-content\/uploads\/2022\/12\/horizontal-pop-up-banners.mp4?_=1\" \/><a href=\"http:\/\/cmykprinted.com\/wp-content\/uploads\/2022\/12\/horizontal-pop-up-banners.mp4\">http:\/\/cmykprinted.com\/wp-content\/uploads\/2022\/12\/horizontal-pop-up-banners.mp4<\/a><\/video><\/div>\n<p>&nbsp;<\/p>","protected":false},"featured_media":819,"template":"","meta":{"_kad_post_transparent":"default","_kad_post_title":"hide","_kad_post_layout":"fullwidth","_kad_post_sidebar_id":"","_kad_post_content_style":"unboxed","_kad_post_vertical_padding":"hide","_kad_post_feature":"hide","_kad_post_feature_position":"","_kad_post_header":false,"_kad_post_footer":false},"product_cat":[92,96],"product_tag":[224,167,225,166,195,223],"class_list":{"0":"post-818","1":"product","2":"type-product","3":"status-publish","4":"has-post-thumbnail","6":"product_cat-pop-up-banners","7":"product_cat-vertical-pop-up-banners","8":"product_tag-advertising-pop-up-banners","9":"product_tag-custom-pop-up-banners","10":"product_tag-outdoor-pop-up-banners","11":"product_tag-pop-up-banners","12":"product_tag-promotional-pop-up-banners","13":"product_tag-vertical-pop-up-banners","15":"first","16":"instock","17":"shipping-taxable","18":"product-type-simple","19":"entry","20":"content-bg","21":"loop-entry"},"_links":{"self":[{"href":"https:\/\/cmykprinted.com\/hu\/wp-json\/wp\/v2\/product\/818","targetHints":{"allow":["GET"]}}],"collection":[{"href":"https:\/\/cmykprinted.com\/hu\/wp-json\/wp\/v2\/product"}],"about":[{"href":"https:\/\/cmykprinted.com\/hu\/wp-json\/wp\/v2\/types\/product"}],"version-history":[{"count":1,"href":"https:\/\/cmykprinted.com\/hu\/wp-json\/wp\/v2\/product\/818\/revisions"}],"predecessor-version":[{"id":825,"href":"https:\/\/cmykprinted.com\/hu\/wp-json\/wp\/v2\/product\/818\/revisions\/825"}],"wp:featuredmedia":[{"embeddable":true,"href":"https:\/\/cmykprinted.com\/hu\/wp-json\/wp\/v2\/media\/819"}],"wp:attachment":[{"href":"https:\/\/cmykprinted.com\/hu\/wp-json\/wp\/v2\/media?parent=818"}],"wp:term":[{"taxonomy":"product_cat","embeddable":true,"href":"https:\/\/cmykprinted.com\/hu\/wp-json\/wp\/v2\/product_cat?post=818"},{"taxonomy":"product_tag","embeddable":true,"href":"https:\/\/cmykprinted.com\/hu\/wp-json\/wp\/v2\/product_tag?post=818"}],"curies":[{"name":"wp","href":"https:\/\/api.w.org\/{rel}","templated":true}]}}