{"id":826,"date":"2022-12-31T14:33:36","date_gmt":"2022-12-31T14:33:36","guid":{"rendered":"https:\/\/cmykprinted.com\/?post_type=product&#038;p=826"},"modified":"2023-02-12T15:14:20","modified_gmt":"2023-02-12T15:14:20","slug":"formulate-exhibition-curved-fabric-display-stand-backdrop","status":"publish","type":"product","link":"https:\/\/cmykprinted.com\/hu\/termek\/megfogalmazni-kiallitas-hajlitott-szovet-kijelzo-allvany-hatter\/","title":{"rendered":"Formulate ki\u00e1ll\u00edt\u00e1si \u00edvelt sz\u00f6vetb\u0151l k\u00e9sz\u00fclt ki\u00e1ll\u00edt\u00e1si \u00e1llv\u00e1ny h\u00e1ttere"},"content":{"rendered":"","protected":false},"excerpt":{"rendered":"<p>Az \u00edvelt sz\u00f6vet \u00e1llv\u00e1ny kiv\u00e1l\u00f3 lehet\u0151s\u00e9g a l\u00e1tv\u00e1nyosan felt\u0171n\u0151 kijelz\u0151 l\u00e9trehoz\u00e1s\u00e1ra. Egyetlen, nagy felbont\u00e1s\u00fa k\u00e9pet tartalmaz l\u00e1that\u00f3 csatlakoz\u00e1si vonalak n\u00e9lk\u00fcl. Az \u00f6sszeszerel\u00e9s egyszer\u0171 \u2013 egyszer\u0171en r\u00f6gz\u00edtse \u00f6ssze a k\u00f6nny\u0171 alum\u00ednium keretet, \u00e9s fesz\u00edtse r\u00e1 a nyomtatott anyagot. Ha befejezte a haszn\u00e1lat\u00e1t, egyszer\u0171en vegye le, hajtsa \u00f6ssze, \u00e9s t\u00e1rolja a hordt\u00e1sk\u00e1ban a k\u00f6nny\u0171 sz\u00e1ll\u00edt\u00e1s \u00e9rdek\u00e9ben. Ezek a standok sokkal k\u00e9nyelmesebben t\u00e1rolhat\u00f3k \u00e9s sz\u00e1ll\u00edthat\u00f3k a hagyom\u00e1nyos pop-up ki\u00e1ll\u00edt\u00e1si standokhoz k\u00e9pest. Amellett, hogy n\u00e9pszer\u0171 v\u00e1laszt\u00e1s konferenci\u00e1kon \u00e9s rendezv\u00e9nyeken, kiv\u00e1l\u00f3 fot\u00f3z\u00e1si h\u00e1ttereket \u00e9s sz\u00ednpadi h\u00e1ttereket is k\u00e9sz\u00edtenek. A sz\u00f6vet alapkivitelben mindk\u00e9t oldal\u00e1n nyomott, \u00edgy t\u00f6bb helyet biztos\u00edt \u00fczeneteinek. K\u00f6nny\u0171 alternat\u00edv bor\u00edt\u00f3k nyomtat\u00e1sa is a k\u00fcl\u00f6nb\u00f6z\u0151 esem\u00e9nyekhez.<\/p>","protected":false},"featured_media":827,"template":"","meta":{"_kad_post_transparent":"default","_kad_post_title":"hide","_kad_post_layout":"fullwidth","_kad_post_sidebar_id":"","_kad_post_content_style":"unboxed","_kad_post_vertical_padding":"hide","_kad_post_feature":"hide","_kad_post_feature_position":"","_kad_post_header":false,"_kad_post_footer":false},"product_cat":[97,98],"product_tag":[228,226,227,229],"class_list":{"0":"post-826","1":"product","2":"type-product","3":"status-publish","4":"has-post-thumbnail","6":"product_cat-tension-fabric-displays","7":"product_cat-curved-tension-fabric-pop-up-displays","8":"product_tag-curved-backdrop","9":"product_tag-curved-fabric-display-stand","10":"product_tag-exhibition-curved-display-stand","11":"product_tag-formulate-curved-fabric-display","13":"first","14":"instock","15":"shipping-taxable","16":"product-type-simple","17":"entry","18":"content-bg","19":"loop-entry"},"_links":{"self":[{"href":"https:\/\/cmykprinted.com\/hu\/wp-json\/wp\/v2\/product\/826","targetHints":{"allow":["GET"]}}],"collection":[{"href":"https:\/\/cmykprinted.com\/hu\/wp-json\/wp\/v2\/product"}],"about":[{"href":"https:\/\/cmykprinted.com\/hu\/wp-json\/wp\/v2\/types\/product"}],"version-history":[{"count":1,"href":"https:\/\/cmykprinted.com\/hu\/wp-json\/wp\/v2\/product\/826\/revisions"}],"predecessor-version":[{"id":833,"href":"https:\/\/cmykprinted.com\/hu\/wp-json\/wp\/v2\/product\/826\/revisions\/833"}],"wp:featuredmedia":[{"embeddable":true,"href":"https:\/\/cmykprinted.com\/hu\/wp-json\/wp\/v2\/media\/827"}],"wp:attachment":[{"href":"https:\/\/cmykprinted.com\/hu\/wp-json\/wp\/v2\/media?parent=826"}],"wp:term":[{"taxonomy":"product_cat","embeddable":true,"href":"https:\/\/cmykprinted.com\/hu\/wp-json\/wp\/v2\/product_cat?post=826"},{"taxonomy":"product_tag","embeddable":true,"href":"https:\/\/cmykprinted.com\/hu\/wp-json\/wp\/v2\/product_tag?post=826"}],"curies":[{"name":"wp","href":"https:\/\/api.w.org\/{rel}","templated":true}]}}