{"id":834,"date":"2023-01-01T06:16:03","date_gmt":"2023-01-01T06:16:03","guid":{"rendered":"https:\/\/cmykprinted.com\/?post_type=product&#038;p=834"},"modified":"2023-01-01T06:28:27","modified_gmt":"2023-01-01T06:28:27","slug":"metallic-letters-labels-adhesive-3d-transfer-metal-sticker","status":"publish","type":"product","link":"https:\/\/cmykprinted.com\/hu\/termek\/metallic-letters-labels-adhesive-3d-transfer-metal-sticker\/","title":{"rendered":"F\u00e9mbet\u0171s c\u00edmk\u00e9k \u00f6ntapad\u00f3 3D transzfer f\u00e9m matrica"},"content":{"rendered":"","protected":false},"excerpt":{"rendered":"<p>A f\u00e9mbet\u0171s c\u00edmk\u00e9kkel k\u00f6nnyed\u00e9n megragadhatja \u00fcgyfelei figyelm\u00e9t, \u00e9s felh\u00edvhatja \u0151ket, hogy t\u00f6bbet megtudjanak az \u00d6n k\u00edn\u00e1lat\u00e1r\u00f3l. Ezeket a szemet gy\u00f6ny\u00f6rk\u00f6dtet\u0151 matric\u00e1kat \u00fagy tervezt\u00e9k, hogy vizu\u00e1lis hat\u00e1st k\u00f6lcs\u00f6n\u00f6zzenek term\u00e9k\u00e9nek vagy szolg\u00e1ltat\u00e1s\u00e1nak, \u00edgy kit\u0171nj\u00f6n a versenyt\u00e1rsak k\u00f6z\u00fcl.<br \/>\nA leg\u00fajabb technol\u00f3gi\u00e1t alkalmazva ezeket a c\u00edmk\u00e9ket csillog\u00f3 sz\u00ednekkel \u00e1ll\u00edtj\u00e1k el\u0151, sz\u00e1mos sz\u00edn\u00e1tmenetben \u00e9s f\u00e9lt\u00f3nusban, \u00edgy csillog\u00f3 \u00e9s vonz\u00f3 megjelen\u00e9st k\u00f6lcs\u00f6n\u00f6znek nekik, ami n\u00f6veli az \u00d6n aj\u00e1nlat\u00e1nak \u00e9rz\u00e9kelt \u00e9rt\u00e9k\u00e9t. Ak\u00e1r term\u00e9kek \u00e9rt\u00e9kes\u00edt\u00e9s\u00e9vel, ak\u00e1r esem\u00e9nyek vagy szolg\u00e1ltat\u00e1sok rekl\u00e1moz\u00e1s\u00e1val foglalkozik, ezek az egyedi c\u00edmk\u00e9k biztosan felkeltik a c\u00e9lk\u00f6z\u00f6ns\u00e9g figyelm\u00e9t, \u00e9s seg\u00edtenek kiemelkedni a zs\u00fafolt piacon.<br \/>\nAkkor minek v\u00e1rni? Fektessen be f\u00e9mbet\u0171kbe! C\u00edmk\u00e9k ma, \u00e9s figyelje, ahogy v\u00e1llalkoz\u00e1sa \u00faj magass\u00e1gokba emelkedik!<\/p>\n<div style=\"width: 1280px;\" class=\"wp-video\"><!--[if lt IE 9]><script>document.createElement('video');<\/script><![endif]--><br \/>\n<video class=\"wp-video-shortcode\" id=\"video-834-1\" width=\"1280\" height=\"720\" loop autoplay preload=\"metadata\" controls=\"controls\"><source type=\"video\/mp4\" src=\"http:\/\/cmykprinted.com\/wp-content\/uploads\/2022\/12\/Metal-Transfer-Sticker.mp4?_=1\" \/><a href=\"http:\/\/cmykprinted.com\/wp-content\/uploads\/2022\/12\/Metal-Transfer-Sticker.mp4\">http:\/\/cmykprinted.com\/wp-content\/uploads\/2022\/12\/Metal-Transfer-Sticker.mp4<\/a><\/video><\/div>\n<p>&nbsp;<\/p>","protected":false},"featured_media":835,"template":"","meta":{"_kad_post_transparent":"default","_kad_post_title":"hide","_kad_post_layout":"fullwidth","_kad_post_sidebar_id":"","_kad_post_content_style":"unboxed","_kad_post_vertical_padding":"hide","_kad_post_feature":"hide","_kad_post_feature_position":"","_kad_post_header":false,"_kad_post_footer":false},"product_cat":[101,102],"product_tag":[232,233,230,231],"class_list":{"0":"post-834","1":"product","2":"type-product","3":"status-publish","4":"has-post-thumbnail","6":"product_cat-transfer-stickers","7":"product_cat-metal-transfer-stickers","8":"product_tag-3d-transfer-sticker","9":"product_tag-adhesive-metal-sticker","10":"product_tag-metallic-letters-labels","11":"product_tag-transfer-metal-sticker","13":"first","14":"instock","15":"shipping-taxable","16":"product-type-simple","17":"entry","18":"content-bg","19":"loop-entry"},"_links":{"self":[{"href":"https:\/\/cmykprinted.com\/hu\/wp-json\/wp\/v2\/product\/834","targetHints":{"allow":["GET"]}}],"collection":[{"href":"https:\/\/cmykprinted.com\/hu\/wp-json\/wp\/v2\/product"}],"about":[{"href":"https:\/\/cmykprinted.com\/hu\/wp-json\/wp\/v2\/types\/product"}],"version-history":[{"count":1,"href":"https:\/\/cmykprinted.com\/hu\/wp-json\/wp\/v2\/product\/834\/revisions"}],"predecessor-version":[{"id":841,"href":"https:\/\/cmykprinted.com\/hu\/wp-json\/wp\/v2\/product\/834\/revisions\/841"}],"wp:featuredmedia":[{"embeddable":true,"href":"https:\/\/cmykprinted.com\/hu\/wp-json\/wp\/v2\/media\/835"}],"wp:attachment":[{"href":"https:\/\/cmykprinted.com\/hu\/wp-json\/wp\/v2\/media?parent=834"}],"wp:term":[{"taxonomy":"product_cat","embeddable":true,"href":"https:\/\/cmykprinted.com\/hu\/wp-json\/wp\/v2\/product_cat?post=834"},{"taxonomy":"product_tag","embeddable":true,"href":"https:\/\/cmykprinted.com\/hu\/wp-json\/wp\/v2\/product_tag?post=834"}],"curies":[{"name":"wp","href":"https:\/\/api.w.org\/{rel}","templated":true}]}}