{"id":842,"date":"2023-01-01T06:44:35","date_gmt":"2023-01-01T06:44:35","guid":{"rendered":"https:\/\/cmykprinted.com\/?post_type=product&#038;p=842"},"modified":"2023-01-01T06:50:35","modified_gmt":"2023-01-01T06:50:35","slug":"rectangle-flag-banners-with-custom-printing-fast-delivery","status":"publish","type":"product","link":"https:\/\/cmykprinted.com\/hu\/termek\/rectangle-flag-banners-with-custom-printing-fast-delivery\/","title":{"rendered":"T\u00e9glalap alak\u00fa z\u00e1szl\u00f3 szalaghirdet\u00e9sek egyedi nyomtat\u00e1ssal \u00e9s gyors sz\u00e1ll\u00edt\u00e1ssal"},"content":{"rendered":"","protected":false},"excerpt":{"rendered":"<p>Ha nagy hat\u00e1st szeretne el\u00e9rni k\u00f6vetkez\u0151 prom\u00f3ci\u00f3j\u00e1val vagy esem\u00e9ny\u00e9vel, fontolja meg, hogy egy\u00e9nileg nyomtasson t\u00e9glalap alak\u00fa z\u00e1szl\u00f3s bannereket az \u00d6n \u00e1ltal v\u00e1lasztott log\u00f3val vagy designnal. Ezek a bannerek h\u00e1rom m\u00e9retben \u2013 5 l\u00e1b, 8 l\u00e1b vagy 11 l\u00e1b \u2013 \u00e1llnak rendelkez\u00e9sre, \u00edgy kiv\u00e1laszthatja az ig\u00e9nyeinek legink\u00e1bb megfelel\u0151 lehet\u0151s\u00e9get. Ha t\u00f6bb z\u00e1szl\u00f3 sorakozik egym\u00e1s ut\u00e1n, hatalmas \u00e9s vizu\u00e1lisan leny\u0171g\u00f6z\u0151 kijelz\u0151t hoznak l\u00e9tre, amely letisztult, professzion\u00e1lis \u00e9s izgalmas hangulatot k\u00f6lcs\u00f6n\u00f6z rendezv\u00e9ny\u00e9nek.<br \/>\nAz egyik nagyszer\u0171 dolog ezekben a t\u00e9glalap alak\u00fa bannerekben, hogy az el\u00fcls\u0151 oldal egyedi nyomtat\u00e1sa t\u00fck\u00f6rk\u00e9p form\u00e1tumban l\u00e1that\u00f3 a h\u00e1toldalon. Ez azt jelenti, hogy k\u00fcl\u00f6nf\u00e9le be\u00e1ll\u00edt\u00e1sokban haszn\u00e1lhatja \u0151ket, \u00e9s az \u00fczenet tov\u00e1bbra is j\u00f3l l\u00e1that\u00f3an jelenik meg. Ezenk\u00edv\u00fcl k\u00e9toldalas nyomtat\u00e1s is el\u00e9rhet\u0151 azok sz\u00e1m\u00e1ra, akik kett\u0151s \u00fczenetk\u00fcld\u00e9st szeretn\u00e9nek k\u00f6zvet\u00edteni.<br \/>\nAz egy\u00e9ni t\u00e9glalap alak\u00fa szalaghirdet\u00e9s haszn\u00e1lat\u00e1nak megkezd\u00e9se egyszer\u0171 \u2013 egyszer\u0171en t\u00f6ltse fel log\u00f3j\u00e1t vagy terv\u00e9t a fenti utas\u00edt\u00e1sok szerint, vagy t\u00f6ltse le az al\u00e1bbi m\u0171v\u00e9szeti sablont, \u00e9s hozzon l\u00e9tre saj\u00e1t f\u00e1jlt a felt\u00f6lt\u00e9shez \u00e9s a fizet\u00e9shez. Kiv\u00e1l\u00f3 min\u0151s\u00e9g\u0171 nyomtat\u00e1sunkkal \u00e9s a r\u00e9szletekre val\u00f3 odafigyel\u00e9ssel biztos lehet benne, hogy t\u00e9glalap alak\u00fa z\u00e1szl\u00f3ja maradand\u00f3 benyom\u00e1st kelt k\u00f6z\u00f6ns\u00e9g\u00e9ben.<\/p>\n<div style=\"width: 1280px;\" class=\"wp-video\"><!--[if lt IE 9]><script>document.createElement('video');<\/script><![endif]--><br \/>\n<video class=\"wp-video-shortcode\" id=\"video-842-1\" width=\"1280\" height=\"720\" loop autoplay preload=\"metadata\" controls=\"controls\"><source type=\"video\/mp4\" src=\"http:\/\/cmykprinted.com\/wp-content\/uploads\/2022\/12\/Feather-beach-flags.mp4?_=1\" \/><a href=\"http:\/\/cmykprinted.com\/wp-content\/uploads\/2022\/12\/Feather-beach-flags.mp4\">http:\/\/cmykprinted.com\/wp-content\/uploads\/2022\/12\/Feather-beach-flags.mp4<\/a><\/video><\/div>","protected":false},"featured_media":843,"template":"","meta":{"_kad_post_transparent":"default","_kad_post_title":"hide","_kad_post_layout":"fullwidth","_kad_post_sidebar_id":"","_kad_post_content_style":"unboxed","_kad_post_vertical_padding":"hide","_kad_post_feature":"hide","_kad_post_feature_position":"","_kad_post_header":false,"_kad_post_footer":false},"product_cat":[64,66],"product_tag":[236,235,234],"class_list":{"0":"post-842","1":"product","2":"type-product","3":"status-publish","4":"has-post-thumbnail","6":"product_cat-beach-flags","7":"product_cat-rectangular-flags-banners","8":"product_tag-custom-rectangle-banners","9":"product_tag-custom-rectangle-flag","10":"product_tag-rectangle-flag-banners","12":"first","13":"instock","14":"shipping-taxable","15":"product-type-simple","16":"entry","17":"content-bg","18":"loop-entry"},"_links":{"self":[{"href":"https:\/\/cmykprinted.com\/hu\/wp-json\/wp\/v2\/product\/842","targetHints":{"allow":["GET"]}}],"collection":[{"href":"https:\/\/cmykprinted.com\/hu\/wp-json\/wp\/v2\/product"}],"about":[{"href":"https:\/\/cmykprinted.com\/hu\/wp-json\/wp\/v2\/types\/product"}],"version-history":[{"count":1,"href":"https:\/\/cmykprinted.com\/hu\/wp-json\/wp\/v2\/product\/842\/revisions"}],"predecessor-version":[{"id":848,"href":"https:\/\/cmykprinted.com\/hu\/wp-json\/wp\/v2\/product\/842\/revisions\/848"}],"wp:featuredmedia":[{"embeddable":true,"href":"https:\/\/cmykprinted.com\/hu\/wp-json\/wp\/v2\/media\/843"}],"wp:attachment":[{"href":"https:\/\/cmykprinted.com\/hu\/wp-json\/wp\/v2\/media?parent=842"}],"wp:term":[{"taxonomy":"product_cat","embeddable":true,"href":"https:\/\/cmykprinted.com\/hu\/wp-json\/wp\/v2\/product_cat?post=842"},{"taxonomy":"product_tag","embeddable":true,"href":"https:\/\/cmykprinted.com\/hu\/wp-json\/wp\/v2\/product_tag?post=842"}],"curies":[{"name":"wp","href":"https:\/\/api.w.org\/{rel}","templated":true}]}}