{"id":849,"date":"2023-01-01T07:11:40","date_gmt":"2023-01-01T07:11:40","guid":{"rendered":"https:\/\/cmykprinted.com\/?post_type=product&#038;p=849"},"modified":"2023-01-01T07:22:48","modified_gmt":"2023-01-01T07:22:48","slug":"custom-small-instant-5x5ft-pop-up-canopy-tents-wholesale","status":"publish","type":"product","link":"https:\/\/cmykprinted.com\/hu\/termek\/custom-small-instant-5x5ft-pop-up-canopy-tents-wholesale\/","title":{"rendered":"Egyedi kis, azonnal fel\u00e1ll\u00edthat\u00f3, 5x5 l\u00e1bas ponyvas\u00e1trak nagykereskedelme"},"content":{"rendered":"","protected":false},"excerpt":{"rendered":"<p>Ha egy hat\u00e9kony prom\u00f3ci\u00f3s eszk\u00f6zt keres, amely k\u00f6nnyen fel\u00e1ll\u00edthat\u00f3 \u00e9s testreszabhat\u00f3, az 5x5 l\u00e1b m\u00e9ret\u0171, felugr\u00f3 tet\u0151s\u00e1tor nagyszer\u0171 v\u00e1laszt\u00e1s. Ezt a s\u00e1tort \u00fagy tervezt\u00e9k, hogy hat\u00e1st keltsen, kiv\u00e1l\u00f3 min\u0151s\u00e9g\u0171 alum\u00ednium kerettel, \u00e9letre sz\u00f3l\u00f3 garanci\u00e1val, teljesen szem\u00e9lyre szabott tetej\u00e9vel, valamint a m\u00e9g jobb l\u00e1that\u00f3s\u00e1g \u00e9rdek\u00e9ben a h\u00e1tlap \u00e9s az oldalak hozz\u00e1ad\u00e1s\u00e1val.<br \/>\nEnnek a s\u00e1tornak a pop-up kialak\u00edt\u00e1sa hihetetlen\u00fcl egyszer\u0171v\u00e9 teszi a fel\u00e1ll\u00edt\u00e1s\u00e1t, \u00edgy pillanatok alatt elkezdheti bemutatni \u00fczenet\u00e9t. Ak\u00e1r egy ki\u00e1ll\u00edt\u00e1son, szabadt\u00e9ri rendezv\u00e9nyen vagy b\u00e1rmilyen m\u00e1s prom\u00f3ci\u00f3s k\u00f6rnyezetben haszn\u00e1lja, ez a s\u00e1tor biztosan felkelti a c\u00e9lk\u00f6z\u00f6ns\u00e9g figyelm\u00e9t, \u00e9s seg\u00edt kit\u0171nni a versenyt\u00e1rsak k\u00f6z\u00fcl.<br \/>\nAkkor minek v\u00e1rni? Fektessen be egy 5x5 l\u00e1b m\u00e9ret\u0171, el\u0151tet\u0151s s\u00e1torba m\u00e9g ma, \u00e9s kezdje el st\u00edlusosan n\u00e9pszer\u0171s\u00edteni v\u00e1llalkoz\u00e1s\u00e1t vagy rendezv\u00e9ny\u00e9t!<\/p>\n<div style=\"width: 1280px;\" class=\"wp-video\"><!--[if lt IE 9]><script>document.createElement('video');<\/script><![endif]--><br \/>\n<video class=\"wp-video-shortcode\" id=\"video-849-1\" width=\"1280\" height=\"720\" loop autoplay preload=\"auto\" controls=\"controls\"><source type=\"video\/mp4\" src=\"http:\/\/cmykprinted.com\/wp-content\/uploads\/2022\/12\/10x20ft-Pop-Up-Canopies.mp4?_=1\" \/><a href=\"http:\/\/cmykprinted.com\/wp-content\/uploads\/2022\/12\/10x20ft-Pop-Up-Canopies.mp4\">http:\/\/cmykprinted.com\/wp-content\/uploads\/2022\/12\/10x20ft-Pop-Up-Canopies.mp4<\/a><\/video><\/div>","protected":false},"featured_media":850,"template":"","meta":{"_kad_post_transparent":"default","_kad_post_title":"hide","_kad_post_layout":"fullwidth","_kad_post_sidebar_id":"","_kad_post_content_style":"unboxed","_kad_post_vertical_padding":"hide","_kad_post_feature":"hide","_kad_post_feature_position":"","_kad_post_header":false,"_kad_post_footer":false},"product_cat":[68,69,73],"product_tag":[238,237,239,240],"class_list":{"0":"post-849","1":"product","2":"type-product","3":"status-publish","4":"has-post-thumbnail","6":"product_cat-custom-canopy-tents","7":"product_cat-40mm-hexagon-aluminum-tents","8":"product_cat-5x5ft-custom-pop-up-canopies","9":"product_tag-5x5ft-canopy-tents","10":"product_tag-5x5ft-pop-up-canopy-tents","11":"product_tag-custom-pop-up-canopy-tents","12":"product_tag-small-pop-up-canopy-tents","14":"first","15":"instock","16":"shipping-taxable","17":"product-type-simple","18":"entry","19":"content-bg","20":"loop-entry"},"_links":{"self":[{"href":"https:\/\/cmykprinted.com\/hu\/wp-json\/wp\/v2\/product\/849","targetHints":{"allow":["GET"]}}],"collection":[{"href":"https:\/\/cmykprinted.com\/hu\/wp-json\/wp\/v2\/product"}],"about":[{"href":"https:\/\/cmykprinted.com\/hu\/wp-json\/wp\/v2\/types\/product"}],"version-history":[{"count":1,"href":"https:\/\/cmykprinted.com\/hu\/wp-json\/wp\/v2\/product\/849\/revisions"}],"predecessor-version":[{"id":857,"href":"https:\/\/cmykprinted.com\/hu\/wp-json\/wp\/v2\/product\/849\/revisions\/857"}],"wp:featuredmedia":[{"embeddable":true,"href":"https:\/\/cmykprinted.com\/hu\/wp-json\/wp\/v2\/media\/850"}],"wp:attachment":[{"href":"https:\/\/cmykprinted.com\/hu\/wp-json\/wp\/v2\/media?parent=849"}],"wp:term":[{"taxonomy":"product_cat","embeddable":true,"href":"https:\/\/cmykprinted.com\/hu\/wp-json\/wp\/v2\/product_cat?post=849"},{"taxonomy":"product_tag","embeddable":true,"href":"https:\/\/cmykprinted.com\/hu\/wp-json\/wp\/v2\/product_tag?post=849"}],"curies":[{"name":"wp","href":"https:\/\/api.w.org\/{rel}","templated":true}]}}