{"id":858,"date":"2023-01-01T07:50:37","date_gmt":"2023-01-01T07:50:37","guid":{"rendered":"https:\/\/cmykprinted.com\/?post_type=product&#038;p=858"},"modified":"2023-01-01T07:57:12","modified_gmt":"2023-01-01T07:57:12","slug":"custom-branded-promotional-hand-held-stick-flags-printing","status":"publish","type":"product","link":"https:\/\/cmykprinted.com\/hu\/termek\/custom-branded-promotional-hand-held-stick-flags-printing\/","title":{"rendered":"Egyedi m\u00e1rk\u00e1j\u00fa, prom\u00f3ci\u00f3s k\u00e9zi z\u00e1szl\u00f3k nyomtat\u00e1sa"},"content":{"rendered":"","protected":false},"excerpt":{"rendered":"<p>A k\u00e9zi botz\u00e1szl\u00f3 n\u00e9pszer\u0171 v\u00e1laszt\u00e1s olyan v\u00e1llalkoz\u00e1sok \u00e9s szervezetek sz\u00e1m\u00e1ra, amelyek a m\u00e1rka l\u00e1that\u00f3s\u00e1g\u00e1nak n\u00f6vel\u00e9s\u00e9re \u00e9s a c\u00e9lk\u00f6z\u00f6ns\u00e9g\u00fck megsz\u00f3l\u00edt\u00e1s\u00e1ra t\u00f6rekszenek felvonul\u00e1sokon, sportesem\u00e9nyeken \u00e9s m\u00e1s szabadt\u00e9ri \u00f6sszej\u00f6veteleken. Ezek a z\u00e1szl\u00f3k k\u00fcl\u00f6n\u00f6sen n\u00e9pszer\u0171ek a gyerekek \u00e9s m\u00e1s r\u00e9sztvev\u0151k k\u00f6r\u00e9ben, akik sz\u00edvesen lengetik \u0151ket, \u00e9s kinyilv\u00e1n\u00edtj\u00e1k t\u00e1mogat\u00e1sukat egy adott \u00fcgy vagy csapat mellett.<br \/>\nA k\u00e9zi botz\u00e1szl\u00f3k egyik legfontosabb \u00e9rt\u00e9kes\u00edt\u00e9si pontja a nagy m\u00e1rkajelz\u00e9si ter\u00fclet, amely lehet\u0151v\u00e9 teszi a v\u00e1llalkoz\u00e1sok sz\u00e1m\u00e1ra, hogy a megjelen\u00edtett ter\u00fclet minden millim\u00e9ter\u00e9t kihaszn\u00e1lj\u00e1k, kiv\u00e9ve a felszerelt bot k\u00f6r\u00fcli feh\u00e9r cs\u00edkot. Ez b\u0151s\u00e9ges teret biztos\u00edt a v\u00e1llalkoz\u00e1sok sz\u00e1m\u00e1ra, hogy bemutass\u00e1k m\u00e1rkaidentit\u00e1sukat, log\u00f3jukat \u00e9s \u00fczenet\u00fcket, biztos\u00edtva, hogy sz\u00e9les \u00e9s fog\u00e9kony k\u00f6z\u00f6ns\u00e9g l\u00e1thassa \u0151ket.<br \/>\nAmellett, hogy hat\u00e9kony marketingeszk\u00f6z, a k\u00e9zi botz\u00e1szl\u00f3k megfizethet\u0151 v\u00e1laszt\u00e1st jelentenek a m\u00e1rk\u00e1jukat n\u00e9pszer\u0171s\u00edteni k\u00edv\u00e1n\u00f3 v\u00e1llalkoz\u00e1sok \u00e9s szervezetek sz\u00e1m\u00e1ra. Tart\u00f3s anyagokb\u00f3l, p\u00e9ld\u00e1ul poli\u00e9szterb\u0151l vagy nejlonb\u00f3l k\u00e9sz\u00fclnek, \u00e9s f\u00e1b\u00f3l vagy m\u0171anyagb\u00f3l k\u00e9sz\u00fclt p\u00e1lc\u00e1val rendelkeznek a k\u00f6nny\u0171 hull\u00e1mz\u00e1s \u00e9rdek\u00e9ben. Ezek a z\u00e1szl\u00f3k k\u00f6nny\u0171ek \u00e9s k\u00f6nnyen hordozhat\u00f3k, \u00edgy praktikus v\u00e1laszt\u00e1s a szabadt\u00e9ri rendezv\u00e9nyekhez.<br \/>\n\u00d6sszess\u00e9g\u00e9ben a k\u00e9zi botz\u00e1szl\u00f3k egy k\u00f6lts\u00e9ghat\u00e9kony \u00e9s interakt\u00edv marketingeszk\u00f6z, amely felhaszn\u00e1lhat\u00f3 a m\u00e1rkaidentit\u00e1s n\u00e9pszer\u0171s\u00edt\u00e9s\u00e9re \u00e9s a l\u00e1that\u00f3s\u00e1g n\u00f6vel\u00e9s\u00e9re k\u00fcl\u00f6nf\u00e9le esem\u00e9nyeken.<\/p>\n<div style=\"width: 1290px;\" class=\"wp-video\"><!--[if lt IE 9]><script>document.createElement('video');<\/script><![endif]--><br \/>\n<video class=\"wp-video-shortcode\" id=\"video-858-1\" width=\"1290\" height=\"726\" loop autoplay preload=\"auto\" controls=\"controls\"><source type=\"video\/mp4\" src=\"http:\/\/cmykprinted.com\/wp-content\/uploads\/2022\/12\/Custom-Printed-Hand-Flags.mp4?_=1\" \/><a href=\"http:\/\/cmykprinted.com\/wp-content\/uploads\/2022\/12\/Custom-Printed-Hand-Flags.mp4\">http:\/\/cmykprinted.com\/wp-content\/uploads\/2022\/12\/Custom-Printed-Hand-Flags.mp4<\/a><\/video><\/div>\n<p>&nbsp;<\/p>","protected":false},"featured_media":859,"template":"","meta":{"_kad_post_transparent":"default","_kad_post_title":"hide","_kad_post_layout":"fullwidth","_kad_post_sidebar_id":"","_kad_post_content_style":"unboxed","_kad_post_vertical_padding":"hide","_kad_post_feature":"hide","_kad_post_feature_position":"","_kad_post_header":false,"_kad_post_footer":false},"product_cat":[79],"product_tag":[153,243,241,242],"class_list":{"0":"post-858","1":"product","2":"type-product","3":"status-publish","4":"has-post-thumbnail","6":"product_cat-custom-flags","7":"product_tag-custom-hand-flags","8":"product_tag-hand-flags-printing","9":"product_tag-hand-held-stick-flags","10":"product_tag-promotional-hand-flags","12":"first","13":"instock","14":"shipping-taxable","15":"product-type-simple","16":"entry","17":"content-bg","18":"loop-entry"},"_links":{"self":[{"href":"https:\/\/cmykprinted.com\/hu\/wp-json\/wp\/v2\/product\/858","targetHints":{"allow":["GET"]}}],"collection":[{"href":"https:\/\/cmykprinted.com\/hu\/wp-json\/wp\/v2\/product"}],"about":[{"href":"https:\/\/cmykprinted.com\/hu\/wp-json\/wp\/v2\/types\/product"}],"version-history":[{"count":2,"href":"https:\/\/cmykprinted.com\/hu\/wp-json\/wp\/v2\/product\/858\/revisions"}],"predecessor-version":[{"id":865,"href":"https:\/\/cmykprinted.com\/hu\/wp-json\/wp\/v2\/product\/858\/revisions\/865"}],"wp:featuredmedia":[{"embeddable":true,"href":"https:\/\/cmykprinted.com\/hu\/wp-json\/wp\/v2\/media\/859"}],"wp:attachment":[{"href":"https:\/\/cmykprinted.com\/hu\/wp-json\/wp\/v2\/media?parent=858"}],"wp:term":[{"taxonomy":"product_cat","embeddable":true,"href":"https:\/\/cmykprinted.com\/hu\/wp-json\/wp\/v2\/product_cat?post=858"},{"taxonomy":"product_tag","embeddable":true,"href":"https:\/\/cmykprinted.com\/hu\/wp-json\/wp\/v2\/product_tag?post=858"}],"curies":[{"name":"wp","href":"https:\/\/api.w.org\/{rel}","templated":true}]}}