{"id":866,"date":"2023-01-01T08:19:36","date_gmt":"2023-01-01T08:19:36","guid":{"rendered":"https:\/\/cmykprinted.com\/?post_type=product&#038;p=866"},"modified":"2023-01-01T08:25:52","modified_gmt":"2023-01-01T08:25:52","slug":"promotional-advertising-color-printing-custom-table-runner","status":"publish","type":"product","link":"https:\/\/cmykprinted.com\/hu\/termek\/promotional-advertising-color-printing-custom-table-runner\/","title":{"rendered":"Prom\u00f3ci\u00f3s rekl\u00e1m sz\u00ednes nyomtat\u00e1s Egyedi asztali fut\u00f3"},"content":{"rendered":"","protected":false},"excerpt":{"rendered":"<p>Kiv\u00e1l\u00f3 min\u0151s\u00e9g\u0171, egyedi asztali fut\u00f3kra van sz\u00fcks\u00e9ge k\u00f6vetkez\u0151 rendezv\u00e9ny\u00e9re vagy ki\u00e1ll\u00edt\u00e1s\u00e1ra? Ne keressen tov\u00e1bb! \u00dczem\u00fcnkben pr\u00e9mium asztalter\u00edt\u0151ket k\u00edn\u00e1lunk, melyek mind szem\u00e9lyes, mind szakmai rendezv\u00e9nyekre t\u00f6k\u00e9letesek. Asztali fut\u00f3ink min\u0151s\u00e9gi poli\u00e9szter sz\u00f6vetb\u0151l k\u00e9sz\u00fclnek, \u00e9s sz\u00ednes, 1440 DPI-s, fest\u00e9kszublim\u00e1ci\u00f3s nyomtat\u00e1ssal rendelkeznek, biztos\u00edtva, hogy tart\u00f3sak \u00e9s hat\u00e9konyak legyenek v\u00e1llalkoz\u00e1sa rekl\u00e1moz\u00e1s\u00e1ban vagy log\u00f3j\u00e1nak n\u00e9pszer\u0171s\u00edt\u00e9s\u00e9ben.<br \/>\nEzek az egyedi fut\u00f3k nagyszer\u0171 lehet\u0151s\u00e9get k\u00edn\u00e1lnak arra, hogy c\u00e9ge m\u00e1rk\u00e1j\u00e1t fel\u00faj\u00edts\u00e1k, vagy b\u00e1rmilyen asztalt d\u00edsz\u00edtsenek \u00e9s eleganci\u00e1t adjanak. El\u0151re meghat\u00e1rozott, 2&#039;x7,5\u2032-os m\u00e9retben kaphat\u00f3k, vagy kiv\u00e1laszthatja az egy\u00e9ni m\u00e9ret opci\u00f3t a pontos m\u00e9ret el\u00e9r\u00e9s\u00e9hez. Egyszer\u0171en tedd \u0151ket egy t\u00f6m\u00f6r asztaltakar\u00f3ra, hogy professzion\u00e1lis \u00e9s \u00f6sszetart\u00f3 megjelen\u00e9st k\u00f6lcs\u00f6n\u00f6zhess rendezv\u00e9nyednek.<br \/>\nAk\u00e1r egy ki\u00e1ll\u00edt\u00e1son vesz r\u00e9szt, ak\u00e1r konferenci\u00e1t szervez, ak\u00e1r adom\u00e1nygy\u0171jt\u00e9st tervez, az egyedi asztali fut\u00f3k kiv\u00e1l\u00f3 v\u00e1laszt\u00e1st jelentenek m\u00e1rk\u00e1j\u00e1nak hat\u00e9kony n\u00e9pszer\u0171s\u00edt\u00e9s\u00e9re \u00e9s tart\u00f3s benyom\u00e1sra. Ne hagyja ki ezt a lehet\u0151s\u00e9get, hogy sz\u00ednvonalas \u00e9s professzion\u00e1lis sz\u00ednt adjon rendezv\u00e9ny\u00e9nek.<\/p>","protected":false},"featured_media":867,"template":"","meta":{"_kad_post_transparent":"default","_kad_post_title":"hide","_kad_post_layout":"fullwidth","_kad_post_sidebar_id":"","_kad_post_content_style":"unboxed","_kad_post_vertical_padding":"hide","_kad_post_feature":"hide","_kad_post_feature_position":"","_kad_post_header":false,"_kad_post_footer":false},"product_cat":[80,82],"product_tag":[246,244,245],"class_list":{"0":"post-866","1":"product","2":"type-product","3":"status-publish","4":"has-post-thumbnail","6":"product_cat-custom-tablecloth","7":"product_cat-custom-table-runner","8":"product_tag-advertising-table-runner","9":"product_tag-custom-table-runner","10":"product_tag-promotional-table-runner","12":"first","13":"instock","14":"shipping-taxable","15":"product-type-simple","16":"entry","17":"content-bg","18":"loop-entry"},"_links":{"self":[{"href":"https:\/\/cmykprinted.com\/hu\/wp-json\/wp\/v2\/product\/866","targetHints":{"allow":["GET"]}}],"collection":[{"href":"https:\/\/cmykprinted.com\/hu\/wp-json\/wp\/v2\/product"}],"about":[{"href":"https:\/\/cmykprinted.com\/hu\/wp-json\/wp\/v2\/types\/product"}],"version-history":[{"count":2,"href":"https:\/\/cmykprinted.com\/hu\/wp-json\/wp\/v2\/product\/866\/revisions"}],"predecessor-version":[{"id":874,"href":"https:\/\/cmykprinted.com\/hu\/wp-json\/wp\/v2\/product\/866\/revisions\/874"}],"wp:featuredmedia":[{"embeddable":true,"href":"https:\/\/cmykprinted.com\/hu\/wp-json\/wp\/v2\/media\/867"}],"wp:attachment":[{"href":"https:\/\/cmykprinted.com\/hu\/wp-json\/wp\/v2\/media?parent=866"}],"wp:term":[{"taxonomy":"product_cat","embeddable":true,"href":"https:\/\/cmykprinted.com\/hu\/wp-json\/wp\/v2\/product_cat?post=866"},{"taxonomy":"product_tag","embeddable":true,"href":"https:\/\/cmykprinted.com\/hu\/wp-json\/wp\/v2\/product_tag?post=866"}],"curies":[{"name":"wp","href":"https:\/\/api.w.org\/{rel}","templated":true}]}}