{"id":875,"date":"2023-01-01T08:42:13","date_gmt":"2023-01-01T08:42:13","guid":{"rendered":"https:\/\/cmykprinted.com\/?post_type=product&#038;p=875"},"modified":"2023-01-01T08:53:01","modified_gmt":"2023-01-01T08:53:01","slug":"wholesale-personalized-advertising-matte-pvc-vinyl-banner","status":"publish","type":"product","link":"https:\/\/cmykprinted.com\/hu\/termek\/wholesale-personalized-advertising-matte-pvc-vinyl-banner\/","title":{"rendered":"Nagykereskedelmi, szem\u00e9lyre szabott rekl\u00e1m matt PVC vinil szalaghirdet\u00e9s"},"content":{"rendered":"","protected":false},"excerpt":{"rendered":"<p>Ha tart\u00f3s \u00e9s tart\u00f3s hirdet\u00e9si megold\u00e1sra van sz\u00fcks\u00e9ge v\u00e1llalkoz\u00e1sa sz\u00e1m\u00e1ra, akkor matt PVC vinil bannereink t\u00f6k\u00e9letes v\u00e1laszt\u00e1st jelenthetnek. A massz\u00edv PVC flex anyagb\u00f3l k\u00e9sz\u00fclt transzparensek kiv\u00e1l\u00f3 rugalmass\u00e1got \u00e9s tart\u00f3ss\u00e1got biztos\u00edtanak a durva k\u00fcls\u0151 elemekkel szemben, \u00edgy k\u00fclt\u00e9ri haszn\u00e1latra is alkalmasak.<br \/>\nAk\u00e1r egy esem\u00e9nyt rekl\u00e1moz, bemutatja term\u00e9keit vagy szolg\u00e1ltat\u00e1sait, ak\u00e1r egyszer\u0171en csak fontos inform\u00e1ci\u00f3kat oszt meg k\u00f6z\u00f6ns\u00e9g\u00e9vel, egyedi matt szalaghirdet\u00e9seink hat\u00e9kony \u00e9s k\u00f6lts\u00e9ghat\u00e9kony v\u00e1laszt\u00e1st jelentenek. Tart\u00f3s term\u00e9szet\u00fck lehet\u0151v\u00e9 teszi, hogy ellen\u00e1lljanak az elemeknek, \u00e9s hossz\u00fa t\u00e1v\u00fa szolg\u00e1ltat\u00e1st ny\u00fajtsanak, \u00edgy sz\u00fcks\u00e9g eset\u00e9n \u00fajra felhaszn\u00e1lhatja \u0151ket.<br \/>\nA matt PVC vinil bannerek haszn\u00e1lat\u00e1nak egyik el\u0151nye, hogy seg\u00edthetnek cs\u00f6kkenteni a l\u00e9tes\u00edtm\u00e9ny \u00e1ltal\u00e1nos hirdet\u00e9si k\u00f6lts\u00e9geit. Mivel nagyon tart\u00f3sak \u00e9s hossz\u00fa \u00e9lettartam\u00faak, nem kell agg\u00f3dnia a gyakori v\u00e1s\u00e1rl\u00e1sok vagy cser\u00e9k miatt. Ezzel hossz\u00fa t\u00e1von id\u0151t \u00e9s p\u00e9nzt takar\u00edthat meg, ugyanakkor biztos\u00edtja, hogy szalaghirdet\u00e9sei kiv\u00e1l\u00f3 \u00e1llapotban maradjanak, \u00e9s tov\u00e1bbra is hat\u00e9konyan rekl\u00e1mozz\u00e1k v\u00e1llalkoz\u00e1s\u00e1t.<br \/>\n\u00d6sszefoglalva, matt PVC vinil bannereink megb\u00edzhat\u00f3 \u00e9s k\u00f6lts\u00e9ghat\u00e9kony v\u00e1laszt\u00e1st jelentenek v\u00e1llalkoz\u00e1sa k\u00fclt\u00e9ri rekl\u00e1moz\u00e1s\u00e1ra. Massz\u00edv anyaguk \u00e9s strapab\u00edr\u00f3 fel\u00e9p\u00edt\u00e9s\u00fck alkalmass\u00e1 teszi \u0151ket a hossz\u00fa t\u00e1v\u00fa haszn\u00e1latra, \u00edgy p\u00e9nzt takar\u00edthat meg, \u00e9s el\u00e9rheti hirdet\u00e9si c\u00e9ljait.<\/p>\n<div style=\"width: 1280px;\" class=\"wp-video\"><!--[if lt IE 9]><script>document.createElement('video');<\/script><![endif]--><br \/>\n<video class=\"wp-video-shortcode\" id=\"video-875-1\" width=\"1280\" height=\"720\" loop autoplay preload=\"metadata\" controls=\"controls\"><source type=\"video\/mp4\" src=\"http:\/\/cmykprinted.com\/wp-content\/uploads\/2022\/12\/PVC-Mesh-Banner.mp4?_=1\" \/><a href=\"http:\/\/cmykprinted.com\/wp-content\/uploads\/2022\/12\/PVC-Mesh-Banner.mp4\">http:\/\/cmykprinted.com\/wp-content\/uploads\/2022\/12\/PVC-Mesh-Banner.mp4<\/a><\/video><\/div>","protected":false},"featured_media":876,"template":"","meta":{"_kad_post_transparent":"default","_kad_post_title":"hide","_kad_post_layout":"fullwidth","_kad_post_sidebar_id":"","_kad_post_content_style":"unboxed","_kad_post_vertical_padding":"hide","_kad_post_feature":"hide","_kad_post_feature_position":"","_kad_post_header":false,"_kad_post_footer":false},"product_cat":[85,90,91,89,88],"product_tag":[189,191,188,190,187],"class_list":{"0":"post-875","1":"product","2":"type-product","3":"status-publish","4":"has-post-thumbnail","6":"product_cat-outdoor-vinyl-banners","7":"product_cat-glossy-pvc-banners","8":"product_cat-matte-vinyl-banners","9":"product_cat-pvc-banners","10":"product_cat-pvc-mesh-banners","11":"product_tag-advertising-mesh-banner","12":"product_tag-all-weather-mesh-banner","13":"product_tag-mesh-banner-printing","14":"product_tag-outdoor-mesh-banner","15":"product_tag-pvc-mesh-banner","17":"first","18":"instock","19":"shipping-taxable","20":"product-type-simple","21":"entry","22":"content-bg","23":"loop-entry"},"_links":{"self":[{"href":"https:\/\/cmykprinted.com\/hu\/wp-json\/wp\/v2\/product\/875","targetHints":{"allow":["GET"]}}],"collection":[{"href":"https:\/\/cmykprinted.com\/hu\/wp-json\/wp\/v2\/product"}],"about":[{"href":"https:\/\/cmykprinted.com\/hu\/wp-json\/wp\/v2\/types\/product"}],"version-history":[{"count":2,"href":"https:\/\/cmykprinted.com\/hu\/wp-json\/wp\/v2\/product\/875\/revisions"}],"predecessor-version":[{"id":883,"href":"https:\/\/cmykprinted.com\/hu\/wp-json\/wp\/v2\/product\/875\/revisions\/883"}],"wp:featuredmedia":[{"embeddable":true,"href":"https:\/\/cmykprinted.com\/hu\/wp-json\/wp\/v2\/media\/876"}],"wp:attachment":[{"href":"https:\/\/cmykprinted.com\/hu\/wp-json\/wp\/v2\/media?parent=875"}],"wp:term":[{"taxonomy":"product_cat","embeddable":true,"href":"https:\/\/cmykprinted.com\/hu\/wp-json\/wp\/v2\/product_cat?post=875"},{"taxonomy":"product_tag","embeddable":true,"href":"https:\/\/cmykprinted.com\/hu\/wp-json\/wp\/v2\/product_tag?post=875"}],"curies":[{"name":"wp","href":"https:\/\/api.w.org\/{rel}","templated":true}]}}