{"id":904,"date":"2023-01-11T13:28:48","date_gmt":"2023-01-11T13:28:48","guid":{"rendered":"https:\/\/cmykprinted.com\/?post_type=product&#038;p=904"},"modified":"2023-01-12T06:44:08","modified_gmt":"2023-01-12T06:44:08","slug":"uv-3d-dtf-vinyl-adhesive-transfer-stickers-labels-printing","status":"publish","type":"product","link":"https:\/\/cmykprinted.com\/hu\/termek\/uv-3d-dtf-vinyl-adhesive-transfer-stickers-labels-printing\/","title":{"rendered":"UV 3D DTF vinil \u00f6ntapad\u00f3 matric\u00e1k c\u00edmk\u00e9k nyomtat\u00e1sa"},"content":{"rendered":"","protected":false},"excerpt":{"rendered":"<p>Bemutatjuk \u00faj egyedi UV matric\u00e1nkat egyedi 3D sztere\u00f3 effektussal. A matric\u00e1khoz saj\u00e1t mint\u00e1t, log\u00f3t vagy sz\u00f6veget tervezhet. Az UV transzfer paszt\u00e1b\u00f3l k\u00e9sz\u00fclt matric\u00e1k er\u0151sen tapad\u00f3sak, v\u00edz\u00e1ll\u00f3ak \u00e9s ellen\u00e1llnak a karcol\u00e1soknak. Fontos azonban megjegyezni, hogy a forr\u00f3 v\u00edz vagy a f\u0171t\u00e9s befoly\u00e1solhatja a paszta ragad\u00f3ss\u00e1g\u00e1t. Ezeket a matric\u00e1kat k\u00fcl\u00f6nf\u00e9le sima fel\u00fcletekre lehet felvinni, bele\u00e9rtve a f\u00e9met, m\u0171anyagot, \u00fcveget, festett fel\u00fcleteket, k\u00f6nyveket, kartont, f\u00e1t \u00e9s m\u00e9g aut\u00f3kat is (csak gy\u0151z\u0151dj\u00f6n meg r\u00f3la, hogy a fel\u00fclet tiszta a felhord\u00e1s el\u0151tt). A matric\u00e1k nyomtat\u00e1si m\u00e9rete A3 (11X16 h\u00fcvelyk), a kapott matric\u00e1k mennyis\u00e9ge a v\u00e1lasztott m\u00e9rett\u0151l f\u00fcgg. Ha t\u00f6bb mennyis\u00e9gre van sz\u00fcks\u00e9ge, k\u00e9rj\u00fck, el\u0151re jelezze. Ezenk\u00edv\u00fcl a legjobb eredm\u00e9ny \u00e9rdek\u00e9ben t\u00f6lts\u00f6n fel j\u00f3 min\u0151s\u00e9g\u0171, nagy felbont\u00e1s\u00fa, tiszta, nagyobb, makr\u00f3 m\u00f3d\u00fa \u00e9s \u00e9les k\u00e9peket. Min\u00e9l jobb a f\u00e9nyk\u00e9p min\u0151s\u00e9ge, ann\u00e1l jobb lesz a v\u00e9gs\u0151 hat\u00e1s.<\/p>\n<div style=\"width: 1280px;\" class=\"wp-video\"><!--[if lt IE 9]><script>document.createElement('video');<\/script><![endif]--><br \/>\n<video class=\"wp-video-shortcode\" id=\"video-904-1\" width=\"1280\" height=\"720\" loop autoplay preload=\"auto\" controls=\"controls\"><source type=\"video\/mp4\" src=\"http:\/\/cmykprinted.com\/wp-content\/uploads\/2022\/12\/UV-transfer-stickers.mp4?_=1\" \/><a href=\"http:\/\/cmykprinted.com\/wp-content\/uploads\/2022\/12\/UV-transfer-stickers.mp4\">http:\/\/cmykprinted.com\/wp-content\/uploads\/2022\/12\/UV-transfer-stickers.mp4<\/a><\/video><\/div>","protected":false},"featured_media":905,"template":"","meta":{"_kad_post_transparent":"default","_kad_post_title":"hide","_kad_post_layout":"fullwidth","_kad_post_sidebar_id":"","_kad_post_content_style":"unboxed","_kad_post_vertical_padding":"hide","_kad_post_feature":"hide","_kad_post_feature_position":"","_kad_post_header":false,"_kad_post_footer":false},"product_cat":[101,103],"product_tag":[202,252,251,250],"class_list":{"0":"post-904","1":"product","2":"type-product","3":"status-publish","4":"has-post-thumbnail","6":"product_cat-transfer-stickers","7":"product_cat-uv-transfer-stickers","8":"product_tag-adhesive-transfer-stickers","9":"product_tag-dtf-transfer-stickers","10":"product_tag-uv-3d-stickers","11":"product_tag-vinyl-transfer-stickers","13":"first","14":"instock","15":"shipping-taxable","16":"product-type-simple","17":"entry","18":"content-bg","19":"loop-entry"},"_links":{"self":[{"href":"https:\/\/cmykprinted.com\/hu\/wp-json\/wp\/v2\/product\/904","targetHints":{"allow":["GET"]}}],"collection":[{"href":"https:\/\/cmykprinted.com\/hu\/wp-json\/wp\/v2\/product"}],"about":[{"href":"https:\/\/cmykprinted.com\/hu\/wp-json\/wp\/v2\/types\/product"}],"version-history":[{"count":3,"href":"https:\/\/cmykprinted.com\/hu\/wp-json\/wp\/v2\/product\/904\/revisions"}],"predecessor-version":[{"id":912,"href":"https:\/\/cmykprinted.com\/hu\/wp-json\/wp\/v2\/product\/904\/revisions\/912"}],"wp:featuredmedia":[{"embeddable":true,"href":"https:\/\/cmykprinted.com\/hu\/wp-json\/wp\/v2\/media\/905"}],"wp:attachment":[{"href":"https:\/\/cmykprinted.com\/hu\/wp-json\/wp\/v2\/media?parent=904"}],"wp:term":[{"taxonomy":"product_cat","embeddable":true,"href":"https:\/\/cmykprinted.com\/hu\/wp-json\/wp\/v2\/product_cat?post=904"},{"taxonomy":"product_tag","embeddable":true,"href":"https:\/\/cmykprinted.com\/hu\/wp-json\/wp\/v2\/product_tag?post=904"}],"curies":[{"name":"wp","href":"https:\/\/api.w.org\/{rel}","templated":true}]}}