{"id":913,"date":"2023-01-13T12:49:09","date_gmt":"2023-01-13T12:49:09","guid":{"rendered":"https:\/\/cmykprinted.com\/?post_type=product&#038;p=913"},"modified":"2023-01-13T12:59:43","modified_gmt":"2023-01-13T12:59:43","slug":"custom-personalized-teardrop-shaped-advertising-flags","status":"publish","type":"product","link":"https:\/\/cmykprinted.com\/hu\/termek\/custom-personalized-teardrop-shaped-advertising-flags\/","title":{"rendered":"Egyedi, szem\u00e9lyre szabott k\u00f6nnycsepp alak\u00fa rekl\u00e1mz\u00e1szl\u00f3k"},"content":{"rendered":"","protected":false},"excerpt":{"rendered":"<p>A k\u00f6nnycsepp alak\u00fa rekl\u00e1mz\u00e1szl\u00f3k, m\u00e1s n\u00e9ven tollas transzparensek, kiv\u00e1l\u00f3 m\u00f3dja annak, hogy n\u00e9pszer\u0171s\u00edtse v\u00e1llalkoz\u00e1s\u00e1t \u00e9s felkeltse a potenci\u00e1lis \u00fcgyfelek figyelm\u00e9t. A k\u00fcl\u00f6nf\u00e9le lehet\u0151s\u00e9geknek k\u00f6sz\u00f6nhet\u0151en z\u00e1szl\u00f3ink belt\u00e9ren \u00e9s k\u00fclt\u00e9ren is haszn\u00e1lhat\u00f3k, \u00edgy sokoldal\u00fa v\u00e1laszt\u00e1s b\u00e1rmely v\u00e1llalkoz\u00e1s sz\u00e1m\u00e1ra.<br \/>\nZ\u00e1szl\u00f3ink t\u00f6bbf\u00e9le alapv\u00e1ltozattal rendelkeznek, bele\u00e9rtve a f\u00f6ldelt t\u00fcsk\u00e9ket \u00e9s a kereszttart\u00f3kat is, \u00edgy biztos\u00edtva, hogy b\u00e1rhol elhelyezhet\u0151k legyenek. Egy- \u00e9s k\u00e9toldalas nyomtat\u00e1si lehet\u0151s\u00e9get is k\u00edn\u00e1lunk, \u00edgy hirdet\u00e9se minden sz\u00f6gb\u0151l l\u00e1that\u00f3.<br \/>\nZ\u00e1szl\u00f3ink tart\u00f3s 3,24 oz-b\u00f3l k\u00e9sz\u00fclnek. poli\u00e9szter sz\u00f6vet \u00e9s UV-\u00e1ll\u00f3 tint\u00e1val vannak nyomtatva, hogy ellen\u00e1lljanak az elemeknek, \u00e9s hossz\u00fa ideig tarts\u00e1k. A z\u00e1szl\u00f3k k\u00f6nny\u0171ek \u00e9s k\u00f6nnyen sz\u00e1ll\u00edthat\u00f3k, \u00edgy rendezv\u00e9nyeken \u00e9s ki\u00e1ll\u00edt\u00e1sokon is t\u00f6k\u00e9letesek.<br \/>\nAmikor megv\u00e1s\u00e1rolja valamelyik r\u00fadk\u00e9szlet\u00fcnket, egy utaz\u00e1si hordt\u00e1sk\u00e1t is kap, amely megk\u00f6nny\u00edti a z\u00e1szl\u00f3 k\u00fcl\u00f6nb\u00f6z\u0151 helyekre sz\u00e1ll\u00edt\u00e1s\u00e1t. Kiv\u00e1l\u00f3 min\u0151s\u00e9g\u0171 z\u00e1szl\u00f3inkkal \u00e9s k\u00e9nyelmes utaz\u00e1si lehet\u0151s\u00e9geinkkel biztos lehet benne, hogy \u00fczlet\u00e9t b\u00e1rhol is l\u00e1tj\u00e1k.<\/p>\n<div style=\"width: 1280px;\" class=\"wp-video\"><!--[if lt IE 9]><script>document.createElement('video');<\/script><![endif]--><br \/>\n<video class=\"wp-video-shortcode\" id=\"video-913-1\" width=\"1280\" height=\"720\" loop autoplay preload=\"metadata\" controls=\"controls\"><source type=\"video\/mp4\" src=\"http:\/\/cmykprinted.com\/wp-content\/uploads\/2022\/12\/Feather-beach-flags.mp4?_=1\" \/><a href=\"http:\/\/cmykprinted.com\/wp-content\/uploads\/2022\/12\/Feather-beach-flags.mp4\">http:\/\/cmykprinted.com\/wp-content\/uploads\/2022\/12\/Feather-beach-flags.mp4<\/a><\/video><\/div>","protected":false},"featured_media":914,"template":"","meta":{"_kad_post_transparent":"default","_kad_post_title":"hide","_kad_post_layout":"fullwidth","_kad_post_sidebar_id":"","_kad_post_content_style":"unboxed","_kad_post_vertical_padding":"hide","_kad_post_feature":"hide","_kad_post_feature_position":"","_kad_post_header":false,"_kad_post_footer":false},"product_cat":[64,67],"product_tag":[254,255,256,253],"class_list":{"0":"post-913","1":"product","2":"type-product","3":"status-publish","4":"has-post-thumbnail","6":"product_cat-beach-flags","7":"product_cat-teardrop-flags-banners","8":"product_tag-custom-teardrop-flags","9":"product_tag-personalized-teardrop-flags","10":"product_tag-teardrop-advertising-flags","11":"product_tag-teardrop-shaped-advertising-flags","13":"first","14":"instock","15":"shipping-taxable","16":"product-type-simple","17":"entry","18":"content-bg","19":"loop-entry"},"_links":{"self":[{"href":"https:\/\/cmykprinted.com\/hu\/wp-json\/wp\/v2\/product\/913","targetHints":{"allow":["GET"]}}],"collection":[{"href":"https:\/\/cmykprinted.com\/hu\/wp-json\/wp\/v2\/product"}],"about":[{"href":"https:\/\/cmykprinted.com\/hu\/wp-json\/wp\/v2\/types\/product"}],"version-history":[{"count":2,"href":"https:\/\/cmykprinted.com\/hu\/wp-json\/wp\/v2\/product\/913\/revisions"}],"predecessor-version":[{"id":920,"href":"https:\/\/cmykprinted.com\/hu\/wp-json\/wp\/v2\/product\/913\/revisions\/920"}],"wp:featuredmedia":[{"embeddable":true,"href":"https:\/\/cmykprinted.com\/hu\/wp-json\/wp\/v2\/media\/914"}],"wp:attachment":[{"href":"https:\/\/cmykprinted.com\/hu\/wp-json\/wp\/v2\/media?parent=913"}],"wp:term":[{"taxonomy":"product_cat","embeddable":true,"href":"https:\/\/cmykprinted.com\/hu\/wp-json\/wp\/v2\/product_cat?post=913"},{"taxonomy":"product_tag","embeddable":true,"href":"https:\/\/cmykprinted.com\/hu\/wp-json\/wp\/v2\/product_tag?post=913"}],"curies":[{"name":"wp","href":"https:\/\/api.w.org\/{rel}","templated":true}]}}