{"id":930,"date":"2023-01-15T04:21:00","date_gmt":"2023-01-15T04:21:00","guid":{"rendered":"https:\/\/cmykprinted.com\/?post_type=product&#038;p=930"},"modified":"2023-01-15T05:50:05","modified_gmt":"2023-01-15T05:50:05","slug":"cheapest-personalized-custom-printed-handheld-stick-flag","status":"publish","type":"product","link":"https:\/\/cmykprinted.com\/hu\/termek\/cheapest-personalized-custom-printed-handheld-stick-flag\/","title":{"rendered":"A legolcs\u00f3bb, szem\u00e9lyre szabott, egyedi nyomtatott k\u00e9zi botz\u00e1szl\u00f3"},"content":{"rendered":"","protected":false},"excerpt":{"rendered":"<p>A k\u00e9zi botz\u00e1szl\u00f3 k\u00f6lts\u00e9ghat\u00e9kony \u00e9s tetszet\u0151s m\u00f3dja az esem\u00e9nyek vagy prom\u00f3ci\u00f3k bemutat\u00e1s\u00e1nak. Az\u00e1ltal, hogy a szok\u00e1sos egyedi z\u00e1szl\u00f3inkhoz hasonl\u00f3an testreszabhatjuk \u0151ket, de kisebb m\u00e9ret\u00fckkel, amelyek k\u00f6nnyen tarthat\u00f3k, t\u00f6k\u00e9letes kieg\u00e9sz\u00edt\u0151i b\u00e1rmely szakki\u00e1ll\u00edt\u00e1snak, sportm\u00e9rk\u0151z\u00e9snek, felvonul\u00e1snak, konferenci\u00e1nak vagy esem\u00e9nynek. Ezek a z\u00e1szl\u00f3k tart\u00f3s poli\u00e9szter anyagb\u00f3l k\u00e9sz\u00fclnek, \u00e9s fest\u00e9kszublim\u00e1ci\u00f3val vannak nyomtatva, ami biztos\u00edtja, hogy a sz\u00ednek \u00e9l\u00e9nkek \u00e9s er\u0151sek legyenek. A z\u00e1szl\u00f3k m\u0171anyag vagy fa tiplivel k\u00e9sz\u00fclnek, \u00e9s mindegyik z\u00e1szl\u00f3t z\u00e1szl\u00f3h\u00fcvelyen kereszt\u00fcl r\u00f6gz\u00edtik a p\u00e1lc\u00e1hoz, amely biztos\u00edtja a z\u00e1szl\u00f3 biztons\u00e1gos r\u00f6gz\u00edt\u00e9s\u00e9t. Ak\u00e1r egy v\u00e1llalkoz\u00e1st, egy \u00fcgyet vagy egy k\u00fcl\u00f6nleges esem\u00e9nyt n\u00e9pszer\u0171s\u00edt, ezek a z\u00e1szl\u00f3k nagyszer\u0171 m\u00f3dja annak, hogy \u00fczenet\u00e9t eljuttassa.<\/p>","protected":false},"featured_media":931,"template":"","meta":{"_kad_post_transparent":"default","_kad_post_title":"hide","_kad_post_layout":"fullwidth","_kad_post_sidebar_id":"","_kad_post_content_style":"unboxed","_kad_post_vertical_padding":"hide","_kad_post_feature":"hide","_kad_post_feature_position":"","_kad_post_header":false,"_kad_post_footer":false},"product_cat":[79],"product_tag":[263,262,154,261],"class_list":{"0":"post-930","1":"product","2":"type-product","3":"status-publish","4":"has-post-thumbnail","6":"product_cat-custom-flags","7":"product_tag-cheapest-stick-flag","8":"product_tag-custom-stick-flag","9":"product_tag-handheld-stick-flag","10":"product_tag-personalized-stick-flag","12":"first","13":"instock","14":"shipping-taxable","15":"product-type-simple","16":"entry","17":"content-bg","18":"loop-entry"},"_links":{"self":[{"href":"https:\/\/cmykprinted.com\/hu\/wp-json\/wp\/v2\/product\/930","targetHints":{"allow":["GET"]}}],"collection":[{"href":"https:\/\/cmykprinted.com\/hu\/wp-json\/wp\/v2\/product"}],"about":[{"href":"https:\/\/cmykprinted.com\/hu\/wp-json\/wp\/v2\/types\/product"}],"version-history":[{"count":2,"href":"https:\/\/cmykprinted.com\/hu\/wp-json\/wp\/v2\/product\/930\/revisions"}],"predecessor-version":[{"id":937,"href":"https:\/\/cmykprinted.com\/hu\/wp-json\/wp\/v2\/product\/930\/revisions\/937"}],"wp:featuredmedia":[{"embeddable":true,"href":"https:\/\/cmykprinted.com\/hu\/wp-json\/wp\/v2\/media\/931"}],"wp:attachment":[{"href":"https:\/\/cmykprinted.com\/hu\/wp-json\/wp\/v2\/media?parent=930"}],"wp:term":[{"taxonomy":"product_cat","embeddable":true,"href":"https:\/\/cmykprinted.com\/hu\/wp-json\/wp\/v2\/product_cat?post=930"},{"taxonomy":"product_tag","embeddable":true,"href":"https:\/\/cmykprinted.com\/hu\/wp-json\/wp\/v2\/product_tag?post=930"}],"curies":[{"name":"wp","href":"https:\/\/api.w.org\/{rel}","templated":true}]}}