{"id":938,"date":"2023-01-15T14:03:34","date_gmt":"2023-01-15T14:03:34","guid":{"rendered":"https:\/\/cmykprinted.com\/?post_type=product&#038;p=938"},"modified":"2023-01-15T14:14:31","modified_gmt":"2023-01-15T14:14:31","slug":"trade-show-fitted-custom-stretch-table-cover-tablecloth","status":"publish","type":"product","link":"https:\/\/cmykprinted.com\/hu\/termek\/trade-show-fitted-custom-stretch-table-cover-tablecloth\/","title":{"rendered":"Ki\u00e1ll\u00edt\u00e1shoz illeszked\u0151, egyedi rugalmas asztaltakar\u00f3 ter\u00edt\u0151"},"content":{"rendered":"","protected":false},"excerpt":{"rendered":"<p>Egy \u00fczleti rendezv\u00e9ny lebonyol\u00edt\u00e1sa kih\u00edv\u00e1st jelenthet, mivel szeretne j\u00f3 benyom\u00e1st kelteni az \u00faj \u00e9s a megl\u00e9v\u0151 \u00fcgyfelekben. Stretch asztaltakar\u00f3ink kiv\u00e1l\u00f3 megold\u00e1st jelentenek az \u00e1llv\u00e1ny d\u00edsz\u00edt\u00e9s\u00e9re \u00e9s v\u00e1llalkoz\u00e1sa n\u00e9pszer\u0171s\u00edt\u00e9s\u00e9re. St\u00edlusos spandex huzataink p\u00e9nzt\u00e1rcabar\u00e1tok, \u00e9s felhaszn\u00e1lhat\u00f3k asztalai megjelen\u00e9s\u00e9nek jav\u00edt\u00e1s\u00e1ra. A strapab\u00edr\u00f3 180GSM sztreccs anyagb\u00f3l k\u00e9sz\u00fclt huzataink szakad\u00e1s\u00e1ll\u00f3ak, \u00e9s t\u00f6bbsz\u00f6r is felhaszn\u00e1lhat\u00f3k. Sz\u00ednes, 1440 DPI-s nyomtat\u00e1si technol\u00f3gi\u00e1nkkal a bor\u00edt\u00f3k grafik\u00e1i \u00e9l\u00e9nkek \u00e9s \u00e9lesek, \u00edgy biztosan felkeltik a r\u00e9sztvev\u0151k figyelm\u00e9t. Huzataink k\u00e9tf\u00e9le v\u00e1ltozatban kaphat\u00f3k: cipz\u00e1ras h\u00e1t\u00fa \u00e9s 3 oldalas, mindkett\u0151 k\u00f6nnyen felszerelhet\u0151 \u00e9s biztons\u00e1gosan a hely\u00e9n marad. A spandex sztreccs asztalter\u00edt\u0151k sokoldal\u00faak \u00e9s p\u00e9nzt\u00e1rcabar\u00e1tok, \u00edgy t\u00f6k\u00e9letesek b\u00e1rmilyen rendezv\u00e9nyre, p\u00e9ld\u00e1ul \u00fcnnepi partikra, ki\u00e1ll\u00edt\u00e1sokra stb.<\/p>","protected":false},"featured_media":939,"template":"","meta":{"_kad_post_transparent":"default","_kad_post_title":"hide","_kad_post_layout":"fullwidth","_kad_post_sidebar_id":"","_kad_post_content_style":"unboxed","_kad_post_vertical_padding":"hide","_kad_post_feature":"hide","_kad_post_feature_position":"","_kad_post_header":false,"_kad_post_footer":false},"product_cat":[80,81],"product_tag":[117,265,264,266],"class_list":{"0":"post-938","1":"product","2":"type-product","3":"status-publish","4":"has-post-thumbnail","6":"product_cat-custom-tablecloth","7":"product_cat-custom-stretch-tablecloth","8":"product_tag-custom-stretch-tablecloth","9":"product_tag-fitted-tablecloth","10":"product_tag-stretch-table-cover","11":"product_tag-trade-show-table-cover","13":"first","14":"instock","15":"shipping-taxable","16":"product-type-simple","17":"entry","18":"content-bg","19":"loop-entry"},"_links":{"self":[{"href":"https:\/\/cmykprinted.com\/hu\/wp-json\/wp\/v2\/product\/938","targetHints":{"allow":["GET"]}}],"collection":[{"href":"https:\/\/cmykprinted.com\/hu\/wp-json\/wp\/v2\/product"}],"about":[{"href":"https:\/\/cmykprinted.com\/hu\/wp-json\/wp\/v2\/types\/product"}],"version-history":[{"count":3,"href":"https:\/\/cmykprinted.com\/hu\/wp-json\/wp\/v2\/product\/938\/revisions"}],"predecessor-version":[{"id":947,"href":"https:\/\/cmykprinted.com\/hu\/wp-json\/wp\/v2\/product\/938\/revisions\/947"}],"wp:featuredmedia":[{"embeddable":true,"href":"https:\/\/cmykprinted.com\/hu\/wp-json\/wp\/v2\/media\/939"}],"wp:attachment":[{"href":"https:\/\/cmykprinted.com\/hu\/wp-json\/wp\/v2\/media?parent=938"}],"wp:term":[{"taxonomy":"product_cat","embeddable":true,"href":"https:\/\/cmykprinted.com\/hu\/wp-json\/wp\/v2\/product_cat?post=938"},{"taxonomy":"product_tag","embeddable":true,"href":"https:\/\/cmykprinted.com\/hu\/wp-json\/wp\/v2\/product_tag?post=938"}],"curies":[{"name":"wp","href":"https:\/\/api.w.org\/{rel}","templated":true}]}}