{"id":956,"date":"2023-02-08T03:23:59","date_gmt":"2023-02-08T03:23:59","guid":{"rendered":"https:\/\/cmykprinted.com\/?post_type=product&#038;p=956"},"modified":"2023-02-08T03:36:40","modified_gmt":"2023-02-08T03:36:40","slug":"double-side-printed-folding-horizontal-pop-up-banner-stand","status":"publish","type":"product","link":"https:\/\/cmykprinted.com\/hu\/termek\/double-side-printed-folding-horizontal-pop-up-banner-stand\/","title":{"rendered":"K\u00e9toldalas nyomtatott \u00f6sszecsukhat\u00f3 v\u00edzszintes felugr\u00f3 szalaghirdet\u00e9s \u00e1llv\u00e1ny"},"content":{"rendered":"","protected":false},"excerpt":{"rendered":"<p>A Horizontal Pop Up Banner Stand sokoldal\u00fa \u00e9s k\u00e9nyelmes megold\u00e1s belt\u00e9ri \u00e9s k\u00fclt\u00e9ri rendezv\u00e9nyekhez egyar\u00e1nt. K\u00f6nny\u0171 \u00e9s hordozhat\u00f3, ezek az A-keretes szalaghirdet\u00e9sek azonnali l\u00e1that\u00f3s\u00e1got biztos\u00edtanak, \u00e9s pillanatok alatt fel\u00e1ll\u00edthat\u00f3k. Ide\u00e1lisak sportesem\u00e9nyekhez, kereskedelmi bemutat\u00f3khoz, prom\u00f3ci\u00f3khoz \u00e9s ir\u00e1nyjelz\u0151 t\u00e1bl\u00e1khoz. A t\u00e1rol\u00f3t\u00e1sk\u00e1v\u00e1 \u00f6sszecsukhat\u00f3, \u00f6sszecsukhat\u00f3 f\u00e9mkerettel biztons\u00e1gosan haszn\u00e1lhat\u00f3k sportp\u00e1ly\u00e1kon \u00e9s k\u00f6nnyen sz\u00e1ll\u00edthat\u00f3k. A transzparensek k\u00fcl\u00f6nf\u00e9le form\u00e1ban \u00e9s m\u00e9retben \u00e1llnak rendelkez\u00e9sre, bele\u00e9rtve a v\u00edzszintes, f\u00fcgg\u0151leges, k\u00f6r \u00e9s h\u00e1romsz\u00f6get, \u00e9s k\u00e9toldalasak a maxim\u00e1lis expoz\u00edci\u00f3 \u00e9rdek\u00e9ben. Mindk\u00e9t oldalon k\u00fcl\u00f6nb\u00f6z\u0151 k\u00e9pek jelen\u00edthet\u0151k meg, vagy ugyanaz a k\u00e9p haszn\u00e1lhat\u00f3. A transzparensek k\u00f6sz\u00f6r\u00fclt kar\u00f3kkal vannak felszerelve puha fel\u00fcletekre, vagy kem\u00e9ny fel\u00fcletekre nehezedhetnek.<\/p>\n<div style=\"width: 1290px;\" class=\"wp-video\"><!--[if lt IE 9]><script>document.createElement('video');<\/script><![endif]--><br \/>\n<video class=\"wp-video-shortcode\" id=\"video-956-1\" width=\"1290\" height=\"726\" loop autoplay preload=\"auto\" controls=\"controls\"><source type=\"video\/mp4\" src=\"http:\/\/cmykprinted.com\/wp-content\/uploads\/2022\/12\/horizontal-pop-up-banners.mp4?_=1\" \/><a href=\"http:\/\/cmykprinted.com\/wp-content\/uploads\/2022\/12\/horizontal-pop-up-banners.mp4\">http:\/\/cmykprinted.com\/wp-content\/uploads\/2022\/12\/horizontal-pop-up-banners.mp4<\/a><\/video><\/div>\n<p>&nbsp;<\/p>","protected":false},"featured_media":957,"template":"","meta":{"_kad_post_transparent":"default","_kad_post_title":"hide","_kad_post_layout":"fullwidth","_kad_post_sidebar_id":"","_kad_post_content_style":"unboxed","_kad_post_vertical_padding":"hide","_kad_post_feature":"hide","_kad_post_feature_position":"","_kad_post_header":false,"_kad_post_footer":false},"product_cat":[92,94],"product_tag":[272,271,270,273],"class_list":{"0":"post-956","1":"product","2":"type-product","3":"status-publish","4":"has-post-thumbnail","6":"product_cat-pop-up-banners","7":"product_cat-horizontal-pop-up-banners","8":"product_tag-folding-horizontal-pop-up-banner","9":"product_tag-horizontal-pop-up-banner","10":"product_tag-horizontal-pop-up-banner-stand","11":"product_tag-printed-horizontal-pop-up-banner","13":"first","14":"instock","15":"shipping-taxable","16":"product-type-simple","17":"entry","18":"content-bg","19":"loop-entry"},"_links":{"self":[{"href":"https:\/\/cmykprinted.com\/hu\/wp-json\/wp\/v2\/product\/956","targetHints":{"allow":["GET"]}}],"collection":[{"href":"https:\/\/cmykprinted.com\/hu\/wp-json\/wp\/v2\/product"}],"about":[{"href":"https:\/\/cmykprinted.com\/hu\/wp-json\/wp\/v2\/types\/product"}],"version-history":[{"count":2,"href":"https:\/\/cmykprinted.com\/hu\/wp-json\/wp\/v2\/product\/956\/revisions"}],"predecessor-version":[{"id":964,"href":"https:\/\/cmykprinted.com\/hu\/wp-json\/wp\/v2\/product\/956\/revisions\/964"}],"wp:featuredmedia":[{"embeddable":true,"href":"https:\/\/cmykprinted.com\/hu\/wp-json\/wp\/v2\/media\/957"}],"wp:attachment":[{"href":"https:\/\/cmykprinted.com\/hu\/wp-json\/wp\/v2\/media?parent=956"}],"wp:term":[{"taxonomy":"product_cat","embeddable":true,"href":"https:\/\/cmykprinted.com\/hu\/wp-json\/wp\/v2\/product_cat?post=956"},{"taxonomy":"product_tag","embeddable":true,"href":"https:\/\/cmykprinted.com\/hu\/wp-json\/wp\/v2\/product_tag?post=956"}],"curies":[{"name":"wp","href":"https:\/\/api.w.org\/{rel}","templated":true}]}}