{"id":965,"date":"2023-02-08T04:50:30","date_gmt":"2023-02-08T04:50:30","guid":{"rendered":"https:\/\/cmykprinted.com\/?post_type=product&#038;p=965"},"modified":"2023-02-08T05:02:02","modified_gmt":"2023-02-08T05:02:02","slug":"straight-tension-fabric-backdrop-media-wall-for-events","status":"publish","type":"product","link":"https:\/\/cmykprinted.com\/hu\/termek\/straight-tension-fabric-backdrop-media-wall-for-events\/","title":{"rendered":"Egyenes fesz\u00edt\u00e9s\u0171 sz\u00f6vet h\u00e1tt\u00e9r m\u00e9diafal rendezv\u00e9nyekre"},"content":{"rendered":"","protected":false},"excerpt":{"rendered":"<p>A legkeresettebb egyenes fesz\u00edtett sz\u00f6vet h\u00e1tter\u00fcnk sokoldal\u00fa, \u00e9s ide\u00e1lis k\u00fcl\u00f6nf\u00e9le alkalmaz\u00e1sokhoz, mint p\u00e9ld\u00e1ul st\u00fadi\u00f3h\u00e1tt\u00e9r, sz\u00ednpadi h\u00e1tt\u00e9r, fot\u00f3f\u00fclke, sajt\u00f3t\u00e1j\u00e9koztat\u00f3, d\u00edj\u00e1tad\u00f3 \u00fcnneps\u00e9g \u00e9s v\u00f6r\u00f6s sz\u0151nyeg. A k\u00e9tf\u00e9le kialak\u00edt\u00e1s lehet\u0151s\u00e9g\u00e9vel maxim\u00e1lis \u00e9rt\u00e9ket \u00e9s k\u00f6nny\u0171 sz\u00e1ll\u00edt\u00e1st biztos\u00edt. A tart\u00f3s, rugalmas 100%, g\u00e9pben moshat\u00f3 poli\u00e9szterb\u0151l k\u00e9sz\u00fclt, egyedi sz\u00f6vetnyomtat\u00e1si elj\u00e1r\u00e1sunk biztos\u00edtja, hogy a design \u00e9l\u00e9nk maradjon t\u00f6bbsz\u00f6ri mos\u00e1s ut\u00e1n \u00e9s b\u00e1rmilyen id\u0151j\u00e1r\u00e1s eset\u00e9n is. Nyomtat\u00e1sunk k\u00f6rnyezetbar\u00e1t old\u00f3szeres, teljesen term\u00e9szetes biol\u00f3giailag leboml\u00f3 old\u00f3szereket haszn\u00e1l a biztons\u00e1gosabb \u00e9s kev\u00e9sb\u00e9 durva folyamat \u00e9rdek\u00e9ben. A k\u00f6nny\u0171, de robusztus alum\u00ednium keret megt\u00e1masztja a sz\u00f6vetet, \u00e9s pattinthat\u00f3 r\u00f6gz\u00edt\u0151cs\u00f6vekkel rendelkezik a k\u00f6nny\u0171 felszerel\u00e9s \u00e9rdek\u00e9ben, szersz\u00e1m n\u00e9lk\u00fcl. Az \u00e1llv\u00e1ny a k\u00edv\u00e1nt m\u00e9retre \u00e1ll\u00edthat\u00f3, \u00e9s hordozhat\u00f3, gurul\u00f3s kem\u00e9ny tokkal \u00e9rkezik. A kisz\u00e1ll\u00edt\u00e1s ingyenes \u00e9s 4-5 munkanapot vesz ig\u00e9nybe.<\/p>\n<div style=\"width: 1290px;\" class=\"wp-video\"><!--[if lt IE 9]><script>document.createElement('video');<\/script><![endif]--><br \/>\n<video class=\"wp-video-shortcode\" id=\"video-965-1\" width=\"1290\" height=\"726\" loop autoplay preload=\"metadata\" controls=\"controls\"><source type=\"video\/mp4\" src=\"http:\/\/cmykprinted.com\/wp-content\/uploads\/2023\/02\/Straight-Tension-Fabric-Backdrop.mp4?_=1\" \/><a href=\"http:\/\/cmykprinted.com\/wp-content\/uploads\/2023\/02\/Straight-Tension-Fabric-Backdrop.mp4\">http:\/\/cmykprinted.com\/wp-content\/uploads\/2023\/02\/Straight-Tension-Fabric-Backdrop.mp4<\/a><\/video><\/div>","protected":false},"featured_media":966,"template":"","meta":{"_kad_post_transparent":"default","_kad_post_title":"hide","_kad_post_layout":"fullwidth","_kad_post_sidebar_id":"","_kad_post_content_style":"unboxed","_kad_post_vertical_padding":"hide","_kad_post_feature":"hide","_kad_post_feature_position":"","_kad_post_header":false,"_kad_post_footer":false},"product_cat":[97,100],"product_tag":[274,196,197,198],"class_list":{"0":"post-965","1":"product","2":"type-product","3":"status-publish","4":"has-post-thumbnail","6":"product_cat-tension-fabric-displays","7":"product_cat-straight-tension-fabric-backdrop","8":"product_tag-events-media-wall","9":"product_tag-straight-tension-fabric-backdrop","10":"product_tag-tension-fabric-backdrop","11":"product_tag-tension-fabric-media-wall","13":"first","14":"instock","15":"shipping-taxable","16":"product-type-simple","17":"entry","18":"content-bg","19":"loop-entry"},"_links":{"self":[{"href":"https:\/\/cmykprinted.com\/hu\/wp-json\/wp\/v2\/product\/965","targetHints":{"allow":["GET"]}}],"collection":[{"href":"https:\/\/cmykprinted.com\/hu\/wp-json\/wp\/v2\/product"}],"about":[{"href":"https:\/\/cmykprinted.com\/hu\/wp-json\/wp\/v2\/types\/product"}],"version-history":[{"count":2,"href":"https:\/\/cmykprinted.com\/hu\/wp-json\/wp\/v2\/product\/965\/revisions"}],"predecessor-version":[{"id":975,"href":"https:\/\/cmykprinted.com\/hu\/wp-json\/wp\/v2\/product\/965\/revisions\/975"}],"wp:featuredmedia":[{"embeddable":true,"href":"https:\/\/cmykprinted.com\/hu\/wp-json\/wp\/v2\/media\/966"}],"wp:attachment":[{"href":"https:\/\/cmykprinted.com\/hu\/wp-json\/wp\/v2\/media?parent=965"}],"wp:term":[{"taxonomy":"product_cat","embeddable":true,"href":"https:\/\/cmykprinted.com\/hu\/wp-json\/wp\/v2\/product_cat?post=965"},{"taxonomy":"product_tag","embeddable":true,"href":"https:\/\/cmykprinted.com\/hu\/wp-json\/wp\/v2\/product_tag?post=965"}],"curies":[{"name":"wp","href":"https:\/\/api.w.org\/{rel}","templated":true}]}}