{"id":976,"date":"2023-02-11T03:41:11","date_gmt":"2023-02-11T03:41:11","guid":{"rendered":"https:\/\/cmykprinted.com\/?post_type=product&#038;p=976"},"modified":"2023-02-11T03:46:13","modified_gmt":"2023-02-11T03:46:13","slug":"double-sided-feather-flags-with-free-design-at-cheap-price","status":"publish","type":"product","link":"https:\/\/cmykprinted.com\/hu\/termek\/double-sided-feather-flags-with-free-design-at-cheap-price\/","title":{"rendered":"K\u00e9toldalas tollas z\u00e1szl\u00f3k ingyenes diz\u00e1jnnal olcs\u00f3 \u00e1ron"},"content":{"rendered":"","protected":false},"excerpt":{"rendered":"<p>A k\u00e9toldalas tollz\u00e1szl\u00f3k sz\u00e9les k\u00f6rben haszn\u00e1lt lehet\u0151s\u00e9g a c\u00e9gek \u00e9s szervezetek sz\u00e1m\u00e1ra, akik k\u00e9nyelmes m\u00f3dszert keresnek m\u00e1rk\u00e1juk vagy \u00fczenet\u00fck rekl\u00e1moz\u00e1s\u00e1ra. Az egyszer\u0171 be\u00e1ll\u00edt\u00e1snak \u00e9s a tetsz\u0151leges helyen t\u00f6rt\u00e9n\u0151 elhelyez\u00e9snek k\u00f6sz\u00f6nhet\u0151en praktikus megold\u00e1st k\u00edn\u00e1lnak. A tollas strandz\u00e1szl\u00f3 \u00e1rboca er\u0151s anyagokb\u00f3l, p\u00e9ld\u00e1ul alum\u00edniumb\u00f3l \u00e9s \u00fcvegsz\u00e1lb\u00f3l k\u00e9sz\u00fclt, \u00edgy szeles k\u00f6r\u00fclm\u00e9nyek k\u00f6z\u00f6tt \u00e9s zord id\u0151ben is meg\u0151rzi alakj\u00e1t. A z\u00e1szl\u00f3 kiv\u00e1l\u00f3 min\u0151s\u00e9g\u0171, 115 g\/m2-es poli\u00e9szter sz\u00f6vetre van nyomtatva, amely k\u00f6zel 100% t\u00fckr\u00f6z\u00e9st k\u00edn\u00e1l a h\u00e1toldalon, \u00edgy garant\u00e1lja, hogy a z\u00e1szl\u00f3 t\u00e1volr\u00f3l is k\u00f6nnyen \u00e9szrevehet\u0151 \u00e9s olvashat\u00f3.<br \/>\nA tollas strandz\u00e1szl\u00f3k megb\u00edzhat\u00f3s\u00e1guk \u00e9s l\u00e1that\u00f3s\u00e1guk mellett k\u00f6nnyen sz\u00e1ll\u00edthat\u00f3k \u00e9s minim\u00e1lis helyet foglalnak el. K\u00f6nnyed\u00e9n mozgathat\u00f3k egyik helyr\u0151l a m\u00e1sikra, \u00e9s a k\u00fcl\u00f6nf\u00e9le alapopci\u00f3k seg\u00edts\u00e9g\u00e9vel b\u00e1rmilyen fel\u00fcletre fel\u00e1ll\u00edthat\u00f3k.<br \/>\n\u00d6sszefoglalva, a tollas strandz\u00e1szl\u00f3 rugalmas \u00e9s hat\u00e9kony m\u00f3dja annak, hogy bemutassa m\u00e1rk\u00e1j\u00e1t vagy \u00fczenet\u00e9t. Egyszer\u0171 \u00f6sszeszerel\u00e9s\u00fckkel, er\u0151ss\u00e9g\u00fckkel \u00e9s kiv\u00e1l\u00f3 l\u00e1that\u00f3s\u00e1gukkal kiv\u00e1l\u00f3 v\u00e1laszt\u00e1st jelentenek minden olyan v\u00e1llalkoz\u00e1s vagy szervezet sz\u00e1m\u00e1ra, amely felkelti a figyelmet.<\/p>\n<div style=\"width: 1280px;\" class=\"wp-video\"><!--[if lt IE 9]><script>document.createElement('video');<\/script><![endif]--><br \/>\n<video class=\"wp-video-shortcode\" id=\"video-976-1\" width=\"1280\" height=\"720\" loop autoplay preload=\"metadata\" controls=\"controls\"><source type=\"video\/mp4\" src=\"http:\/\/cmykprinted.com\/wp-content\/uploads\/2022\/12\/Feather-beach-flags.mp4?_=1\" \/><a href=\"http:\/\/cmykprinted.com\/wp-content\/uploads\/2022\/12\/Feather-beach-flags.mp4\">http:\/\/cmykprinted.com\/wp-content\/uploads\/2022\/12\/Feather-beach-flags.mp4<\/a><\/video><\/div>","protected":false},"featured_media":977,"template":"","meta":{"_kad_post_transparent":"default","_kad_post_title":"hide","_kad_post_layout":"fullwidth","_kad_post_sidebar_id":"","_kad_post_content_style":"unboxed","_kad_post_vertical_padding":"hide","_kad_post_feature":"hide","_kad_post_feature_position":"","_kad_post_header":false,"_kad_post_footer":false},"product_cat":[64,65],"product_tag":[278,275,276,277],"class_list":{"0":"post-976","1":"product","2":"type-product","3":"status-publish","4":"has-post-thumbnail","6":"product_cat-beach-flags","7":"product_cat-feather-flags-banners","8":"product_tag-cheap-feather-flags","9":"product_tag-double-sided-feather-flags","10":"product_tag-feather-flags","11":"product_tag-free-design-feather-flags","13":"first","14":"instock","15":"shipping-taxable","16":"product-type-simple","17":"entry","18":"content-bg","19":"loop-entry"},"_links":{"self":[{"href":"https:\/\/cmykprinted.com\/hu\/wp-json\/wp\/v2\/product\/976","targetHints":{"allow":["GET"]}}],"collection":[{"href":"https:\/\/cmykprinted.com\/hu\/wp-json\/wp\/v2\/product"}],"about":[{"href":"https:\/\/cmykprinted.com\/hu\/wp-json\/wp\/v2\/types\/product"}],"version-history":[{"count":2,"href":"https:\/\/cmykprinted.com\/hu\/wp-json\/wp\/v2\/product\/976\/revisions"}],"predecessor-version":[{"id":983,"href":"https:\/\/cmykprinted.com\/hu\/wp-json\/wp\/v2\/product\/976\/revisions\/983"}],"wp:featuredmedia":[{"embeddable":true,"href":"https:\/\/cmykprinted.com\/hu\/wp-json\/wp\/v2\/media\/977"}],"wp:attachment":[{"href":"https:\/\/cmykprinted.com\/hu\/wp-json\/wp\/v2\/media?parent=976"}],"wp:term":[{"taxonomy":"product_cat","embeddable":true,"href":"https:\/\/cmykprinted.com\/hu\/wp-json\/wp\/v2\/product_cat?post=976"},{"taxonomy":"product_tag","embeddable":true,"href":"https:\/\/cmykprinted.com\/hu\/wp-json\/wp\/v2\/product_tag?post=976"}],"curies":[{"name":"wp","href":"https:\/\/api.w.org\/{rel}","templated":true}]}}