{"id":984,"date":"2023-02-11T03:57:42","date_gmt":"2023-02-11T03:57:42","guid":{"rendered":"https:\/\/cmykprinted.com\/?post_type=product&#038;p=984"},"modified":"2023-02-11T04:04:18","modified_gmt":"2023-02-11T04:04:18","slug":"10x15ft-50mm-hexagonal-pop-up-canopy-tent-aluminum-frame","status":"publish","type":"product","link":"https:\/\/cmykprinted.com\/hu\/termek\/10x15ft-50mm-hexagonal-pop-up-canopy-tent-aluminum-frame\/","title":{"rendered":"10x15 l\u00e1b 50 mm-es hatsz\u00f6glet\u0171 felugr\u00f3 s\u00e1tor alum\u00ednium v\u00e1zzal"},"content":{"rendered":"","protected":false},"excerpt":{"rendered":"<p>Az 50 mm-es, hatsz\u00f6glet\u0171, alum\u00ednium kerettel ell\u00e1tott, felugr\u00f3 erny\u0151 t\u00f6k\u00e9letes ahhoz, hogy a lombkorona kiemelkedjen egy piaci standon vagy ki\u00e1ll\u00edt\u00e1son. A keret leny\u0171g\u00f6z\u0151 m\u0171szaki jellemz\u0151kkel b\u00fcszk\u00e9lkedhet, bele\u00e9rtve a hatsz\u00f6glet\u0171 alum\u00ednium k\u00fcls\u0151 l\u00e1bat, amelynek m\u00e9rete 50x50 mm \u00e9s vastags\u00e1ga 1,8 mm. \u00d6t magass\u00e1gi poz\u00edci\u00f3ja is van, 7,5 cm-es t\u00e1vols\u00e1ggal, \u00e9s er\u0151s \u00e9s stabil a hossz\u00fa t\u00e1v\u00fa haszn\u00e1latra.<br \/>\nA lombkorona fel\u00e1ll\u00edt\u00e1sa \u00e9s lev\u00e9tele gyors \u00e9s egyszer\u0171, k\u00f6sz\u00f6nhet\u0151en az \u00f6sszecsukhat\u00f3 alum\u00ednium keretnek \u00e9s a laza alkatr\u00e9szek hi\u00e1ny\u00e1nak. A nyom\u00f3gombos l\u00e1bbe\u00e1ll\u00edt\u00e1sok \u00e9s a t\u00falm\u00e9retezett, k\u00f6nnyen megragadhat\u00f3 h\u00faz\u00f3csapok a fels\u0151 sarkokban gyerekj\u00e1t\u00e9koss\u00e1 teszik a be\u00e1ll\u00edt\u00e1st \u00e9s a lebont\u00e1st, szersz\u00e1m n\u00e9lk\u00fcl.<br \/>\nA csomag tartalmazza a kereskedelmi forgalomba ker\u00fcl\u0151 el\u0151tet\u0151 alum\u00ednium keretet, \u00e9s egy-k\u00e9t ember percek alatt fel- \u00e9s leszedhet\u0151 szersz\u00e1m n\u00e9lk\u00fcl. 1 \u00e9v garanci\u00e1val \u00e9s \u00e9lettartamra sz\u00f3l\u00f3 tartoz\u00e9kokkal \u00e9s alkatr\u00e9szekkel j\u00e1r. Ha egyedi munk\u00e1ra van sz\u00fcks\u00e9ge, forduljon hozz\u00e1nk bizalommal. Garant\u00e1ljuk az 100% el\u00e9gedetts\u00e9g\u00e9t, \u00e9s minden felmer\u00fcl\u0151 probl\u00e9m\u00e1t megoldunk.<br \/>\nEz a lombkorona alkalmas k\u00fcl\u00f6nf\u00e9le szabadt\u00e9ri rendezv\u00e9nyekre, bele\u00e9rtve a bulit, kereskedelmi bemutat\u00f3kat, sportokat, piknikeket, grillez\u00e9seket stb. Haszn\u00e1lhat\u00f3 kereskedelmi ter\u00fcleteken, strandokon, j\u00e1tsz\u00f3tereken, udvarokon, kertekben, farmokon \u00e9s m\u00e1s k\u00fclt\u00e9ri k\u00f6rnyezetben, valamint belt\u00e9ri k\u00f6rnyezetben, p\u00e9ld\u00e1ul nagy tornatermekben. Cs\u00facsmin\u0151s\u00e9g\u00e9nek k\u00f6sz\u00f6nhet\u0151en biztos lehet benne a hossz\u00fa \u00e9lettartam \u00e9s a tart\u00f3ss\u00e1g. Ha b\u00e1rmilyen min\u0151s\u00e9gi agg\u00e1lya van az els\u0151 \u00e9vben, ne habozzon kapcsolatba l\u00e9pni vel\u00fcnk. 100% el\u00e9gedetts\u00e9gi garanci\u00e1nk biztos\u00edtja, hogy minden felmer\u00fcl\u0151 probl\u00e9m\u00e1t megoldunk.<\/p>\n<div style=\"width: 1280px;\" class=\"wp-video\"><!--[if lt IE 9]><script>document.createElement('video');<\/script><![endif]--><br \/>\n<video class=\"wp-video-shortcode\" id=\"video-984-1\" width=\"1280\" height=\"720\" loop autoplay preload=\"auto\" controls=\"controls\"><source type=\"video\/mp4\" src=\"http:\/\/cmykprinted.com\/wp-content\/uploads\/2022\/12\/10x15ft-Pop-up-Tent.mp4?_=1\" \/><a href=\"http:\/\/cmykprinted.com\/wp-content\/uploads\/2022\/12\/10x15ft-Pop-up-Tent.mp4\">http:\/\/cmykprinted.com\/wp-content\/uploads\/2022\/12\/10x15ft-Pop-up-Tent.mp4<\/a><\/video><\/div>","protected":false},"featured_media":985,"template":"","meta":{"_kad_post_transparent":"default","_kad_post_title":"hide","_kad_post_layout":"fullwidth","_kad_post_sidebar_id":"","_kad_post_content_style":"unboxed","_kad_post_vertical_padding":"hide","_kad_post_feature":"hide","_kad_post_feature_position":"","_kad_post_header":false,"_kad_post_footer":false},"product_cat":[68,76,74],"product_tag":[279,282,281,280],"class_list":{"0":"post-984","1":"product","2":"type-product","3":"status-publish","4":"has-post-thumbnail","6":"product_cat-custom-canopy-tents","7":"product_cat-10x15ft-pop-up-tents-50mm-heavy-duty-hexagon-aluminum-tents-custom-canopy-tents","8":"product_cat-50mm-heavy-duty-hexagon-aluminum-tents","9":"product_tag-10x15ft-hexagonal-pop-up-canopy-tent","10":"product_tag-50mm-hexagonal-pop-up-canopy","11":"product_tag-aluminum-frame-pop-up-canopy-tent","12":"product_tag-hexagonal-pop-up-canopy-tent","14":"first","15":"instock","16":"shipping-taxable","17":"product-type-simple","18":"entry","19":"content-bg","20":"loop-entry"},"_links":{"self":[{"href":"https:\/\/cmykprinted.com\/hu\/wp-json\/wp\/v2\/product\/984","targetHints":{"allow":["GET"]}}],"collection":[{"href":"https:\/\/cmykprinted.com\/hu\/wp-json\/wp\/v2\/product"}],"about":[{"href":"https:\/\/cmykprinted.com\/hu\/wp-json\/wp\/v2\/types\/product"}],"version-history":[{"count":2,"href":"https:\/\/cmykprinted.com\/hu\/wp-json\/wp\/v2\/product\/984\/revisions"}],"predecessor-version":[{"id":992,"href":"https:\/\/cmykprinted.com\/hu\/wp-json\/wp\/v2\/product\/984\/revisions\/992"}],"wp:featuredmedia":[{"embeddable":true,"href":"https:\/\/cmykprinted.com\/hu\/wp-json\/wp\/v2\/media\/985"}],"wp:attachment":[{"href":"https:\/\/cmykprinted.com\/hu\/wp-json\/wp\/v2\/media?parent=984"}],"wp:term":[{"taxonomy":"product_cat","embeddable":true,"href":"https:\/\/cmykprinted.com\/hu\/wp-json\/wp\/v2\/product_cat?post=984"},{"taxonomy":"product_tag","embeddable":true,"href":"https:\/\/cmykprinted.com\/hu\/wp-json\/wp\/v2\/product_tag?post=984"}],"curies":[{"name":"wp","href":"https:\/\/api.w.org\/{rel}","templated":true}]}}