{"id":993,"date":"2023-02-11T08:06:52","date_gmt":"2023-02-11T08:06:52","guid":{"rendered":"https:\/\/cmykprinted.com\/?post_type=product&#038;p=993"},"modified":"2023-02-11T08:14:57","modified_gmt":"2023-02-11T08:14:57","slug":"wall-mounted-shop-front-flagpole-end-sign-shop-front-flags","status":"publish","type":"product","link":"https:\/\/cmykprinted.com\/hu\/termek\/wall-mounted-shop-front-flagpole-end-sign-shop-front-flags\/","title":{"rendered":"Falra szerelhet\u0151 \u00fczlet el\u0151tti z\u00e1szl\u00f3r\u00fad v\u00e9g\u00e9re szolg\u00e1l\u00f3 t\u00e1bla Bolt els\u0151 z\u00e1szl\u00f3i"},"content":{"rendered":"","protected":false},"excerpt":{"rendered":"<p>Az \u00fczlet el\u00fcls\u0151 z\u00e1szl\u00f3r\u00fadja k\u00fcl\u00f6nf\u00e9le m\u00e9ret\u0171 \u00e9s form\u00e1j\u00fa z\u00e1szl\u00f3k elhelyez\u00e9s\u00e9re szolg\u00e1l. Robusztus fel\u00e9p\u00edt\u00e9se \u00e9s egyszer\u0171 \u00f6ssze\u00e1ll\u00edt\u00e1sa n\u00e9pszer\u0171 v\u00e1laszt\u00e1ss\u00e1 teszi azok sz\u00e1m\u00e1ra, akik b\u00fcszk\u00e9n szeretn\u00e9k kitenni z\u00e1szl\u00f3ikat. A r\u00fad el\u0151re konfigur\u00e1lva van a 3\u2032 x 5\u2032 m\u00e9ret\u0171 USA z\u00e1szl\u00f3 lobogtat\u00e1s\u00e1ra, amely szabv\u00e1nyos m\u00e9ret a legt\u00f6bb lak\u00f3- \u00e9s kereskedelmi ingatlanhoz. Ha azonban a z\u00e1szl\u00f3t m\u00e1s m\u00e9ret\u0171re szeretn\u00e9 cser\u00e9lni, ez egy egyszer\u0171 \u00e9s egy\u00e9rtelm\u0171 folyamat, amely n\u00e9h\u00e1ny perc alatt elv\u00e9gezhet\u0151.<\/p>","protected":false},"featured_media":994,"template":"","meta":{"_kad_post_transparent":"default","_kad_post_title":"hide","_kad_post_layout":"fullwidth","_kad_post_sidebar_id":"","_kad_post_content_style":"unboxed","_kad_post_vertical_padding":"hide","_kad_post_feature":"hide","_kad_post_feature_position":"","_kad_post_header":false,"_kad_post_footer":false},"product_cat":[79],"product_tag":[213,283,285,284,286],"class_list":{"0":"post-993","1":"product","2":"type-product","3":"status-publish","4":"has-post-thumbnail","6":"product_cat-custom-flags","7":"product_tag-end-sign-flags","8":"product_tag-shop-front-flagpole","9":"product_tag-small-wall-flags","10":"product_tag-wall-mounted-flags","11":"product_tag-window-mounted-flags-signs","13":"first","14":"instock","15":"shipping-taxable","16":"product-type-simple","17":"entry","18":"content-bg","19":"loop-entry"},"_links":{"self":[{"href":"https:\/\/cmykprinted.com\/hu\/wp-json\/wp\/v2\/product\/993","targetHints":{"allow":["GET"]}}],"collection":[{"href":"https:\/\/cmykprinted.com\/hu\/wp-json\/wp\/v2\/product"}],"about":[{"href":"https:\/\/cmykprinted.com\/hu\/wp-json\/wp\/v2\/types\/product"}],"version-history":[{"count":1,"href":"https:\/\/cmykprinted.com\/hu\/wp-json\/wp\/v2\/product\/993\/revisions"}],"predecessor-version":[{"id":999,"href":"https:\/\/cmykprinted.com\/hu\/wp-json\/wp\/v2\/product\/993\/revisions\/999"}],"wp:featuredmedia":[{"embeddable":true,"href":"https:\/\/cmykprinted.com\/hu\/wp-json\/wp\/v2\/media\/994"}],"wp:attachment":[{"href":"https:\/\/cmykprinted.com\/hu\/wp-json\/wp\/v2\/media?parent=993"}],"wp:term":[{"taxonomy":"product_cat","embeddable":true,"href":"https:\/\/cmykprinted.com\/hu\/wp-json\/wp\/v2\/product_cat?post=993"},{"taxonomy":"product_tag","embeddable":true,"href":"https:\/\/cmykprinted.com\/hu\/wp-json\/wp\/v2\/product_tag?post=993"}],"curies":[{"name":"wp","href":"https:\/\/api.w.org\/{rel}","templated":true}]}}