{"id":1000,"date":"2023-02-12T10:41:09","date_gmt":"2023-02-12T10:41:09","guid":{"rendered":"https:\/\/cmykprinted.com\/?post_type=product&#038;p=1000"},"modified":"2023-02-12T10:46:25","modified_gmt":"2023-02-12T10:46:25","slug":"logo-printed-premium-full-color-trade-show-table-throw","status":"publish","type":"product","link":"https:\/\/cmykprinted.com\/is\/product\/logo-printed-premium-full-color-trade-show-table-throw\/","title":{"rendered":"Merkiprenta\u00f0 bor\u00f0teppi \u00ed fullum lit, \u00far h\u00e1g\u00e6\u00f0a efni fyrir vi\u00f0skiptas\u00fdningar"},"content":{"rendered":"","protected":false},"excerpt":{"rendered":"<p>Vi\u00f0 hj\u00e1 fyrirt\u00e6kinu okkar erum sta\u00f0r\u00e1\u00f0in \u00ed \u00fev\u00ed a\u00f0 veita fyrirt\u00e6kjum og stofnunum af \u00f6llum st\u00e6r\u00f0um h\u00e1g\u00e6\u00f0a og hagkv\u00e6m v\u00f6rus\u00fdningarbor\u00f0. Vi\u00f0 skiljum mikilv\u00e6gi \u00feess a\u00f0 hafa sterkan svip \u00e1 v\u00f6rus\u00fdningum og s\u00fdningum og erum sta\u00f0r\u00e1\u00f0in \u00ed a\u00f0 hj\u00e1lpa vi\u00f0skiptavinum okkar a\u00f0 gera einmitt \u00fea\u00f0. Teymi okkar af faglegum prenturum notar fullkomi\u00f0 litarefnis-sublimation ferli til a\u00f0 tryggja a\u00f0 bor\u00f0k\u00f6st okkar s\u00e9u lifandi, \u00e1berandi og fullkomlega s\u00e9rhanna\u00f0ar. Hvort sem \u00feig vantar bor\u00f0d\u00fak fyrir v\u00f6rus\u00fdningu, d\u00fak fyrir s\u00e9rstaka s\u00fdningu e\u00f0a hvers kyns bor\u00f0kast, \u00fe\u00e1 erum vi\u00f0 me\u00f0 v\u00f6rurnar sem \u00fe\u00fa \u00fearft \u00e1 \u00feeim hra\u00f0a sem \u00fe\u00fa vilt.<br \/>\nVerksmi\u00f0jan okkar b\u00fd\u00f0ur upp \u00e1 miki\u00f0 \u00farval af s\u00fdningarbor\u00f0sk\u00f6stum, \u00fear \u00e1 me\u00f0al teygju\u00e1kl\u00e6\u00f0i, 3 og 4 hli\u00f0a \u00e1kl\u00e6\u00f0i, hlaupara og margt fleira. Vi\u00f0 bj\u00f3\u00f0um jafnvel upp \u00e1 bor\u00f0k\u00f6st sem eru h\u00f6nnu\u00f0 til a\u00f0 b\u00e6ta vi\u00f0 litasamsetningu fyrirt\u00e6kis \u00fe\u00edns e\u00f0a stofnunar. Og ef \u00fe\u00fa ert ekki me\u00f0 l\u00f3g\u00f3, \u00fe\u00e1 er \u00fea\u00f0 ekki vandam\u00e1l! Vi\u00f0 getum b\u00fai\u00f0 til s\u00e9rsni\u00f0na h\u00f6nnun fyrir \u00feig sem mun hj\u00e1lpa til vi\u00f0 a\u00f0 kynna v\u00f6rumerki\u00f0 \u00feitt og la\u00f0a a\u00f0 n\u00fdja vi\u00f0skiptavini.<br \/>\nVi\u00f0 bj\u00f3\u00f0um upp \u00e1 24 klukkustunda afgrei\u00f0slut\u00edma \u00e1 \u00f6llum v\u00f6rus\u00fdningum okkar, sem tryggir a\u00f0 \u00fe\u00fa getir fengi\u00f0 v\u00f6rurnar sem \u00fe\u00fa \u00fearft \u00feegar \u00fe\u00fa \u00fearft \u00e1 \u00feeim a\u00f0 halda. Og til aukinna \u00fe\u00e6ginda sendum vi\u00f0 allar v\u00f6rur okkar n\u00e6sta virka dag eftir kaup. \u00deannig a\u00f0 hvort sem \u00fe\u00fa \u00fearft a\u00f0 kasta einu bor\u00f0i e\u00f0a st\u00f3ra p\u00f6ntun fyrir komandi vi\u00f0bur\u00f0 \u00fe\u00e1 erum vi\u00f0 me\u00f0 v\u00f6rurnar og \u00fej\u00f3nustuna sem \u00fe\u00fa \u00fearft til a\u00f0 n\u00e1 \u00e1rangri.<\/p>","protected":false},"featured_media":1001,"template":"","meta":{"_kad_post_transparent":"default","_kad_post_title":"hide","_kad_post_layout":"fullwidth","_kad_post_sidebar_id":"","_kad_post_content_style":"unboxed","_kad_post_vertical_padding":"hide","_kad_post_feature":"hide","_kad_post_feature_position":"","_kad_post_header":false,"_kad_post_footer":false},"product_cat":[80,84],"product_tag":[218,216,217],"class_list":{"0":"post-1000","1":"product","2":"type-product","3":"status-publish","4":"has-post-thumbnail","6":"product_cat-custom-tablecloth","7":"product_cat-trade-show-table-throw","8":"product_tag-custom-table-throw","9":"product_tag-trade-show-table-throw","10":"product_tag-tradeshow-table-throw","12":"first","13":"instock","14":"shipping-taxable","15":"product-type-simple","16":"entry","17":"content-bg","18":"loop-entry"},"_links":{"self":[{"href":"https:\/\/cmykprinted.com\/is\/wp-json\/wp\/v2\/product\/1000","targetHints":{"allow":["GET"]}}],"collection":[{"href":"https:\/\/cmykprinted.com\/is\/wp-json\/wp\/v2\/product"}],"about":[{"href":"https:\/\/cmykprinted.com\/is\/wp-json\/wp\/v2\/types\/product"}],"version-history":[{"count":1,"href":"https:\/\/cmykprinted.com\/is\/wp-json\/wp\/v2\/product\/1000\/revisions"}],"predecessor-version":[{"id":1007,"href":"https:\/\/cmykprinted.com\/is\/wp-json\/wp\/v2\/product\/1000\/revisions\/1007"}],"wp:featuredmedia":[{"embeddable":true,"href":"https:\/\/cmykprinted.com\/is\/wp-json\/wp\/v2\/media\/1001"}],"wp:attachment":[{"href":"https:\/\/cmykprinted.com\/is\/wp-json\/wp\/v2\/media?parent=1000"}],"wp:term":[{"taxonomy":"product_cat","embeddable":true,"href":"https:\/\/cmykprinted.com\/is\/wp-json\/wp\/v2\/product_cat?post=1000"},{"taxonomy":"product_tag","embeddable":true,"href":"https:\/\/cmykprinted.com\/is\/wp-json\/wp\/v2\/product_tag?post=1000"}],"curies":[{"name":"wp","href":"https:\/\/api.w.org\/{rel}","templated":true}]}}