{"id":1016,"date":"2023-02-12T14:30:04","date_gmt":"2023-02-12T14:30:04","guid":{"rendered":"https:\/\/cmykprinted.com\/?post_type=product&#038;p=1016"},"modified":"2023-02-12T14:40:07","modified_gmt":"2023-02-12T14:40:07","slug":"personalized-triangle-pop-up-banners-a-frame-stand-display","status":"publish","type":"product","link":"https:\/\/cmykprinted.com\/is\/product\/personalized-triangle-pop-up-banners-a-frame-stand-display\/","title":{"rendered":"Pers\u00f3nulegur \u00fer\u00edhyrningssprettur bor\u00f0ar A-Frame Stand Display"},"content":{"rendered":"","protected":false},"excerpt":{"rendered":"<p>Triangle sprettigluggar eru fullkomin lausn til a\u00f0 kynna v\u00f6rumerki\u00f0 \u00feitt e\u00f0a fyrirt\u00e6ki \u00e1 st\u00edlhreinan og \u00e1hrifar\u00edkan h\u00e1tt. Me\u00f0 h\u00f6nnun sem gerir kleift a\u00f0 setja upp og taka \u00ed sundur eru \u00feessir bor\u00f0ar tilvalnir fyrir v\u00f6rus\u00fdningar, vi\u00f0bur\u00f0i og r\u00e1\u00f0stefnur. \u00deeir eru b\u00fanir til \u00far l\u00e9ttu og endingarg\u00f3\u00f0u ferskjuskinnsefni og \u00feeim fylgir handh\u00e6gur bur\u00f0artaska til geymslu og flutnings.<br \/>\n\u00deeir eru ekki a\u00f0eins \u00fe\u00e6gilegir \u00ed notkun, heldur eru \u00feeir einnig trygg\u00f0ir a\u00f0 gr\u00edpa athygli markh\u00f3ps \u00fe\u00edns. Hvort sem um er a\u00f0 r\u00e6\u00f0a kynningu \u00e1 n\u00fdrri v\u00f6ru, \u00fats\u00f6lu e\u00f0a komandi vi\u00f0bur\u00f0, munu \u00feessir bor\u00f0ar vekja \u00e1huga og skapa varanleg \u00e1hrif. \u00deeir geta veri\u00f0 nota\u00f0ir innandyra e\u00f0a utandyra og au\u00f0velt er a\u00f0 setja \u00feau saman me\u00f0 gormm\u00e1lmst\u00e1li og t\u00f6ppum.<br \/>\nLyftu upp augl\u00fdsingum fyrirt\u00e6kisins me\u00f0 \u00fer\u00edhyrningi sprettigluggabor\u00f0a. Alhli\u00f0a uppsetningarhandb\u00f3kin veitir \u00fe\u00e9r \u00f6ll nau\u00f0synleg verkf\u00e6ri til a\u00f0 setja upp og taka ni\u00f0ur bor\u00f0ann \u00feinn \u00e1reynslulaust. Fj\u00e1rfestu \u00ed sprettigluggabor\u00f0a \u00ed dag og gef\u00f0u dj\u00f6rf yfirl\u00fdsingu \u00e1 n\u00e6sta vi\u00f0bur\u00f0i e\u00f0a r\u00e1\u00f0stefnu.<\/p>\n<div style=\"width: 1280px;\" class=\"wp-video\"><!--[if lt IE 9]><script>document.createElement('video');<\/script><![endif]--><br \/>\n<video class=\"wp-video-shortcode\" id=\"video-1016-1\" width=\"1280\" height=\"720\" loop autoplay preload=\"metadata\" controls=\"controls\"><source type=\"video\/mp4\" src=\"http:\/\/cmykprinted.com\/wp-content\/uploads\/2022\/12\/Triangle-Pop-Up-Banners.mp4?_=1\" \/><a href=\"http:\/\/cmykprinted.com\/wp-content\/uploads\/2022\/12\/Triangle-Pop-Up-Banners.mp4\">http:\/\/cmykprinted.com\/wp-content\/uploads\/2022\/12\/Triangle-Pop-Up-Banners.mp4<\/a><\/video><\/div>","protected":false},"featured_media":1017,"template":"","meta":{"_kad_post_transparent":"default","_kad_post_title":"hide","_kad_post_layout":"fullwidth","_kad_post_sidebar_id":"","_kad_post_content_style":"unboxed","_kad_post_vertical_padding":"hide","_kad_post_feature":"hide","_kad_post_feature_position":"","_kad_post_header":false,"_kad_post_footer":false},"product_cat":[92,95],"product_tag":[292,293,166,291],"class_list":{"0":"post-1016","1":"product","2":"type-product","3":"status-publish","4":"has-post-thumbnail","6":"product_cat-pop-up-banners","7":"product_cat-triangle-pop-up-banners","8":"product_tag-a-frame-stand-display","9":"product_tag-personalized-pop-up-banners","10":"product_tag-pop-up-banners","11":"product_tag-triangle-pop-up-banners","13":"first","14":"instock","15":"shipping-taxable","16":"product-type-simple","17":"entry","18":"content-bg","19":"loop-entry"},"_links":{"self":[{"href":"https:\/\/cmykprinted.com\/is\/wp-json\/wp\/v2\/product\/1016","targetHints":{"allow":["GET"]}}],"collection":[{"href":"https:\/\/cmykprinted.com\/is\/wp-json\/wp\/v2\/product"}],"about":[{"href":"https:\/\/cmykprinted.com\/is\/wp-json\/wp\/v2\/types\/product"}],"version-history":[{"count":2,"href":"https:\/\/cmykprinted.com\/is\/wp-json\/wp\/v2\/product\/1016\/revisions"}],"predecessor-version":[{"id":1024,"href":"https:\/\/cmykprinted.com\/is\/wp-json\/wp\/v2\/product\/1016\/revisions\/1024"}],"wp:featuredmedia":[{"embeddable":true,"href":"https:\/\/cmykprinted.com\/is\/wp-json\/wp\/v2\/media\/1017"}],"wp:attachment":[{"href":"https:\/\/cmykprinted.com\/is\/wp-json\/wp\/v2\/media?parent=1016"}],"wp:term":[{"taxonomy":"product_cat","embeddable":true,"href":"https:\/\/cmykprinted.com\/is\/wp-json\/wp\/v2\/product_cat?post=1016"},{"taxonomy":"product_tag","embeddable":true,"href":"https:\/\/cmykprinted.com\/is\/wp-json\/wp\/v2\/product_tag?post=1016"}],"curies":[{"name":"wp","href":"https:\/\/api.w.org\/{rel}","templated":true}]}}