{"id":1025,"date":"2023-02-12T15:07:24","date_gmt":"2023-02-12T15:07:24","guid":{"rendered":"https:\/\/cmykprinted.com\/?post_type=product&#038;p=1025"},"modified":"2023-02-12T15:13:19","modified_gmt":"2023-02-12T15:13:19","slug":"exhibition-curved-tension-fabric-pop-up-displays-with-frame","status":"publish","type":"product","link":"https:\/\/cmykprinted.com\/is\/product\/exhibition-curved-tension-fabric-pop-up-displays-with-frame\/","title":{"rendered":"S\u00fdningarskj\u00e1r \u00far bogadregnu spennuefni me\u00f0 ramma"},"content":{"rendered":"","protected":false},"excerpt":{"rendered":"<p>Boginn efnisskj\u00e1standur er \u00e1berandi valkostur til a\u00f0 b\u00faa til sj\u00f3nr\u00e6nt sl\u00e1andi skj\u00e1. \u00dea\u00f0 er me\u00f0 einni h\u00e1skerpu mynd \u00e1n s\u00fdnilegra sameiningarl\u00edna. Au\u00f0velt er a\u00f0 setja saman \u2013 smelltu einfaldlega saman l\u00e9ttu \u00e1lgrindina og teyg\u00f0u prenta\u00f0a efni\u00f0 yfir hann. \u00deegar \u00fe\u00fa ert b\u00fainn a\u00f0 nota hann skaltu einfaldlega taka hann ni\u00f0ur, brj\u00f3ta hann saman og geyma hann \u00ed t\u00f6skunni til a\u00f0 au\u00f0velda flutning. \u00deessir standar eru mun \u00fe\u00e6gilegri \u00ed geymslu og flutningi mi\u00f0a\u00f0 vi\u00f0 hef\u00f0bundna pop-up s\u00fdningarstanda. Auk \u00feess a\u00f0 vera vins\u00e6ll kostur fyrir r\u00e1\u00f0stefnur og vi\u00f0bur\u00f0i, b\u00faa \u00feeir einnig til fram\u00farskarandi lj\u00f3smyndabakgrunn og svi\u00f0sbakgrunn. Efni\u00f0 er prenta\u00f0 \u00e1 b\u00e1\u00f0um hli\u00f0um sem sta\u00f0alb\u00fana\u00f0ur, sem gefur \u00fe\u00e9r meira pl\u00e1ss fyrir skilabo\u00f0in \u00fe\u00edn. \u00dea\u00f0 er l\u00edka au\u00f0velt a\u00f0 prenta a\u00f0rar fors\u00ed\u00f0ur fyrir mismunandi vi\u00f0bur\u00f0i.<\/p>","protected":false},"featured_media":1026,"template":"","meta":{"_kad_post_transparent":"default","_kad_post_title":"hide","_kad_post_layout":"fullwidth","_kad_post_sidebar_id":"","_kad_post_content_style":"unboxed","_kad_post_vertical_padding":"hide","_kad_post_feature":"hide","_kad_post_feature_position":"","_kad_post_header":false,"_kad_post_footer":false},"product_cat":[97,98],"product_tag":[168,296,295,294,134],"class_list":{"0":"post-1025","1":"product","2":"type-product","3":"status-publish","4":"has-post-thumbnail","6":"product_cat-tension-fabric-displays","7":"product_cat-curved-tension-fabric-pop-up-displays","8":"product_tag-curved-tension-fabric-pop-up-displays","9":"product_tag-fabric-pop-up-curved-displays","10":"product_tag-fabric-pop-up-display","11":"product_tag-fabric-pop-up-displays","12":"product_tag-tension-fabric-displays","14":"first","15":"instock","16":"shipping-taxable","17":"product-type-simple","18":"entry","19":"content-bg","20":"loop-entry"},"_links":{"self":[{"href":"https:\/\/cmykprinted.com\/is\/wp-json\/wp\/v2\/product\/1025","targetHints":{"allow":["GET"]}}],"collection":[{"href":"https:\/\/cmykprinted.com\/is\/wp-json\/wp\/v2\/product"}],"about":[{"href":"https:\/\/cmykprinted.com\/is\/wp-json\/wp\/v2\/types\/product"}],"version-history":[{"count":1,"href":"https:\/\/cmykprinted.com\/is\/wp-json\/wp\/v2\/product\/1025\/revisions"}],"predecessor-version":[{"id":1032,"href":"https:\/\/cmykprinted.com\/is\/wp-json\/wp\/v2\/product\/1025\/revisions\/1032"}],"wp:featuredmedia":[{"embeddable":true,"href":"https:\/\/cmykprinted.com\/is\/wp-json\/wp\/v2\/media\/1026"}],"wp:attachment":[{"href":"https:\/\/cmykprinted.com\/is\/wp-json\/wp\/v2\/media?parent=1025"}],"wp:term":[{"taxonomy":"product_cat","embeddable":true,"href":"https:\/\/cmykprinted.com\/is\/wp-json\/wp\/v2\/product_cat?post=1025"},{"taxonomy":"product_tag","embeddable":true,"href":"https:\/\/cmykprinted.com\/is\/wp-json\/wp\/v2\/product_tag?post=1025"}],"curies":[{"name":"wp","href":"https:\/\/api.w.org\/{rel}","templated":true}]}}