{"id":1034,"date":"2023-02-13T02:28:32","date_gmt":"2023-02-13T02:28:32","guid":{"rendered":"https:\/\/cmykprinted.com\/?post_type=product&#038;p=1034"},"modified":"2023-02-13T02:37:55","modified_gmt":"2023-02-13T02:37:55","slug":"multipurpose-wholesale-3d-custom-metal-transfer-stickers","status":"publish","type":"product","link":"https:\/\/cmykprinted.com\/is\/product\/multipurpose-wholesale-3d-custom-metal-transfer-stickers\/","title":{"rendered":"Fj\u00f6lnota heilds\u00f6lu 3D s\u00e9rsni\u00f0in m\u00e1lmflutningsl\u00edmmi\u00f0ar"},"content":{"rendered":"","protected":false},"excerpt":{"rendered":"<p>S\u00e9rsni\u00f0in m\u00e1lmflutningsl\u00edmmi\u00f0ar eru n\u00fdst\u00e1rleg merkingarlausn sem notar traustan nikkelpapp\u00edr til a\u00f0 skapa \u00fer\u00edv\u00edddar\u00e1hrif. \u00deessi einstaka n\u00e1lgun gefur l\u00edmmi\u00f0unum sl\u00e9tt og f\u00e1ga\u00f0 \u00fatlit, \u00fear sem umfram efni er fjarl\u00e6gt \u00far h\u00f6nnuninni, sem gefur \u201eekki merki\u201c \u00fatlit. Tilvali\u00f0 fyrir h\u00e1g\u00e6\u00f0a v\u00f6rur e\u00f0a netverslun, \u00feessir l\u00edmmi\u00f0ar eru framleiddir me\u00f0 \u00fev\u00ed a\u00f0 prenta h\u00f6nnunina \u00e1 nikkelpapp\u00edr me\u00f0 s\u00e9rh\u00e6f\u00f0ri prentunara\u00f0fer\u00f0. Eftir a\u00f0 umframefni\u00f0 hefur veri\u00f0 fjarl\u00e6gt eru upph\u00e6kku\u00f0u \u00fe\u00e6ttirnir h\u00fa\u00f0a\u00f0ir me\u00f0 l\u00edmlagi, sem gerir \u00feau hentug til notkunar \u00e1 \u00fdmis yfirbor\u00f0, \u00fear \u00e1 me\u00f0al plast, m\u00e1lm og papp\u00edr.<br \/>\nEnding 3D m\u00e1lmflutningsl\u00edmmi\u00f0a er einn af helstu kostum \u00feess. \u00dear sem nikkel er \u00f6flugt og t\u00e6ringar\u00feoli\u00f0 efni geta \u00feessir l\u00edmmi\u00f0ar \u00feola\u00f0 slit \u00e1 me\u00f0an \u00feeir halda g\u00e6\u00f0um s\u00ednum me\u00f0 t\u00edmanum. \u00deau eru einnig \u00f3n\u00e6m fyrir hverfa og mislitun, sem gerir \u00feau a\u00f0 langvarandi merkingarlausn. \u00dear a\u00f0 auki b\u00e6ta \u00fer\u00edv\u00edddar\u00e1hrif \u00feessara l\u00edmmi\u00f0a a\u00f0la\u00f0andi og \u00e1berandi bl\u00e6 \u00e1 v\u00f6ruumb\u00fa\u00f0ir \u00fe\u00ednar e\u00f0a v\u00f6rumerki.<\/p>\n<div style=\"width: 1280px;\" class=\"wp-video\"><!--[if lt IE 9]><script>document.createElement('video');<\/script><![endif]--><br \/>\n<video class=\"wp-video-shortcode\" id=\"video-1034-1\" width=\"1280\" height=\"720\" loop autoplay preload=\"metadata\" controls=\"controls\"><source type=\"video\/mp4\" src=\"http:\/\/cmykprinted.com\/wp-content\/uploads\/2022\/12\/Metal-Transfer-Sticker.mp4?_=1\" \/><a href=\"http:\/\/cmykprinted.com\/wp-content\/uploads\/2022\/12\/Metal-Transfer-Sticker.mp4\">http:\/\/cmykprinted.com\/wp-content\/uploads\/2022\/12\/Metal-Transfer-Sticker.mp4<\/a><\/video><\/div>\n<p>&nbsp;<\/p>","protected":false},"featured_media":1035,"template":"","meta":{"_kad_post_transparent":"default","_kad_post_title":"hide","_kad_post_layout":"fullwidth","_kad_post_sidebar_id":"","_kad_post_content_style":"unboxed","_kad_post_vertical_padding":"hide","_kad_post_feature":"hide","_kad_post_feature_position":"","_kad_post_header":false,"_kad_post_footer":false},"product_cat":[101,102],"product_tag":[299,297,298,300],"class_list":{"0":"post-1034","1":"product","2":"type-product","3":"status-publish","4":"has-post-thumbnail","6":"product_cat-transfer-stickers","7":"product_cat-metal-transfer-stickers","8":"product_tag-3d-metal-transfer-stickers","9":"product_tag-custom-metal-transfer-stickers","10":"product_tag-metal-transfer-stickers","11":"product_tag-wholesale-metal-transfer-stickers","13":"first","14":"instock","15":"shipping-taxable","16":"product-type-simple","17":"entry","18":"content-bg","19":"loop-entry"},"_links":{"self":[{"href":"https:\/\/cmykprinted.com\/is\/wp-json\/wp\/v2\/product\/1034","targetHints":{"allow":["GET"]}}],"collection":[{"href":"https:\/\/cmykprinted.com\/is\/wp-json\/wp\/v2\/product"}],"about":[{"href":"https:\/\/cmykprinted.com\/is\/wp-json\/wp\/v2\/types\/product"}],"version-history":[{"count":2,"href":"https:\/\/cmykprinted.com\/is\/wp-json\/wp\/v2\/product\/1034\/revisions"}],"predecessor-version":[{"id":1042,"href":"https:\/\/cmykprinted.com\/is\/wp-json\/wp\/v2\/product\/1034\/revisions\/1042"}],"wp:featuredmedia":[{"embeddable":true,"href":"https:\/\/cmykprinted.com\/is\/wp-json\/wp\/v2\/media\/1035"}],"wp:attachment":[{"href":"https:\/\/cmykprinted.com\/is\/wp-json\/wp\/v2\/media?parent=1034"}],"wp:term":[{"taxonomy":"product_cat","embeddable":true,"href":"https:\/\/cmykprinted.com\/is\/wp-json\/wp\/v2\/product_cat?post=1034"},{"taxonomy":"product_tag","embeddable":true,"href":"https:\/\/cmykprinted.com\/is\/wp-json\/wp\/v2\/product_tag?post=1034"}],"curies":[{"name":"wp","href":"https:\/\/api.w.org\/{rel}","templated":true}]}}