{"id":1043,"date":"2023-02-13T04:54:51","date_gmt":"2023-02-13T04:54:51","guid":{"rendered":"https:\/\/cmykprinted.com\/?post_type=product&#038;p=1043"},"modified":"2023-02-13T05:02:42","modified_gmt":"2023-02-13T05:02:42","slug":"personalized-teardrop-banner-flags-with-full-color-printing","status":"publish","type":"product","link":"https:\/\/cmykprinted.com\/is\/product\/personalized-teardrop-banner-flags-with-full-color-printing\/","title":{"rendered":"S\u00e9rsni\u00f0in Teardrop bor\u00f0af\u00e1nar me\u00f0 prentun \u00ed fullum lit"},"content":{"rendered":"","protected":false},"excerpt":{"rendered":"<p>Teardrop bor\u00f0af\u00e1nar, almennt nefndir t\u00e1raf\u00e1nar e\u00f0a fja\u00f0urf\u00e1nar, eru st\u00f3rir, t\u00e1rlaga f\u00e1nar sem nota\u00f0ir eru \u00ed augl\u00fdsinga- og marka\u00f0sskyni. \u00deeir eru me\u00f0 s\u00e9rsni\u00f0na h\u00f6nnun sem framleidd er me\u00f0 litarupplimunarferli sem lei\u00f0ir til bjartrar, h\u00e1g\u00e6\u00f0a graf\u00edk. F\u00e1narnir eru festir \u00e1 sveigjanlegri, l\u00e9ttri st\u00f6ng \u00far \u00e1li og trefjaplasti sem heldur f\u00e1nanum st\u00edfum jafnvel \u00ed vindi. St\u00f6ngina m\u00e1 setja \u00ed j\u00f6r\u00f0u e\u00f0a \u00e1 standi, mi\u00f0a\u00f0 vi\u00f0 \u00fearfir og \u00f3skir notandans.<br \/>\nA\u00f0 s\u00fdna t\u00e1raf\u00e1na fyrir framan fyrirt\u00e6ki\u00f0 \u00feitt getur veri\u00f0 \u00e1hrifar\u00edk lei\u00f0 til a\u00f0 n\u00e1 athygli m\u00f6gulegra vi\u00f0skiptavina og vegfarenda. \u00deessir f\u00e1nar eru \u00e1berandi og geta \u00e1 \u00e1hrifar\u00edkan h\u00e1tt kynnt fyrirt\u00e6ki\u00f0 \u00feitt og tilbo\u00f0 \u00feess. \u00deeir eru einnig fj\u00f6lh\u00e6fir og h\u00e6gt a\u00f0 nota \u00ed \u00fdmsum stillingum, svo sem v\u00f6rus\u00fdningum, \u00fativi\u00f0bur\u00f0um og verslunum. Me\u00f0 \u00fev\u00ed a\u00f0 velja s\u00e9rsni\u00f0na h\u00f6nnun sem s\u00fdnir n\u00e1kv\u00e6mlega v\u00f6rumerki og skilabo\u00f0 fyrirt\u00e6kisins \u00fe\u00edns getur\u00f0u komi\u00f0 skilabo\u00f0um \u00fe\u00ednum \u00e1 framf\u00e6ri \u00e1 \u00e1hrifar\u00edkan h\u00e1tt og haft varanlegan \u00e1hrif \u00e1 markh\u00f3pinn \u00feinn.<\/p>\n<div style=\"width: 1280px;\" class=\"wp-video\"><!--[if lt IE 9]><script>document.createElement('video');<\/script><![endif]--><br \/>\n<video class=\"wp-video-shortcode\" id=\"video-1043-1\" width=\"1280\" height=\"720\" loop autoplay preload=\"metadata\" controls=\"controls\"><source type=\"video\/mp4\" src=\"http:\/\/cmykprinted.com\/wp-content\/uploads\/2022\/12\/Beach-Teardrop-Flags-Banner.mp4?_=1\" \/><a href=\"http:\/\/cmykprinted.com\/wp-content\/uploads\/2022\/12\/Beach-Teardrop-Flags-Banner.mp4\">http:\/\/cmykprinted.com\/wp-content\/uploads\/2022\/12\/Beach-Teardrop-Flags-Banner.mp4<\/a><\/video><\/div>","protected":false},"featured_media":1044,"template":"","meta":{"_kad_post_transparent":"default","_kad_post_title":"hide","_kad_post_layout":"fullwidth","_kad_post_sidebar_id":"","_kad_post_content_style":"unboxed","_kad_post_vertical_padding":"hide","_kad_post_feature":"hide","_kad_post_feature_position":"","_kad_post_header":false,"_kad_post_footer":false},"product_cat":[64,67],"product_tag":[255,301,302,303,178],"class_list":{"0":"post-1043","1":"product","2":"type-product","3":"status-publish","4":"has-post-thumbnail","6":"product_cat-beach-flags","7":"product_cat-teardrop-flags-banners","8":"product_tag-personalized-teardrop-flags","9":"product_tag-teardrop-banner-flags","10":"product_tag-teardrop-banners","11":"product_tag-teardrop-flag-banners","12":"product_tag-teardrop-flags","14":"first","15":"instock","16":"shipping-taxable","17":"product-type-simple","18":"entry","19":"content-bg","20":"loop-entry"},"_links":{"self":[{"href":"https:\/\/cmykprinted.com\/is\/wp-json\/wp\/v2\/product\/1043","targetHints":{"allow":["GET"]}}],"collection":[{"href":"https:\/\/cmykprinted.com\/is\/wp-json\/wp\/v2\/product"}],"about":[{"href":"https:\/\/cmykprinted.com\/is\/wp-json\/wp\/v2\/types\/product"}],"version-history":[{"count":2,"href":"https:\/\/cmykprinted.com\/is\/wp-json\/wp\/v2\/product\/1043\/revisions"}],"predecessor-version":[{"id":1051,"href":"https:\/\/cmykprinted.com\/is\/wp-json\/wp\/v2\/product\/1043\/revisions\/1051"}],"wp:featuredmedia":[{"embeddable":true,"href":"https:\/\/cmykprinted.com\/is\/wp-json\/wp\/v2\/media\/1044"}],"wp:attachment":[{"href":"https:\/\/cmykprinted.com\/is\/wp-json\/wp\/v2\/media?parent=1043"}],"wp:term":[{"taxonomy":"product_cat","embeddable":true,"href":"https:\/\/cmykprinted.com\/is\/wp-json\/wp\/v2\/product_cat?post=1043"},{"taxonomy":"product_tag","embeddable":true,"href":"https:\/\/cmykprinted.com\/is\/wp-json\/wp\/v2\/product_tag?post=1043"}],"curies":[{"name":"wp","href":"https:\/\/api.w.org\/{rel}","templated":true}]}}