{"id":1052,"date":"2023-02-13T07:20:10","date_gmt":"2023-02-13T07:20:10","guid":{"rendered":"https:\/\/cmykprinted.com\/?post_type=product&#038;p=1052"},"modified":"2023-02-13T07:26:04","modified_gmt":"2023-02-13T07:26:04","slug":"50mm-hexagonal-aluminum-10x20ft-pop-up-canopies-tents","status":"publish","type":"product","link":"https:\/\/cmykprinted.com\/is\/product\/50mm-hexagonal-aluminum-10x20ft-pop-up-canopies-tents\/","title":{"rendered":"50 mm sexhyrndar \u00e1l 10x20 feta sprettiglugga tjaldhl\u00edfar"},"content":{"rendered":"","protected":false},"excerpt":{"rendered":"<p>10x20ft sprettiglugga me\u00f0 \u00e1lgrind er hi\u00f0 fullkomna val til a\u00f0 gera yfirl\u00fdsingu \u00e1 s\u00f6lub\u00e1s e\u00f0a v\u00f6rus\u00fdningu. Ramminn er hanna\u00f0ur til a\u00f0 heilla me\u00f0 sexhyrndum ytri f\u00f3tlegg \u00far \u00e1li sem er 50x50 mm og \u00feykkt 1,8 mm. Me\u00f0 fimm h\u00e6\u00f0arst\u00f6\u00f0um me\u00f0 7,5 cm millibili b\u00fd\u00f0ur \u00fea\u00f0 upp \u00e1 st\u00f6\u00f0ugleika til langt\u00edmanotkunar.<br \/>\n\u00dea\u00f0 er \u00e1reynslulaust a\u00f0 setja upp og brj\u00f3ta ni\u00f0ur tjaldhiminn, \u00fe\u00f6kk s\u00e9 samanbrj\u00f3tanlegum \u00e1lgrindi hennar og lausum hlutum. \u00der\u00fdstihnappurinn til a\u00f0 skipta um f\u00f3tastillingar og yfirst\u00e6r\u00f0ir togpinnar \u00ed efstu hornum gera uppsetninguna l\u00e9tt, \u00e1n \u00feess a\u00f0 \u00feurfa nein verkf\u00e6ri. \u00cd pakkanum er \u00e1lgrind til s\u00f6lu og h\u00e6gt er a\u00f0 setja hann saman af einum e\u00f0a tveimur einstaklingum \u00e1 nokkrum m\u00edn\u00fatum, \u00e1n nokkurra verkf\u00e6ra.<br \/>\n\u00deessi tjaldhiminn kemur me\u00f0 1 \u00e1rs \u00e1byrg\u00f0 og \u00e6vilangt frambo\u00f0 af aukahlutum og hlutum. Ef \u00feig vantar s\u00e9rsni\u00f0na vinnu erum vi\u00f0 h\u00e9r til a\u00f0 a\u00f0sto\u00f0a. Vi\u00f0 tryggjum 100% \u00e1n\u00e6gju og munum vinna a\u00f0 \u00fev\u00ed a\u00f0 leysa \u00f6ll vandam\u00e1l sem \u00fe\u00fa g\u00e6tir \u00e1tt.<br \/>\n\u00deetta fj\u00f6lh\u00e6fa tjaldhiminn hentar fyrir margs konar \u00fativi\u00f0bur\u00f0i, svo sem veislur, v\u00f6rus\u00fdningar, \u00ed\u00fer\u00f3ttir, lautarfer\u00f0ir, grillveislur og fleira. \u00dea\u00f0 er einnig h\u00e6gt a\u00f0 nota \u00e1 verslunarsv\u00e6\u00f0um, str\u00f6ndum, leikv\u00f6llum, g\u00f6r\u00f0um, g\u00f6r\u00f0um, b\u00e6jum og \u00f6\u00f0rum \u00fativistum, svo og innandyra eins og st\u00f3rum \u00ed\u00fer\u00f3ttah\u00fasum. Me\u00f0 h\u00e1g\u00e6\u00f0a \u00feess getur\u00f0u veri\u00f0 viss um langl\u00edfi og endingu. Ef \u00fe\u00fa hefur einhverjar \u00e1hyggjur af g\u00e6\u00f0um \u00e1 fyrsta \u00e1ri skaltu einfaldlega hafa samband vi\u00f0 okkur. 100% \u00e1n\u00e6gju\u00e1byrg\u00f0 okkar tryggir a\u00f0 vi\u00f0 munum vinna a\u00f0 \u00fev\u00ed a\u00f0 leysa \u00f6ll vandam\u00e1l sem \u00fe\u00fa g\u00e6tir lent \u00ed.<\/p>\n<div style=\"width: 1280px;\" class=\"wp-video\"><!--[if lt IE 9]><script>document.createElement('video');<\/script><![endif]--><br \/>\n<video class=\"wp-video-shortcode\" id=\"video-1052-1\" width=\"1280\" height=\"720\" loop autoplay preload=\"auto\" controls=\"controls\"><source type=\"video\/mp4\" src=\"http:\/\/cmykprinted.com\/wp-content\/uploads\/2022\/12\/10x15ft-Pop-up-Tent.mp4?_=1\" \/><a href=\"http:\/\/cmykprinted.com\/wp-content\/uploads\/2022\/12\/10x15ft-Pop-up-Tent.mp4\">http:\/\/cmykprinted.com\/wp-content\/uploads\/2022\/12\/10x15ft-Pop-up-Tent.mp4<\/a><\/video><\/div>","protected":false},"featured_media":1053,"template":"","meta":{"_kad_post_transparent":"default","_kad_post_title":"hide","_kad_post_layout":"fullwidth","_kad_post_sidebar_id":"","_kad_post_content_style":"unboxed","_kad_post_vertical_padding":"hide","_kad_post_feature":"hide","_kad_post_feature_position":"","_kad_post_header":false,"_kad_post_footer":false},"product_cat":[68,77,74],"product_tag":[279,208,282,306,305,281,304,280],"class_list":{"0":"post-1052","1":"product","2":"type-product","3":"status-publish","4":"has-post-thumbnail","6":"product_cat-custom-canopy-tents","7":"product_cat-10x20ft-pop-up-canopies-50mm-heavy-duty-hexagon-aluminum-tents-custom-canopy-tents","8":"product_cat-50mm-heavy-duty-hexagon-aluminum-tents","9":"product_tag-10x15ft-hexagonal-pop-up-canopy-tent","10":"product_tag-10x20ft-pop-up-canopies","11":"product_tag-50mm-hexagonal-pop-up-canopy","12":"product_tag-50mm-hexagonal-pop-up-canopies","13":"product_tag-aluminum-canopies-pop-up-canopies","14":"product_tag-aluminum-frame-pop-up-canopy-tent","15":"product_tag-hexagonal-aluminum-canopies","16":"product_tag-hexagonal-pop-up-canopy-tent","18":"first","19":"instock","20":"shipping-taxable","21":"product-type-simple","22":"entry","23":"content-bg","24":"loop-entry"},"_links":{"self":[{"href":"https:\/\/cmykprinted.com\/is\/wp-json\/wp\/v2\/product\/1052","targetHints":{"allow":["GET"]}}],"collection":[{"href":"https:\/\/cmykprinted.com\/is\/wp-json\/wp\/v2\/product"}],"about":[{"href":"https:\/\/cmykprinted.com\/is\/wp-json\/wp\/v2\/types\/product"}],"version-history":[{"count":2,"href":"https:\/\/cmykprinted.com\/is\/wp-json\/wp\/v2\/product\/1052\/revisions"}],"predecessor-version":[{"id":1059,"href":"https:\/\/cmykprinted.com\/is\/wp-json\/wp\/v2\/product\/1052\/revisions\/1059"}],"wp:featuredmedia":[{"embeddable":true,"href":"https:\/\/cmykprinted.com\/is\/wp-json\/wp\/v2\/media\/1053"}],"wp:attachment":[{"href":"https:\/\/cmykprinted.com\/is\/wp-json\/wp\/v2\/media?parent=1052"}],"wp:term":[{"taxonomy":"product_cat","embeddable":true,"href":"https:\/\/cmykprinted.com\/is\/wp-json\/wp\/v2\/product_cat?post=1052"},{"taxonomy":"product_tag","embeddable":true,"href":"https:\/\/cmykprinted.com\/is\/wp-json\/wp\/v2\/product_tag?post=1052"}],"curies":[{"name":"wp","href":"https:\/\/api.w.org\/{rel}","templated":true}]}}