{"id":1069,"date":"2023-02-13T13:14:04","date_gmt":"2023-02-13T13:14:04","guid":{"rendered":"https:\/\/cmykprinted.com\/?post_type=product&#038;p=1069"},"modified":"2023-02-13T13:33:15","modified_gmt":"2023-02-13T13:33:15","slug":"heavy-duty-premium-custom-pvc-banner-with-hanging-grommets","status":"publish","type":"product","link":"https:\/\/cmykprinted.com\/is\/product\/heavy-duty-premium-custom-pvc-banner-with-hanging-grommets\/","title":{"rendered":"Heavy Duty Premium Custom PVC Banner with Hanging Grommets"},"content":{"rendered":"","protected":false},"excerpt":{"rendered":"<p>Ef \u00fe\u00fa ert a\u00f0 leita a\u00f0 \u00e1rei\u00f0anlegri og langvarandi augl\u00fdsingalausn fyrir fyrirt\u00e6ki\u00f0 \u00feitt skaltu \u00edhuga s\u00e9rsni\u00f0na PVC bor\u00f0ana okkar. \u00deessir bor\u00f0ar eru b\u00fanir til \u00far sterku PVC sveigjanlegu efni og bj\u00f3\u00f0a upp \u00e1 fram\u00farskarandi vi\u00f0n\u00e1m og endingu gegn sterkum ytri \u00fe\u00e1ttum, sem gerir \u00fe\u00e1 tilvalna til notkunar utandyra.<br \/>\nHvort sem \u00fe\u00fa vilt kynna vi\u00f0bur\u00f0, s\u00fdna v\u00f6rur \u00fe\u00ednar e\u00f0a \u00fej\u00f3nustu, e\u00f0a einfaldlega deila mikilv\u00e6gum uppl\u00fdsingum me\u00f0 \u00e1horfendum \u00fe\u00ednum, \u00fe\u00e1 eru s\u00e9rsni\u00f0nir PVC bor\u00f0ar okkar skilvirkt og hagkv\u00e6mt val. Varanlegur e\u00f0li \u00feeirra gerir \u00feeim kleift a\u00f0 standast \u00fe\u00e6ttina og veita langt\u00edma\u00fej\u00f3nustu, svo \u00fe\u00fa getur endurn\u00fdtt \u00fe\u00e1 \u00feegar \u00fe\u00f6rf krefur.<br \/>\nEinn af kostunum vi\u00f0 a\u00f0 nota s\u00e9rsni\u00f0na PVC bor\u00f0a er a\u00f0 \u00feeir geta hj\u00e1lpa\u00f0 til vi\u00f0 a\u00f0 draga \u00far heildaraugl\u00fdsingakostna\u00f0i \u00fe\u00ednum. Varanlegur og langvarandi e\u00f0li \u00feeirra \u00fe\u00fd\u00f0ir a\u00f0 \u00fe\u00fa \u00fearft ekki a\u00f0 hafa \u00e1hyggjur af t\u00ed\u00f0um kaupum e\u00f0a skiptum, sem sparar \u00fe\u00e9r t\u00edma og peninga til lengri t\u00edma liti\u00f0 \u00e1 sama t\u00edma og \u00fe\u00fa tryggir a\u00f0 bor\u00f0arnir \u00fe\u00ednir haldist \u00ed toppstandi og haldi \u00e1fram a\u00f0 kynna fyrirt\u00e6ki\u00f0 \u00feitt \u00e1 \u00e1hrifar\u00edkan h\u00e1tt.<br \/>\nA\u00f0 lokum eru s\u00e9rsni\u00f0nir PVC bor\u00f0ar \u00e1rei\u00f0anlegur og hagkv\u00e6mur valkostur til a\u00f0 augl\u00fdsa fyrirt\u00e6ki \u00feitt utandyra. Sterkt efni \u00feeirra og endingarg\u00f3\u00f0 sm\u00ed\u00f0i gera \u00feau hentug til langt\u00edmanotkunar, sem hj\u00e1lpar \u00fe\u00e9r a\u00f0 n\u00e1 augl\u00fdsingamarkmi\u00f0um \u00fe\u00ednum \u00e1 me\u00f0an \u00fe\u00fa sparar peninga \u00ed ferlinu.<\/p>\n<div style=\"width: 1280px;\" class=\"wp-video\"><!--[if lt IE 9]><script>document.createElement('video');<\/script><![endif]--><br \/>\n<video class=\"wp-video-shortcode\" id=\"video-1069-1\" width=\"1280\" height=\"720\" loop autoplay preload=\"metadata\" controls=\"controls\"><source type=\"video\/mp4\" src=\"http:\/\/cmykprinted.com\/wp-content\/uploads\/2022\/12\/PVC-Mesh-Banner.mp4?_=1\" \/><a href=\"http:\/\/cmykprinted.com\/wp-content\/uploads\/2022\/12\/PVC-Mesh-Banner.mp4\">http:\/\/cmykprinted.com\/wp-content\/uploads\/2022\/12\/PVC-Mesh-Banner.mp4<\/a><\/video><\/div>","protected":false},"featured_media":1070,"template":"","meta":{"_kad_post_transparent":"default","_kad_post_title":"hide","_kad_post_layout":"fullwidth","_kad_post_sidebar_id":"","_kad_post_content_style":"unboxed","_kad_post_vertical_padding":"hide","_kad_post_feature":"hide","_kad_post_feature_position":"","_kad_post_header":false,"_kad_post_footer":false},"product_cat":[85,90,91,89,88],"product_tag":[310,309,311,312],"class_list":{"0":"post-1069","1":"product","2":"type-product","3":"status-publish","4":"has-post-thumbnail","6":"product_cat-outdoor-vinyl-banners","7":"product_cat-glossy-pvc-banners","8":"product_cat-matte-vinyl-banners","9":"product_cat-pvc-banners","10":"product_cat-pvc-mesh-banners","11":"product_tag-banner-with-hanging-grommets","12":"product_tag-custom-pvc-banner","13":"product_tag-heavy-duty-pvc-banner","14":"product_tag-premium-pvc-banner","16":"first","17":"instock","18":"shipping-taxable","19":"product-type-simple","20":"entry","21":"content-bg","22":"loop-entry"},"_links":{"self":[{"href":"https:\/\/cmykprinted.com\/is\/wp-json\/wp\/v2\/product\/1069","targetHints":{"allow":["GET"]}}],"collection":[{"href":"https:\/\/cmykprinted.com\/is\/wp-json\/wp\/v2\/product"}],"about":[{"href":"https:\/\/cmykprinted.com\/is\/wp-json\/wp\/v2\/types\/product"}],"version-history":[{"count":2,"href":"https:\/\/cmykprinted.com\/is\/wp-json\/wp\/v2\/product\/1069\/revisions"}],"predecessor-version":[{"id":1077,"href":"https:\/\/cmykprinted.com\/is\/wp-json\/wp\/v2\/product\/1069\/revisions\/1077"}],"wp:featuredmedia":[{"embeddable":true,"href":"https:\/\/cmykprinted.com\/is\/wp-json\/wp\/v2\/media\/1070"}],"wp:attachment":[{"href":"https:\/\/cmykprinted.com\/is\/wp-json\/wp\/v2\/media?parent=1069"}],"wp:term":[{"taxonomy":"product_cat","embeddable":true,"href":"https:\/\/cmykprinted.com\/is\/wp-json\/wp\/v2\/product_cat?post=1069"},{"taxonomy":"product_tag","embeddable":true,"href":"https:\/\/cmykprinted.com\/is\/wp-json\/wp\/v2\/product_tag?post=1069"}],"curies":[{"name":"wp","href":"https:\/\/api.w.org\/{rel}","templated":true}]}}