{"id":1078,"date":"2023-02-13T14:09:55","date_gmt":"2023-02-13T14:09:55","guid":{"rendered":"https:\/\/cmykprinted.com\/?post_type=product&#038;p=1078"},"modified":"2023-02-13T14:16:32","modified_gmt":"2023-02-13T14:16:32","slug":"personalized-triangle-pop-out-banner-custom-pop-up-signs","status":"publish","type":"product","link":"https:\/\/cmykprinted.com\/is\/product\/personalized-triangle-pop-out-banner-custom-pop-up-signs\/","title":{"rendered":"S\u00e9rsni\u00f0in \u00fer\u00edhyrningssprett-\u00fat bor\u00f0i S\u00e9rsni\u00f0in sprettigluggi"},"content":{"rendered":"","protected":false},"excerpt":{"rendered":"<p>\u00der\u00edhyrningsbor\u00f0ar sem smella \u00fat bj\u00f3\u00f0a upp \u00e1 flotta og \u00e1hrifar\u00edka lei\u00f0 til a\u00f0 kynna v\u00f6rumerki\u00f0 \u00feitt e\u00f0a fyrirt\u00e6ki. Au\u00f0velt a\u00f0 setja saman h\u00f6nnun \u00feeirra, ger\u00f0 \u00far l\u00e9ttu og endingarg\u00f3\u00f0u ferskjuskinnsefni, gerir \u00fe\u00e1 fullkomna fyrir v\u00f6rus\u00fdningar, vi\u00f0bur\u00f0i og r\u00e1\u00f0stefnur. Me\u00f0 me\u00f0fylgjandi bur\u00f0arpoka til geymslu og flutnings eru \u00feessir bor\u00f0ar ekki a\u00f0eins \u00fe\u00e6gilegir \u00ed notkun, heldur einnig tryggt a\u00f0 \u00feeir fangi athygli fyrirhuga\u00f0s \u00e1horfenda. Hvort sem \u00fe\u00fa ert a\u00f0 tilkynna n\u00fdja v\u00f6ru, \u00fats\u00f6lu e\u00f0a v\u00e6ntanlegan vi\u00f0bur\u00f0, munu \u00feessir bor\u00f0ar hafa varanleg \u00e1hrif, b\u00e6\u00f0i innandyra og utan, me\u00f0 gormm\u00e1lmst\u00e1li og t\u00f6ppum.<br \/>\nTaktu augl\u00fdsingarnar \u00fe\u00ednar \u00e1 n\u00e6sta stig me\u00f0 \u00fer\u00edhyrningsbor\u00f0a sem sprettur \u00fat. Hin einfalda uppsetningarhandb\u00f3k veitir \u00f6ll \u00feau verkf\u00e6ri sem \u00fe\u00fa \u00fearft til a\u00f0 setja upp og taka ni\u00f0ur bor\u00f0ann \u00feinn \u00e1 au\u00f0veldan h\u00e1tt. Gef\u00f0u yfirl\u00fdsingu \u00e1 n\u00e6sta vi\u00f0bur\u00f0i e\u00f0a r\u00e1\u00f0stefnu me\u00f0 \u00fev\u00ed a\u00f0 fj\u00e1rfesta \u00ed pop-out bor\u00f0a \u00ed dag.<\/p>\n<div style=\"width: 1280px;\" class=\"wp-video\"><!--[if lt IE 9]><script>document.createElement('video');<\/script><![endif]--><br \/>\n<video class=\"wp-video-shortcode\" id=\"video-1078-1\" width=\"1280\" height=\"720\" loop autoplay preload=\"metadata\" controls=\"controls\"><source type=\"video\/mp4\" src=\"http:\/\/cmykprinted.com\/wp-content\/uploads\/2022\/12\/Triangle-Pop-Up-Banners.mp4?_=1\" \/><a href=\"http:\/\/cmykprinted.com\/wp-content\/uploads\/2022\/12\/Triangle-Pop-Up-Banners.mp4\">http:\/\/cmykprinted.com\/wp-content\/uploads\/2022\/12\/Triangle-Pop-Up-Banners.mp4<\/a><\/video><\/div>","protected":false},"featured_media":1079,"template":"","meta":{"_kad_post_transparent":"default","_kad_post_title":"hide","_kad_post_layout":"fullwidth","_kad_post_sidebar_id":"","_kad_post_content_style":"unboxed","_kad_post_vertical_padding":"hide","_kad_post_feature":"hide","_kad_post_feature_position":"","_kad_post_header":false,"_kad_post_footer":false},"product_cat":[92,95],"product_tag":[314,315,313,316],"class_list":{"0":"post-1078","1":"product","2":"type-product","3":"status-publish","4":"has-post-thumbnail","6":"product_cat-pop-up-banners","7":"product_cat-triangle-pop-up-banners","8":"product_tag-custom-pop-up-signs","9":"product_tag-personalized-pop-up-signs","10":"product_tag-triangle-pop-out-banner","11":"product_tag-triangle-pop-up-signs","13":"first","14":"instock","15":"shipping-taxable","16":"product-type-simple","17":"entry","18":"content-bg","19":"loop-entry"},"_links":{"self":[{"href":"https:\/\/cmykprinted.com\/is\/wp-json\/wp\/v2\/product\/1078","targetHints":{"allow":["GET"]}}],"collection":[{"href":"https:\/\/cmykprinted.com\/is\/wp-json\/wp\/v2\/product"}],"about":[{"href":"https:\/\/cmykprinted.com\/is\/wp-json\/wp\/v2\/types\/product"}],"version-history":[{"count":2,"href":"https:\/\/cmykprinted.com\/is\/wp-json\/wp\/v2\/product\/1078\/revisions"}],"predecessor-version":[{"id":1086,"href":"https:\/\/cmykprinted.com\/is\/wp-json\/wp\/v2\/product\/1078\/revisions\/1086"}],"wp:featuredmedia":[{"embeddable":true,"href":"https:\/\/cmykprinted.com\/is\/wp-json\/wp\/v2\/media\/1079"}],"wp:attachment":[{"href":"https:\/\/cmykprinted.com\/is\/wp-json\/wp\/v2\/media?parent=1078"}],"wp:term":[{"taxonomy":"product_cat","embeddable":true,"href":"https:\/\/cmykprinted.com\/is\/wp-json\/wp\/v2\/product_cat?post=1078"},{"taxonomy":"product_tag","embeddable":true,"href":"https:\/\/cmykprinted.com\/is\/wp-json\/wp\/v2\/product_tag?post=1078"}],"curies":[{"name":"wp","href":"https:\/\/api.w.org\/{rel}","templated":true}]}}