{"id":1095,"date":"2023-02-13T15:30:16","date_gmt":"2023-02-13T15:30:16","guid":{"rendered":"https:\/\/cmykprinted.com\/?post_type=product&#038;p=1095"},"modified":"2023-02-13T15:34:49","modified_gmt":"2023-02-13T15:34:49","slug":"waterproof-custom-uv-3d-metal-transfer-stickers-labels","status":"publish","type":"product","link":"https:\/\/cmykprinted.com\/is\/product\/waterproof-custom-uv-3d-metal-transfer-stickers-labels\/","title":{"rendered":"Vatnsheldur s\u00e9rsni\u00f0in UV 3D m\u00e1lmflutningsmerkimi\u00f0ar"},"content":{"rendered":"","protected":false},"excerpt":{"rendered":"<p>3D m\u00e1lmflutningsl\u00edmmi\u00f0ar bj\u00f3\u00f0a upp \u00e1 einstaka og st\u00edlhreina merkingarlausn, me\u00f0 sterkri nikkelpapp\u00edr til a\u00f0 skapa \u00fer\u00edv\u00edddar\u00e1hrif. Umframefni\u00f0 er snyrt \u00far h\u00f6nnuninni, sem lei\u00f0ir til sl\u00e9tts og f\u00e1ga\u00f0s \u00fatlits me\u00f0 \u201eno label\u201c \u00fatliti. Fullkomnir fyrir h\u00e1g\u00e6\u00f0a v\u00f6rur e\u00f0a rafr\u00e6n vi\u00f0skipti, l\u00edmmi\u00f0arnir eru framleiddir me\u00f0 \u00fev\u00ed a\u00f0 prenta h\u00f6nnunina \u00e1 nikkelpapp\u00edr \u00ed gegnum s\u00e9rh\u00e6ft prentunarferli. Eftir a\u00f0 umfram efni hefur veri\u00f0 fjarl\u00e6gt eru upph\u00e6kku\u00f0u \u00fe\u00e6ttirnir kl\u00e6ddir me\u00f0 l\u00edmlagi, sem gerir \u00feau hentug til notkunar \u00e1 \u00fdmsum yfirbor\u00f0um eins og plasti, m\u00e1lmi og papp\u00edr.<br \/>\nEinn af helstu kostum \u00feessara 3D m\u00e1lmflutningsl\u00edmmi\u00f0a er ending \u00feeirra. \u00deeir eru b\u00fanir til \u00far t\u00e6ringar\u00feolnu nikkeli og \u00feola slit \u00e1 me\u00f0an \u00feeir halda g\u00e6\u00f0um s\u00ednum me\u00f0 t\u00edmanum. A\u00f0 auki eru \u00feau \u00f3n\u00e6m fyrir hverfa og mislitun, sem tryggir langvarandi merkingarlausn. \u00der\u00edv\u00edddar\u00e1hrif \u00feessara l\u00edmmi\u00f0a b\u00e6ta einnig a\u00f0la\u00f0andi og \u00e1berandi bl\u00e6 \u00e1 v\u00f6ruumb\u00fa\u00f0ir \u00fe\u00ednar e\u00f0a v\u00f6rumerki.<\/p>\n<div style=\"width: 1280px;\" class=\"wp-video\"><!--[if lt IE 9]><script>document.createElement('video');<\/script><![endif]--><br \/>\n<video class=\"wp-video-shortcode\" id=\"video-1095-1\" width=\"1280\" height=\"720\" loop autoplay preload=\"metadata\" controls=\"controls\"><source type=\"video\/mp4\" src=\"http:\/\/cmykprinted.com\/wp-content\/uploads\/2022\/12\/Metal-Transfer-Sticker.mp4?_=1\" \/><a href=\"http:\/\/cmykprinted.com\/wp-content\/uploads\/2022\/12\/Metal-Transfer-Sticker.mp4\">http:\/\/cmykprinted.com\/wp-content\/uploads\/2022\/12\/Metal-Transfer-Sticker.mp4<\/a><\/video><\/div>\n<p>&nbsp;<\/p>","protected":false},"featured_media":1096,"template":"","meta":{"_kad_post_transparent":"default","_kad_post_title":"hide","_kad_post_layout":"fullwidth","_kad_post_sidebar_id":"","_kad_post_content_style":"unboxed","_kad_post_vertical_padding":"hide","_kad_post_feature":"hide","_kad_post_feature_position":"","_kad_post_header":false,"_kad_post_footer":false},"product_cat":[101,102],"product_tag":[299],"class_list":{"0":"post-1095","1":"product","2":"type-product","3":"status-publish","4":"has-post-thumbnail","6":"product_cat-transfer-stickers","7":"product_cat-metal-transfer-stickers","8":"product_tag-3d-metal-transfer-stickers","10":"first","11":"instock","12":"shipping-taxable","13":"product-type-simple","14":"entry","15":"content-bg","16":"loop-entry"},"_links":{"self":[{"href":"https:\/\/cmykprinted.com\/is\/wp-json\/wp\/v2\/product\/1095","targetHints":{"allow":["GET"]}}],"collection":[{"href":"https:\/\/cmykprinted.com\/is\/wp-json\/wp\/v2\/product"}],"about":[{"href":"https:\/\/cmykprinted.com\/is\/wp-json\/wp\/v2\/types\/product"}],"version-history":[{"count":2,"href":"https:\/\/cmykprinted.com\/is\/wp-json\/wp\/v2\/product\/1095\/revisions"}],"predecessor-version":[{"id":1103,"href":"https:\/\/cmykprinted.com\/is\/wp-json\/wp\/v2\/product\/1095\/revisions\/1103"}],"wp:featuredmedia":[{"embeddable":true,"href":"https:\/\/cmykprinted.com\/is\/wp-json\/wp\/v2\/media\/1096"}],"wp:attachment":[{"href":"https:\/\/cmykprinted.com\/is\/wp-json\/wp\/v2\/media?parent=1095"}],"wp:term":[{"taxonomy":"product_cat","embeddable":true,"href":"https:\/\/cmykprinted.com\/is\/wp-json\/wp\/v2\/product_cat?post=1095"},{"taxonomy":"product_tag","embeddable":true,"href":"https:\/\/cmykprinted.com\/is\/wp-json\/wp\/v2\/product_tag?post=1095"}],"curies":[{"name":"wp","href":"https:\/\/api.w.org\/{rel}","templated":true}]}}