{"id":1104,"date":"2023-02-13T15:48:44","date_gmt":"2023-02-13T15:48:44","guid":{"rendered":"https:\/\/cmykprinted.com\/?post_type=product&#038;p=1104"},"modified":"2023-02-13T15:54:13","modified_gmt":"2023-02-13T15:54:13","slug":"low-price-custom-feather-flags-for-indoor-and-outdoor-use","status":"publish","type":"product","link":"https:\/\/cmykprinted.com\/is\/product\/low-price-custom-feather-flags-for-indoor-and-outdoor-use\/","title":{"rendered":"S\u00e9rsni\u00f0in fj\u00f6\u00f0urf\u00e1nar \u00e1 l\u00e1gu ver\u00f0i til notkunar innanh\u00fass og utan"},"content":{"rendered":"","protected":false},"excerpt":{"rendered":"<p>S\u00e9rsni\u00f0nir fja\u00f0urf\u00e1nar eru \u00e1hrifar\u00edkt augl\u00fdsingat\u00e6ki fyrir fyrirt\u00e6ki og stofnanir sem krefjast \u00e1reynslulausrar lei\u00f0ar til a\u00f0 kynna v\u00f6rumerki sitt e\u00f0a skilabo\u00f0. Au\u00f0velt er a\u00f0 setja \u00feessa f\u00e1na upp og h\u00e6gt er a\u00f0 koma \u00feeim fyrir hvar sem er, sem gerir \u00fe\u00e1 a\u00f0 hagn\u00fdtri lausn. Fja\u00f0urf\u00e1namastri\u00f0 er b\u00fai\u00f0 til \u00far endingarg\u00f3\u00f0um efnum eins og \u00e1li og trefjagleri, sem tryggir a\u00f0 \u00fea\u00f0 haldist uppr\u00e9tt jafnvel \u00ed vindasamst\u00e6\u00f0um og sl\u00e6mu ve\u00f0ri. F\u00e1ninn sj\u00e1lfur er prenta\u00f0ur \u00e1 h\u00e1g\u00e6\u00f0a 115 g\/m2 p\u00f3l\u00fdesterefni sem b\u00fd\u00f0ur upp \u00e1 n\u00e6stum 100% endurspeglun \u00e1 bakhli\u00f0inni, sem tryggir a\u00f0 f\u00e1ninn s\u00e9 au\u00f0veldlega s\u00fdnilegur og l\u00e6silegur \u00far fjarl\u00e6g\u00f0.<br \/>\nTil vi\u00f0b\u00f3tar vi\u00f0 endingu og s\u00fdnileika eru s\u00e9rsni\u00f0nir fja\u00f0urf\u00e1nar einnig \u00fe\u00e6gilegir \u00ed flutningi og taka l\u00e1gmarks pl\u00e1ss. Au\u00f0velt er a\u00f0 f\u00e6ra \u00feau fr\u00e1 einum sta\u00f0 til annars og h\u00e6gt a\u00f0 setja \u00feau upp \u00e1 hva\u00f0a yfirbor\u00f0i sem er me\u00f0 \u00fev\u00ed a\u00f0 nota \u00fdmsa grunnvalkosti.<br \/>\nA\u00f0 lokum eru s\u00e9rsni\u00f0nir fja\u00f0urf\u00e1nar sveigjanleg og skilvirk a\u00f0fer\u00f0 til a\u00f0 kynna v\u00f6rumerki\u00f0 \u00feitt e\u00f0a skilabo\u00f0. Me\u00f0 au\u00f0veldri samsetningu, traustleika og mikla s\u00fdnileika eru \u00feeir tilvalinn kostur fyrir \u00f6ll fyrirt\u00e6ki e\u00f0a samt\u00f6k sem leitast vi\u00f0 a\u00f0 vekja athygli.<\/p>\n<div style=\"width: 1280px;\" class=\"wp-video\"><!--[if lt IE 9]><script>document.createElement('video');<\/script><![endif]--><br \/>\n<video class=\"wp-video-shortcode\" id=\"video-1104-1\" width=\"1280\" height=\"720\" loop autoplay preload=\"metadata\" controls=\"controls\"><source type=\"video\/mp4\" src=\"http:\/\/cmykprinted.com\/wp-content\/uploads\/2022\/12\/Feather-beach-flags.mp4?_=1\" \/><a href=\"http:\/\/cmykprinted.com\/wp-content\/uploads\/2022\/12\/Feather-beach-flags.mp4\">http:\/\/cmykprinted.com\/wp-content\/uploads\/2022\/12\/Feather-beach-flags.mp4<\/a><\/video><\/div>","protected":false},"featured_media":1105,"template":"","meta":{"_kad_post_transparent":"default","_kad_post_title":"hide","_kad_post_layout":"fullwidth","_kad_post_sidebar_id":"","_kad_post_content_style":"unboxed","_kad_post_vertical_padding":"hide","_kad_post_feature":"hide","_kad_post_feature_position":"","_kad_post_header":false,"_kad_post_footer":false},"product_cat":[64,65],"product_tag":[321,322,323,204],"class_list":{"0":"post-1104","1":"product","2":"type-product","3":"status-publish","4":"has-post-thumbnail","6":"product_cat-beach-flags","7":"product_cat-feather-flags-banners","8":"product_tag-custom-feather-flags","9":"product_tag-indoor-feather-flags","10":"product_tag-low-price-feather-flags","11":"product_tag-outdoor-feather-flags","13":"first","14":"instock","15":"shipping-taxable","16":"product-type-simple","17":"entry","18":"content-bg","19":"loop-entry"},"_links":{"self":[{"href":"https:\/\/cmykprinted.com\/is\/wp-json\/wp\/v2\/product\/1104","targetHints":{"allow":["GET"]}}],"collection":[{"href":"https:\/\/cmykprinted.com\/is\/wp-json\/wp\/v2\/product"}],"about":[{"href":"https:\/\/cmykprinted.com\/is\/wp-json\/wp\/v2\/types\/product"}],"version-history":[{"count":2,"href":"https:\/\/cmykprinted.com\/is\/wp-json\/wp\/v2\/product\/1104\/revisions"}],"predecessor-version":[{"id":1112,"href":"https:\/\/cmykprinted.com\/is\/wp-json\/wp\/v2\/product\/1104\/revisions\/1112"}],"wp:featuredmedia":[{"embeddable":true,"href":"https:\/\/cmykprinted.com\/is\/wp-json\/wp\/v2\/media\/1105"}],"wp:attachment":[{"href":"https:\/\/cmykprinted.com\/is\/wp-json\/wp\/v2\/media?parent=1104"}],"wp:term":[{"taxonomy":"product_cat","embeddable":true,"href":"https:\/\/cmykprinted.com\/is\/wp-json\/wp\/v2\/product_cat?post=1104"},{"taxonomy":"product_tag","embeddable":true,"href":"https:\/\/cmykprinted.com\/is\/wp-json\/wp\/v2\/product_tag?post=1104"}],"curies":[{"name":"wp","href":"https:\/\/api.w.org\/{rel}","templated":true}]}}