{"id":1951,"date":"2024-03-25T07:48:46","date_gmt":"2024-03-25T07:48:46","guid":{"rendered":"https:\/\/cmykprinted.com\/?post_type=product&#038;p=1951"},"modified":"2024-03-26T08:28:10","modified_gmt":"2024-03-26T08:28:10","slug":"double-side-printed-polyester-hanging-flag-for-advertising","status":"publish","type":"product","link":"https:\/\/cmykprinted.com\/is\/product\/tvihlida-prentud-polyester-hengandi-flagg-fyrir-umsokn\/","title":{"rendered":"Tv\u00edhli\u00f0a prenta\u00f0ur p\u00f3l\u00fdester hangandi f\u00e1ni fyrir augl\u00fdsingar"},"content":{"rendered":"","protected":false},"excerpt":{"rendered":"<p>S\u00e9rsni\u00f0in p\u00f3l\u00fdesterf\u00e1nar<\/p>\n<p>Engar l\u00e1gmarkskr\u00f6fur. Enginn stofnkostna\u00f0ur! Heilds\u00f6luver\u00f0 a\u00f0gengilegt fyrir st\u00f3rkaup. H\u00e1upplausn \u00ed fullum litum me\u00f0 dye sublimation prentun!<\/p>\n<p>Flj\u00f3tur vi\u00f0sn\u00faningur, vi\u00f0 getum kl\u00e1ra\u00f0 s\u00fdnishorni\u00f0 \u00feitt innan 48 klukkustunda.<\/p>\n<p>Fullkominn Pantone litur sem passar \u00e1n aukagjalds.<\/p>\n<p>\u00d3keypis h\u00f6nnunar\u00fej\u00f3nusta!<\/p>\n<p>Vi\u00f0 getum gert hva\u00f0a s\u00e9rsni\u00f0na prenta\u00f0a f\u00e1na sem \u00fe\u00fa vilt, svo sem til a\u00f0 b\u00e6ta vi\u00f0 t\u00fattum \/ augum \/ ermi e\u00f0a staf.<\/p>\n<p>&nbsp;<\/p>","protected":false},"featured_media":1952,"template":"","meta":{"_kad_post_transparent":"default","_kad_post_title":"hide","_kad_post_layout":"fullwidth","_kad_post_sidebar_id":"","_kad_post_content_style":"unboxed","_kad_post_vertical_padding":"hide","_kad_post_feature":"hide","_kad_post_feature_position":"","_kad_post_header":false,"_kad_post_footer":false},"product_cat":[79],"product_tag":[388,387,386,385],"class_list":{"0":"post-1951","1":"product","2":"type-product","3":"status-publish","4":"has-post-thumbnail","6":"product_cat-custom-flags","7":"product_tag-custom-double-sided-flags","8":"product_tag-double-side-printed-polyester-hanging-flag","9":"product_tag-flag-for-advertising","10":"product_tag-polyester-hanging-flag","12":"first","13":"instock","14":"shipping-taxable","15":"product-type-simple","16":"entry","17":"content-bg","18":"loop-entry"},"_links":{"self":[{"href":"https:\/\/cmykprinted.com\/is\/wp-json\/wp\/v2\/product\/1951","targetHints":{"allow":["GET"]}}],"collection":[{"href":"https:\/\/cmykprinted.com\/is\/wp-json\/wp\/v2\/product"}],"about":[{"href":"https:\/\/cmykprinted.com\/is\/wp-json\/wp\/v2\/types\/product"}],"version-history":[{"count":3,"href":"https:\/\/cmykprinted.com\/is\/wp-json\/wp\/v2\/product\/1951\/revisions"}],"predecessor-version":[{"id":1963,"href":"https:\/\/cmykprinted.com\/is\/wp-json\/wp\/v2\/product\/1951\/revisions\/1963"}],"wp:featuredmedia":[{"embeddable":true,"href":"https:\/\/cmykprinted.com\/is\/wp-json\/wp\/v2\/media\/1952"}],"wp:attachment":[{"href":"https:\/\/cmykprinted.com\/is\/wp-json\/wp\/v2\/media?parent=1951"}],"wp:term":[{"taxonomy":"product_cat","embeddable":true,"href":"https:\/\/cmykprinted.com\/is\/wp-json\/wp\/v2\/product_cat?post=1951"},{"taxonomy":"product_tag","embeddable":true,"href":"https:\/\/cmykprinted.com\/is\/wp-json\/wp\/v2\/product_tag?post=1951"}],"curies":[{"name":"wp","href":"https:\/\/api.w.org\/{rel}","templated":true}]}}