{"id":1965,"date":"2024-03-27T04:06:25","date_gmt":"2024-03-27T04:06:25","guid":{"rendered":"https:\/\/cmykprinted.com\/?post_type=product&#038;p=1965"},"modified":"2024-03-27T07:33:30","modified_gmt":"2024-03-27T07:33:30","slug":"full-color-custom-printed-flags-with-sleeve","status":"publish","type":"product","link":"https:\/\/cmykprinted.com\/is\/product\/full-litur-sersnidin-prentud-fanar-med-ermi\/","title":{"rendered":"S\u00e9rprenta\u00f0ir f\u00e1nar \u00ed fullum lit me\u00f0 ermi"},"content":{"rendered":"","protected":false},"excerpt":{"rendered":"<p>MOQ: 1 stk<\/p>\n<p>Prentunara\u00f0fer\u00f0: Dye Sublimation Prentun e\u00f0a stafr\u00e6n prentun<\/p>\n<p>Einhli\u00f0a e\u00f0a tv\u00edhli\u00f0a prentu\u00f0 (framan og aftan ver\u00f0a prentu\u00f0 \u00ed s\u00f6mu prentu\u00f0u litunum) eru f\u00e1anlegar.<\/p>\n<p>\u00d3keypis h\u00f6nnunar\u00fej\u00f3nusta og \u00f3d\u00fdr s\u00fdnishornskostna\u00f0ur me\u00f0 skj\u00f3tum afgrei\u00f0slu.<\/p>\n<p>M\u00f6rg mismunandi g\u00e6\u00f0aefni til a\u00f0 velja, svo sem, 100D p\u00f3l\u00fdester efni f\u00e1na, 110g prj\u00f3na\u00f0 f\u00e1nar, 120g sat\u00edn d\u00fak f\u00e1nar, 250g prj\u00f3na\u00f0 d\u00fak f\u00e1nar<\/p>\n<p>Fullb\u00fainn valkostur: falsa\u00f0ur br\u00fan me\u00f0 t\u00fattum, e\u00f0a ermi fyrir st\u00f6ng, D-hengi \u00far plasti.<\/p>\n<p>S\u00e9rsni\u00f0in \/ s\u00e9rsni\u00f0in st\u00e6r\u00f0 prentu\u00f0 f\u00e1nar.<\/p>\n<p>&nbsp;<\/p>\n<p>&nbsp;<\/p>\n<p>&nbsp;<\/p>\n<p>&nbsp;<\/p>","protected":false},"featured_media":1974,"template":"","meta":{"_kad_post_transparent":"default","_kad_post_title":"hide","_kad_post_layout":"fullwidth","_kad_post_sidebar_id":"","_kad_post_content_style":"unboxed","_kad_post_vertical_padding":"hide","_kad_post_feature":"hide","_kad_post_feature_position":"","_kad_post_header":false,"_kad_post_footer":false},"product_cat":[79],"product_tag":[391,389,392,393,390],"class_list":{"0":"post-1965","1":"product","2":"type-product","3":"status-publish","4":"has-post-thumbnail","6":"product_cat-custom-flags","7":"product_tag-custom-flag-printing","8":"product_tag-custom-printed-flags","9":"product_tag-flag-printing","10":"product_tag-flag-printing-sailing-flags","11":"product_tag-full-color-printed-flag","13":"first","14":"instock","15":"shipping-taxable","16":"product-type-simple","17":"entry","18":"content-bg","19":"loop-entry"},"_links":{"self":[{"href":"https:\/\/cmykprinted.com\/is\/wp-json\/wp\/v2\/product\/1965","targetHints":{"allow":["GET"]}}],"collection":[{"href":"https:\/\/cmykprinted.com\/is\/wp-json\/wp\/v2\/product"}],"about":[{"href":"https:\/\/cmykprinted.com\/is\/wp-json\/wp\/v2\/types\/product"}],"version-history":[{"count":1,"href":"https:\/\/cmykprinted.com\/is\/wp-json\/wp\/v2\/product\/1965\/revisions"}],"predecessor-version":[{"id":1973,"href":"https:\/\/cmykprinted.com\/is\/wp-json\/wp\/v2\/product\/1965\/revisions\/1973"}],"wp:featuredmedia":[{"embeddable":true,"href":"https:\/\/cmykprinted.com\/is\/wp-json\/wp\/v2\/media\/1974"}],"wp:attachment":[{"href":"https:\/\/cmykprinted.com\/is\/wp-json\/wp\/v2\/media?parent=1965"}],"wp:term":[{"taxonomy":"product_cat","embeddable":true,"href":"https:\/\/cmykprinted.com\/is\/wp-json\/wp\/v2\/product_cat?post=1965"},{"taxonomy":"product_tag","embeddable":true,"href":"https:\/\/cmykprinted.com\/is\/wp-json\/wp\/v2\/product_tag?post=1965"}],"curies":[{"name":"wp","href":"https:\/\/api.w.org\/{rel}","templated":true}]}}