{"id":1975,"date":"2024-03-28T09:29:25","date_gmt":"2024-03-28T09:29:25","guid":{"rendered":"https:\/\/cmykprinted.com\/?post_type=product&#038;p=1975"},"modified":"2024-03-28T10:00:58","modified_gmt":"2024-03-28T10:00:58","slug":"best-custom-polyester-nylon-flags-for-indoor-and-outdoor","status":"publish","type":"product","link":"https:\/\/cmykprinted.com\/is\/product\/besta-sersnidin-poliester-nylon-flagg-fyrir-inn-og-utivist\/","title":{"rendered":"Bestu s\u00e9rsni\u00f0nu p\u00f3l\u00fdester nylonf\u00e1narnir fyrir inni og \u00fati"},"content":{"rendered":"","protected":false},"excerpt":{"rendered":"<p>S\u00e9rsni\u00f0nir f\u00e1nar \u00fej\u00f3na sem \u00f6flugt kynningarefni, n\u00fdta l\u00edflega litbrig\u00f0i og kraftmikla hreyfingu til a\u00f0 fanga athygli og auka s\u00fdnileika. \u00ddmsar prentunara\u00f0fer\u00f0ir eru f\u00e1anlegar til a\u00f0 s\u00e9rsn\u00ed\u00f0a, svo sem stafr\u00e6na prentun (vatnsprentun \u00e1 nylon), skj\u00e1prentun og litarefnis\u00feurrkun. Hj\u00e1 Golden Mouth Advertising Factory veljum vi\u00f0 anna\u00f0 hvort skj\u00e1prentun e\u00f0a stafr\u00e6na prentun \u00e1 200\/210D nylon e\u00f0a prj\u00f3na\u00f0 p\u00f3l\u00fdester, veljum efni og prentunara\u00f0fer\u00f0 byggt \u00e1 fj\u00e1rhags\u00e1\u00e6tlun vi\u00f0skiptavinar, forskriftir listaverka og kr\u00f6fur um f\u00e1namagn. \u00de\u00f3 a\u00f0 vi\u00f0 notum sublimation prentunara\u00f0fer\u00f0ina, gerir takm\u00f6rku\u00f0 blekinngangur \u00feess \u00fea\u00f0 hentugra fyrir a\u00f0rar efnisprentunara\u00f0ger\u00f0ir eins og s\u00e9rsni\u00f0nar bakgrunn og bor\u00f0pl\u00f6tur. Fyrir s\u00e9rsni\u00f0na prenta\u00f0a f\u00e1na notum vi\u00f0 venjulega stafr\u00e6na prentun, \u00feannig er ver\u00f0i\u00f0 \u00f3d\u00fdrasta.<\/p>\n<p>&nbsp;<\/p>\n<p>&nbsp;<\/p>\n<p>&nbsp;<\/p>\n<p>&nbsp;<\/p>\n<p>&nbsp;<\/p>\n<p>&nbsp;<\/p>","protected":false},"featured_media":1976,"template":"","meta":{"_kad_post_transparent":"default","_kad_post_title":"hide","_kad_post_layout":"fullwidth","_kad_post_sidebar_id":"","_kad_post_content_style":"unboxed","_kad_post_vertical_padding":"hide","_kad_post_feature":"hide","_kad_post_feature_position":"","_kad_post_header":false,"_kad_post_footer":false},"product_cat":[79],"product_tag":[394,389,397,396,399,395,398],"class_list":{"0":"post-1975","1":"product","2":"type-product","3":"status-publish","4":"has-post-thumbnail","6":"product_cat-custom-flags","7":"product_tag-custom-polyester-nylon-flags","8":"product_tag-custom-printed-flags","9":"product_tag-dye-sublimation-printing-flags","10":"product_tag-flags-printing","11":"product_tag-knitted-fabric-flags","12":"product_tag-nylon-flags","13":"product_tag-polyester-flags","15":"first","16":"instock","17":"shipping-taxable","18":"product-type-simple","19":"entry","20":"content-bg","21":"loop-entry"},"_links":{"self":[{"href":"https:\/\/cmykprinted.com\/is\/wp-json\/wp\/v2\/product\/1975","targetHints":{"allow":["GET"]}}],"collection":[{"href":"https:\/\/cmykprinted.com\/is\/wp-json\/wp\/v2\/product"}],"about":[{"href":"https:\/\/cmykprinted.com\/is\/wp-json\/wp\/v2\/types\/product"}],"version-history":[{"count":1,"href":"https:\/\/cmykprinted.com\/is\/wp-json\/wp\/v2\/product\/1975\/revisions"}],"predecessor-version":[{"id":1983,"href":"https:\/\/cmykprinted.com\/is\/wp-json\/wp\/v2\/product\/1975\/revisions\/1983"}],"wp:featuredmedia":[{"embeddable":true,"href":"https:\/\/cmykprinted.com\/is\/wp-json\/wp\/v2\/media\/1976"}],"wp:attachment":[{"href":"https:\/\/cmykprinted.com\/is\/wp-json\/wp\/v2\/media?parent=1975"}],"wp:term":[{"taxonomy":"product_cat","embeddable":true,"href":"https:\/\/cmykprinted.com\/is\/wp-json\/wp\/v2\/product_cat?post=1975"},{"taxonomy":"product_tag","embeddable":true,"href":"https:\/\/cmykprinted.com\/is\/wp-json\/wp\/v2\/product_tag?post=1975"}],"curies":[{"name":"wp","href":"https:\/\/api.w.org\/{rel}","templated":true}]}}