{"id":1984,"date":"2024-04-01T06:08:08","date_gmt":"2024-04-01T06:08:08","guid":{"rendered":"https:\/\/cmykprinted.com\/?post_type=product&#038;p=1984"},"modified":"2024-04-01T06:37:28","modified_gmt":"2024-04-01T06:37:28","slug":"nickel-metallic-transfer-sticker-label-with-strong-adhesive","status":"publish","type":"product","link":"https:\/\/cmykprinted.com\/is\/product\/nikkel-metal-flutningur-autkleyfil-med-sterkri-limum\/","title":{"rendered":"Nikkel m\u00e1lmflutningsmerkimi\u00f0i me\u00f0 sterku l\u00edmi"},"content":{"rendered":"","protected":false},"excerpt":{"rendered":"<p>Hva\u00f0 er 3D Metallic Transfer Sticker?<\/p>\n<p>3D m\u00e1lmflutningsl\u00edmmi\u00f0inn samanstendur af nikkelm\u00e1lmi og st\u00e1tar af \u00f6flugu l\u00edmbaki. \u00d6fugt vi\u00f0 v\u00ednyll\u00edmmi\u00f0a er \u00feessi flutningsl\u00edmmi\u00f0i ger\u00f0ur \u00far nikkel, fja\u00f0randi og sveigjanlegum m\u00e1lmi sem er \u00feekktur fyrir lofsver\u00f0a t\u00e6ringar\u00feol.<\/p>\n<p>\u00dea\u00f0 getur l\u00e1ti\u00f0 l\u00f3g\u00f3merki\u00f0 \u00feitt l\u00edta miklu bjartara og meti\u00f0 \u00fat.<\/p>\n<p>\u00deetta er ein \u00f3d\u00fdrasta lei\u00f0in til a\u00f0 augl\u00fdsa v\u00f6rumerkjamerki\u00f0 \u00feitt til a\u00f0 l\u00e1ta m\u00f6gulega vi\u00f0skiptavini \u00fe\u00edna borga eftirtekt til.<\/p>\n<p>H\u00e6gt er a\u00f0 setja m\u00e1lmflutningsl\u00edmmi\u00f0ana okkar \u00e1 flest sl\u00e9tt flatt yfirbor\u00f0, svo sem gler, plast, keramik, m\u00e1lmpl\u00f6tur, vi\u00f0arpl\u00f6tur, b\u00e6kur og fleira.<\/p>\n<div style=\"width: 1280px;\" class=\"wp-video\"><!--[if lt IE 9]><script>document.createElement('video');<\/script><![endif]--><br \/>\n<video class=\"wp-video-shortcode\" id=\"video-1984-1\" width=\"1280\" height=\"720\" preload=\"metadata\" controls=\"controls\"><source type=\"video\/mp4\" src=\"https:\/\/cmykprinted.com\/wp-content\/uploads\/2024\/04\/custom-transfer-label-2.mp4?_=1\" \/><a href=\"https:\/\/cmykprinted.com\/wp-content\/uploads\/2024\/04\/custom-transfer-label-2.mp4\">https:\/\/cmykprinted.com\/wp-content\/uploads\/2024\/04\/custom-transfer-label-2.mp4<\/a><\/video><\/div>\n<p>&nbsp;<\/p>","protected":false},"featured_media":1985,"template":"","meta":{"_kad_post_transparent":"default","_kad_post_title":"hide","_kad_post_layout":"fullwidth","_kad_post_sidebar_id":"","_kad_post_content_style":"unboxed","_kad_post_vertical_padding":"hide","_kad_post_feature":"hide","_kad_post_feature_position":"","_kad_post_header":false,"_kad_post_footer":false},"product_cat":[101,102],"product_tag":[299,403,404,401,402,400],"class_list":{"0":"post-1984","1":"product","2":"type-product","3":"status-publish","4":"has-post-thumbnail","6":"product_cat-transfer-stickers","7":"product_cat-metal-transfer-stickers","8":"product_tag-3d-metal-transfer-stickers","9":"product_tag-3d-metallic-transfer-label","10":"product_tag-logo-brand-transfer-label","11":"product_tag-metallic-transfer-sticker-label","12":"product_tag-nickel-metallic-transfer-sticker","13":"product_tag-sticker-label-with-strong-adhesive","15":"first","16":"instock","17":"shipping-taxable","18":"product-type-simple","19":"entry","20":"content-bg","21":"loop-entry"},"_links":{"self":[{"href":"https:\/\/cmykprinted.com\/is\/wp-json\/wp\/v2\/product\/1984","targetHints":{"allow":["GET"]}}],"collection":[{"href":"https:\/\/cmykprinted.com\/is\/wp-json\/wp\/v2\/product"}],"about":[{"href":"https:\/\/cmykprinted.com\/is\/wp-json\/wp\/v2\/types\/product"}],"version-history":[{"count":1,"href":"https:\/\/cmykprinted.com\/is\/wp-json\/wp\/v2\/product\/1984\/revisions"}],"predecessor-version":[{"id":1992,"href":"https:\/\/cmykprinted.com\/is\/wp-json\/wp\/v2\/product\/1984\/revisions\/1992"}],"wp:featuredmedia":[{"embeddable":true,"href":"https:\/\/cmykprinted.com\/is\/wp-json\/wp\/v2\/media\/1985"}],"wp:attachment":[{"href":"https:\/\/cmykprinted.com\/is\/wp-json\/wp\/v2\/media?parent=1984"}],"wp:term":[{"taxonomy":"product_cat","embeddable":true,"href":"https:\/\/cmykprinted.com\/is\/wp-json\/wp\/v2\/product_cat?post=1984"},{"taxonomy":"product_tag","embeddable":true,"href":"https:\/\/cmykprinted.com\/is\/wp-json\/wp\/v2\/product_tag?post=1984"}],"curies":[{"name":"wp","href":"https:\/\/api.w.org\/{rel}","templated":true}]}}