{"id":2002,"date":"2024-04-08T03:40:15","date_gmt":"2024-04-08T03:40:15","guid":{"rendered":"https:\/\/cmykprinted.com\/?post_type=product&#038;p=2002"},"modified":"2024-04-08T04:07:18","modified_gmt":"2024-04-08T04:07:18","slug":"3d-embossed-nickel-metallic-decal-label-stickers","status":"publish","type":"product","link":"https:\/\/cmykprinted.com\/is\/product\/3d-umritud-nikkel-malmdekal-skilti\/","title":{"rendered":"3D upphleypt nikkel m\u00e1lmmerki l\u00edmmi\u00f0a"},"content":{"rendered":"","protected":false},"excerpt":{"rendered":"<p>MOQ: 1 bla\u00f0 (17 * 30 cm), \u00fe\u00fa getur hanna\u00f0 m\u00f6rg mismunandi sm\u00e6rri l\u00f3g\u00f3 \u00e1 bla\u00f0inu. Ver\u00f0i\u00f0 er USD15 \u00e1 bla\u00f0 sem s\u00fdnishornskostna\u00f0ur. \u00deessi kostna\u00f0ur inniheldur ekki sendingarkostna\u00f0. Vi\u00f0 getum sent \u00feau til um allan heim innan 10 daga. Ef s\u00fdnin eru ekki a\u00f0kallandi getum vi\u00f0 nota\u00f0 EMS til a\u00f0 senda, \u00fea\u00f0 mun taka um 12 daga. Ef br\u00fdnt er, munum vi\u00f0 nota DHL e\u00f0a UPS e\u00f0a Fedex til a\u00f0 senda.<\/p>\n<p>Metallic Transfer Decal L\u00edmmi\u00f0a Litur til a\u00f0 velja: Silfur, Svartur, Hv\u00edtur, Rau\u00f0ur, Gr\u00e6nn, Fj\u00f3lubl\u00e1r, Kampav\u00edn, Sk\u00ednandi Gull, Bl\u00e1r.<\/p>\n<p>Flj\u00f3tur afgrei\u00f0slut\u00edmi: 2-3 dagar<\/p>\n<p>Notkun\/Notkun: svo lengi sem yfirbor\u00f0 v\u00f6runnar \u00feinnar er hreint, sl\u00e9tt, \u00fe\u00e1 getur 3D m\u00e1lmflutningsmerki\u00f0 okkar unni\u00f0 \u00e1 \u00fea\u00f0. Vi\u00f0 notum 3M sterkt sj\u00e1lfl\u00edmandi \u00e1 baki\u00f0, \u00feannig a\u00f0 merkimi\u00f0inn haldist vel.<\/p>\n<p>\u00d3keypis lagers\u00fdni eru f\u00e1anleg, vinsamlegast haf\u00f0u samband vi\u00f0 okkur!<\/p>\n<p>&nbsp;<\/p>\n<div style=\"width: 640px;\" class=\"wp-video\"><!--[if lt IE 9]><script>document.createElement('video');<\/script><![endif]--><br \/>\n<video class=\"wp-video-shortcode\" id=\"video-2002-1\" width=\"640\" height=\"360\" preload=\"metadata\" controls=\"controls\"><source type=\"video\/mp4\" src=\"https:\/\/cmykprinted.com\/wp-content\/uploads\/2024\/04\/Embossed-Nickel-Decal-Label-Stickers.mp4?_=1\" \/><a href=\"https:\/\/cmykprinted.com\/wp-content\/uploads\/2024\/04\/Embossed-Nickel-Decal-Label-Stickers.mp4\">https:\/\/cmykprinted.com\/wp-content\/uploads\/2024\/04\/Embossed-Nickel-Decal-Label-Stickers.mp4<\/a><\/video><\/div>\n<p>&nbsp;<\/p>","protected":false},"featured_media":2003,"template":"","meta":{"_kad_post_transparent":"default","_kad_post_title":"hide","_kad_post_layout":"fullwidth","_kad_post_sidebar_id":"","_kad_post_content_style":"unboxed","_kad_post_vertical_padding":"hide","_kad_post_feature":"hide","_kad_post_feature_position":"","_kad_post_header":false,"_kad_post_footer":false},"product_cat":[101,102],"product_tag":[413,412,411,410,414],"class_list":{"0":"post-2002","1":"product","2":"type-product","3":"status-publish","4":"has-post-thumbnail","6":"product_cat-transfer-stickers","7":"product_cat-metal-transfer-stickers","8":"product_tag-3d-embossed-nickel-metallic-decal","9":"product_tag-embossed-decals","10":"product_tag-embossed-labels","11":"product_tag-embossed-stickers","12":"product_tag-nickel-metallic-decal-label-stickers","14":"first","15":"instock","16":"shipping-taxable","17":"product-type-simple","18":"entry","19":"content-bg","20":"loop-entry"},"_links":{"self":[{"href":"https:\/\/cmykprinted.com\/is\/wp-json\/wp\/v2\/product\/2002","targetHints":{"allow":["GET"]}}],"collection":[{"href":"https:\/\/cmykprinted.com\/is\/wp-json\/wp\/v2\/product"}],"about":[{"href":"https:\/\/cmykprinted.com\/is\/wp-json\/wp\/v2\/types\/product"}],"version-history":[{"count":1,"href":"https:\/\/cmykprinted.com\/is\/wp-json\/wp\/v2\/product\/2002\/revisions"}],"predecessor-version":[{"id":2009,"href":"https:\/\/cmykprinted.com\/is\/wp-json\/wp\/v2\/product\/2002\/revisions\/2009"}],"wp:featuredmedia":[{"embeddable":true,"href":"https:\/\/cmykprinted.com\/is\/wp-json\/wp\/v2\/media\/2003"}],"wp:attachment":[{"href":"https:\/\/cmykprinted.com\/is\/wp-json\/wp\/v2\/media?parent=2002"}],"wp:term":[{"taxonomy":"product_cat","embeddable":true,"href":"https:\/\/cmykprinted.com\/is\/wp-json\/wp\/v2\/product_cat?post=2002"},{"taxonomy":"product_tag","embeddable":true,"href":"https:\/\/cmykprinted.com\/is\/wp-json\/wp\/v2\/product_tag?post=2002"}],"curies":[{"name":"wp","href":"https:\/\/api.w.org\/{rel}","templated":true}]}}