{"id":2098,"date":"2024-05-09T08:52:07","date_gmt":"2024-05-09T08:52:07","guid":{"rendered":"https:\/\/cmykprinted.com\/?post_type=product&#038;p=2098"},"modified":"2024-05-09T09:36:29","modified_gmt":"2024-05-09T09:36:29","slug":"custom-metallic-3d-transfer-label-decal-stickers","status":"publish","type":"product","link":"https:\/\/cmykprinted.com\/is\/product\/custom-metallic-3d-transfer-label-decal-stickers\/","title":{"rendered":"S\u00e9rsni\u00f0in m\u00e1lm 3D flytja merki l\u00edmmi\u00f0a"},"content":{"rendered":"","protected":false},"excerpt":{"rendered":"<h1><strong>S\u00e9rsni\u00f0in m\u00e1lm 3D flytja merki l\u00edmmi\u00f0a <\/strong><\/h1>\n<ul>\n<li>D\u00e6mi um p\u00f6ntun: 1 bla\u00f0 (17*30 cm), ef l\u00f3g\u00f3i\u00f0 \u00feitt e\u00f0a graf\u00edsk st\u00e6r\u00f0 er l\u00edtil, getum vi\u00f0 sett m\u00f6rg stykki \u00ed eitt bla\u00f0<\/li>\n<li>Notkun: S\u00e9rsni\u00f0in m\u00e1lmmerki okkar eru notu\u00f0 \u00ed \u00fdmsum geirum, \u00fear \u00e1 me\u00f0al ilmv\u00f6rur, v\u00ednger\u00f0, kerta\u00edl\u00e1t, glerfl\u00f6skur og \u00fdmsar a\u00f0rar tegundir af fl\u00f6skum. \u00deeir eru einnig nota\u00f0ir \u00ed fars\u00edmahylki, heimilist\u00e6kjum, rafeindat\u00e6kjum, gjafa\u00f6skjum, bifrei\u00f0um, v\u00e9lum og fj\u00f6lm\u00f6rgum \u00f6\u00f0rum atvinnugreinum.<\/li>\n<li>Flj\u00f3tur afgrei\u00f0slut\u00edmi: s\u00fdnishornst\u00edmi: 3-4 dagar og ein vika til um allan heim me\u00f0 DHL e\u00f0a Fedex e\u00f0a UPS dyr til dyra \u00fej\u00f3nustu<\/li>\n<li>\u00d3d\u00fdrasta verksmi\u00f0juver\u00f0i\u00f0 fyrir s\u00e9rsni\u00f0i\u00f0 m\u00e1lmflutningsmerki<\/li>\n<li>Vi\u00f0 h\u00f6fum mismunandi l\u00edm til a\u00f0 l\u00e1ta flutningsl\u00edmi\u00f0i\u00f0 festast \u00e1 yfirbor\u00f0i mismunandi efna. Svo \u00fe\u00fa ver\u00f0ur a\u00f0 segja okkur e\u00f0a s\u00fdna okkur v\u00f6runa \u00fe\u00edna, svo vi\u00f0 getum vita\u00f0 hvers konar l\u00edm vi\u00f0 \u00e6ttum a\u00f0 nota. Ekki getur allt yfirbor\u00f0 unni\u00f0 me\u00f0 sterku l\u00edminu okkar. Til d\u00e6mis, fyrir ne\u00f0an pr\u00f3fi\u00f0, mist\u00f3kst \u00fea\u00f0 me\u00f0 sterku 3 M l\u00edmi\u00f0 okkar.<strong> \u00deess vegna er nau\u00f0synlegt a\u00f0 velja n\u00e6gilega faglega verksmi\u00f0ju til a\u00f0 vinna me\u00f0; annars v\u00e6ri \u00fea\u00f0 s\u00f3un \u00e1 d\u00fdrm\u00e6tum t\u00edma \u00fe\u00ednum og peningum.<\/strong><br \/>\n<figure id=\"attachment_2099\" aria-describedby=\"caption-attachment-2099\" style=\"width: 1280px\" class=\"wp-caption alignnone\"><img fetchpriority=\"high\" decoding=\"async\" class=\"size-full wp-image-2099\" src=\"https:\/\/cmykprinted.com\/wp-content\/uploads\/2024\/05\/custom-metallic-transfer-sticker.jpg\" alt=\"S\u00e9rsni\u00f0nir m\u00e1lmflutningsl\u00edmmi\u00f0ar\" width=\"1280\" height=\"1707\" srcset=\"https:\/\/cmykprinted.com\/wp-content\/uploads\/2024\/05\/custom-metallic-transfer-sticker.jpg 1280w, https:\/\/cmykprinted.com\/wp-content\/uploads\/2024\/05\/custom-metallic-transfer-sticker-225x300.jpg 225w, https:\/\/cmykprinted.com\/wp-content\/uploads\/2024\/05\/custom-metallic-transfer-sticker-768x1024.jpg 768w, https:\/\/cmykprinted.com\/wp-content\/uploads\/2024\/05\/custom-metallic-transfer-sticker-1152x1536.jpg 1152w, https:\/\/cmykprinted.com\/wp-content\/uploads\/2024\/05\/custom-metallic-transfer-sticker-9x12.jpg 9w, https:\/\/cmykprinted.com\/wp-content\/uploads\/2024\/05\/custom-metallic-transfer-sticker-600x800.jpg 600w\" sizes=\"(max-width: 1280px) 100vw, 1280px\" \/><figcaption id=\"caption-attachment-2099\" class=\"wp-caption-text\">S\u00e9rsni\u00f0nir m\u00e1lmflutningsl\u00edmmi\u00f0ar<\/figcaption><\/figure>\n<\/li>\n<\/ul>\n<h2><strong>Til a\u00f0 s\u00fdna \u00fe\u00e9r hvernig \u00e1 a\u00f0 flytja l\u00f3g\u00f3 l\u00edmmi\u00f0ann \u00feinn \u00e1 v\u00f6runa \u00fe\u00edna, vinsamlegast vertu viss um a\u00f0 horfa \u00feolinm\u00f3\u00f0ur \u00e1 kennslumyndbandi\u00f0 h\u00e9r a\u00f0 ne\u00f0an:<\/strong><\/h2>\n<div style=\"width: 720px;\" class=\"wp-video\"><!--[if lt IE 9]><script>document.createElement('video');<\/script><![endif]--><br \/>\n<video class=\"wp-video-shortcode\" id=\"video-2098-1\" width=\"720\" height=\"720\" preload=\"metadata\" controls=\"controls\"><source type=\"video\/mp4\" src=\"https:\/\/cmykprinted.com\/wp-content\/uploads\/2024\/05\/how-to-peel-of-the-transfer-label.mp4?_=1\" \/><a href=\"https:\/\/cmykprinted.com\/wp-content\/uploads\/2024\/05\/how-to-peel-of-the-transfer-label.mp4\">https:\/\/cmykprinted.com\/wp-content\/uploads\/2024\/05\/how-to-peel-of-the-transfer-label.mp4<\/a><\/video><\/div>\n<p>&nbsp;<\/p>\n<p>&nbsp;<\/p>","protected":false},"featured_media":2101,"template":"","meta":{"_kad_post_transparent":"default","_kad_post_title":"hide","_kad_post_layout":"fullwidth","_kad_post_sidebar_id":"","_kad_post_content_style":"unboxed","_kad_post_vertical_padding":"hide","_kad_post_feature":"hide","_kad_post_feature_position":"","_kad_post_header":false,"_kad_post_footer":false},"product_cat":[101,102],"product_tag":[460,455,457,459,458,456],"class_list":{"0":"post-2098","1":"product","2":"type-product","3":"status-publish","4":"has-post-thumbnail","6":"product_cat-transfer-stickers","7":"product_cat-metal-transfer-stickers","8":"product_tag-custom-gold-transfer-label-for-bottle","9":"product_tag-custom-metallic-3d-transfer-labels","10":"product_tag-custom-metallic-transfer-decal","11":"product_tag-custom-transfer-sticker-for-wine","12":"product_tag-custom-transfer-stickers-for-perfumes","13":"product_tag-metallic-3d-transfer-label","15":"first","16":"instock","17":"shipping-taxable","18":"product-type-simple","19":"entry","20":"content-bg","21":"loop-entry"},"_links":{"self":[{"href":"https:\/\/cmykprinted.com\/is\/wp-json\/wp\/v2\/product\/2098","targetHints":{"allow":["GET"]}}],"collection":[{"href":"https:\/\/cmykprinted.com\/is\/wp-json\/wp\/v2\/product"}],"about":[{"href":"https:\/\/cmykprinted.com\/is\/wp-json\/wp\/v2\/types\/product"}],"version-history":[{"count":1,"href":"https:\/\/cmykprinted.com\/is\/wp-json\/wp\/v2\/product\/2098\/revisions"}],"predecessor-version":[{"id":2107,"href":"https:\/\/cmykprinted.com\/is\/wp-json\/wp\/v2\/product\/2098\/revisions\/2107"}],"wp:featuredmedia":[{"embeddable":true,"href":"https:\/\/cmykprinted.com\/is\/wp-json\/wp\/v2\/media\/2101"}],"wp:attachment":[{"href":"https:\/\/cmykprinted.com\/is\/wp-json\/wp\/v2\/media?parent=2098"}],"wp:term":[{"taxonomy":"product_cat","embeddable":true,"href":"https:\/\/cmykprinted.com\/is\/wp-json\/wp\/v2\/product_cat?post=2098"},{"taxonomy":"product_tag","embeddable":true,"href":"https:\/\/cmykprinted.com\/is\/wp-json\/wp\/v2\/product_tag?post=2098"}],"curies":[{"name":"wp","href":"https:\/\/api.w.org\/{rel}","templated":true}]}}