{"id":2178,"date":"2024-08-28T02:23:28","date_gmt":"2024-08-28T02:23:28","guid":{"rendered":"https:\/\/cmykprinted.com\/?post_type=product&#038;p=2178"},"modified":"2024-08-28T02:59:18","modified_gmt":"2024-08-28T02:59:18","slug":"customized-handheld-mini-flags","status":"publish","type":"product","link":"https:\/\/cmykprinted.com\/is\/product\/sersnidnar-handheld-mini-fanar\/","title":{"rendered":"S\u00e9rsni\u00f0in handfesta sm\u00e1f\u00e1nar"},"content":{"rendered":"","protected":false},"excerpt":{"rendered":"<p>S\u00e9rsni\u00f0nu handfestu sm\u00e1f\u00e1narnir okkar eru tv\u00edhli\u00f0a prenta\u00f0ir, sem \u00fe\u00fd\u00f0ir a\u00f0 h\u00e6gt er a\u00f0 lesa l\u00f3g\u00f3i\u00f0 r\u00e9tt fr\u00e1 b\u00e1\u00f0um hli\u00f0um. Vi\u00f0 notum 280g \u00fatfellingarefni me\u00f0 tv\u00edhli\u00f0a beinni stafr\u00e6nni prentun. F\u00e1nast\u00e6r\u00f0in er 20\u00d720 cm og f\u00e1nast\u00f6ngin er 30 cm tr\u00e9st\u00f6ng (h\u00e6gt a\u00f0 a\u00f0laga lengd f\u00e1nast\u00f6ngarinnar). \u00dea\u00f0 er ekkert l\u00e1gmarksp\u00f6ntunarmagn fyrir \u00feennan s\u00e9rsni\u00f0na f\u00e1na; \u00fe\u00fa getur panta\u00f0 allt a\u00f0 1 stykki, en \u00fev\u00ed meira sem \u00fe\u00fa pantar \u00fev\u00ed hagkv\u00e6mara ver\u00f0ur \u00fea\u00f0.<br \/>\nLitlu f\u00e1nana okkar \u00e1 prikum er h\u00e6gt a\u00f0 nota fyrir \u00ed\u00fer\u00f3ttavi\u00f0bur\u00f0i, bor\u00f0bor\u00f0sskj\u00e1i, gar\u00f0skreytingar, samkomur, h\u00e1t\u00ed\u00f0ir, kynningargjafir, skr\u00fa\u00f0g\u00f6ngur, m\u00f3tm\u00e6li og a\u00f0ra starfsemi. \u00de\u00f3 a\u00f0 \u00fe\u00e6r s\u00e9u hugsa\u00f0ar sem einnota v\u00f6rur, bj\u00f3\u00f0a \u00fe\u00e6r upp \u00e1 hagkv\u00e6ma lei\u00f0 til a\u00f0 s\u00fdna v\u00f6rumerki\u00f0 \u00feitt.<\/p>\n<div style=\"width: 720px;\" class=\"wp-video\"><!--[if lt IE 9]><script>document.createElement('video');<\/script><![endif]--><br \/>\n<video class=\"wp-video-shortcode\" id=\"video-2178-1\" width=\"720\" height=\"1280\" preload=\"metadata\" controls=\"controls\"><source type=\"video\/mp4\" src=\"https:\/\/cmykprinted.com\/wp-content\/uploads\/2024\/08\/Small-Flags-on-Sticks.mp4?_=1\" \/><a href=\"https:\/\/cmykprinted.com\/wp-content\/uploads\/2024\/08\/Small-Flags-on-Sticks.mp4\">https:\/\/cmykprinted.com\/wp-content\/uploads\/2024\/08\/Small-Flags-on-Sticks.mp4<\/a><\/video><\/div>\n<p>&nbsp;<\/p>","protected":false},"featured_media":2179,"template":"","meta":{"_kad_post_transparent":"default","_kad_post_title":"hide","_kad_post_layout":"fullwidth","_kad_post_sidebar_id":"","_kad_post_content_style":"unboxed","_kad_post_vertical_padding":"hide","_kad_post_feature":"hide","_kad_post_feature_position":"","_kad_post_header":false,"_kad_post_footer":false},"product_cat":[79],"product_tag":[490,485,489,486,488,487,484],"class_list":{"0":"post-2178","1":"product","2":"type-product","3":"status-publish","4":"has-post-thumbnail","6":"product_cat-custom-flags","7":"product_tag-hand-held-flags","8":"product_tag-hand-held-flags-of-the-world","9":"product_tag-handheld-banne","10":"product_tag-mini-flags-on-sticks","11":"product_tag-mini-flags-with-stick","12":"product_tag-small-country-flags-on-sticks","13":"product_tag-small-flags-on-sticks","15":"first","16":"instock","17":"shipping-taxable","18":"product-type-simple","19":"entry","20":"content-bg","21":"loop-entry"},"_links":{"self":[{"href":"https:\/\/cmykprinted.com\/is\/wp-json\/wp\/v2\/product\/2178","targetHints":{"allow":["GET"]}}],"collection":[{"href":"https:\/\/cmykprinted.com\/is\/wp-json\/wp\/v2\/product"}],"about":[{"href":"https:\/\/cmykprinted.com\/is\/wp-json\/wp\/v2\/types\/product"}],"version-history":[{"count":1,"href":"https:\/\/cmykprinted.com\/is\/wp-json\/wp\/v2\/product\/2178\/revisions"}],"predecessor-version":[{"id":2183,"href":"https:\/\/cmykprinted.com\/is\/wp-json\/wp\/v2\/product\/2178\/revisions\/2183"}],"wp:featuredmedia":[{"embeddable":true,"href":"https:\/\/cmykprinted.com\/is\/wp-json\/wp\/v2\/media\/2179"}],"wp:attachment":[{"href":"https:\/\/cmykprinted.com\/is\/wp-json\/wp\/v2\/media?parent=2178"}],"wp:term":[{"taxonomy":"product_cat","embeddable":true,"href":"https:\/\/cmykprinted.com\/is\/wp-json\/wp\/v2\/product_cat?post=2178"},{"taxonomy":"product_tag","embeddable":true,"href":"https:\/\/cmykprinted.com\/is\/wp-json\/wp\/v2\/product_tag?post=2178"}],"curies":[{"name":"wp","href":"https:\/\/api.w.org\/{rel}","templated":true}]}}