{"id":2189,"date":"2024-09-18T13:06:31","date_gmt":"2024-09-18T13:06:31","guid":{"rendered":"https:\/\/cmykprinted.com\/?post_type=product&#038;p=2189"},"modified":"2024-09-19T01:45:11","modified_gmt":"2024-09-19T01:45:11","slug":"full-colors-custom-8-feet-printed-spandex-table-covers","status":"publish","type":"product","link":"https:\/\/cmykprinted.com\/is\/product\/fullir-litir-sersnidin-8-fet-prentud-spandex-bordklaedi\/","title":{"rendered":"S\u00e9rsni\u00f0in 8 feta prentu\u00f0 spandex bor\u00f0kl\u00e6\u00f0i \u00ed fullum litum"},"content":{"rendered":"","protected":false},"excerpt":{"rendered":"<p><strong>S\u00e9rsni\u00f0in prentu\u00f0 spandex bor\u00f0hl\u00edf: Fullkominn skj\u00e1r fyrir v\u00f6rumerki\u00f0 \u00feitt<\/strong><\/p>\n<p>Prenta\u00f0ar spandex bor\u00f0kl\u00e6\u00f0ningar eru or\u00f0nar fastur li\u00f0ur \u00ed heimi vi\u00f0skiptas\u00fdninga, kynningarvi\u00f0bur\u00f0a og sm\u00e1s\u00f6lus\u00fdninga. Bj\u00f3\u00f0a upp \u00e1 b\u00e6\u00f0i form og virkni, \u00feessar sl\u00e9ttu, st\u00edlhreinu teygjanlegu spandex bor\u00f0kl\u00e6\u00f0ningar eru hanna\u00f0ar til a\u00f0 passa vel, l\u00edflega sj\u00f3nr\u00e6na a\u00f0dr\u00e1ttarafl og \u00f3vi\u00f0jafnanlega endingu.<\/p>\n<p><strong>S\u00e9rsni\u00f0in passa a\u00f0 \u00fe\u00ednum \u00fe\u00f6rfum<\/strong><\/p>\n<p>Spandex bor\u00f0kl\u00e6\u00f0ningar okkar eru f\u00e1anlegar \u00ed nokkrum stillingum til a\u00f0 m\u00e6ta s\u00e9rst\u00f6kum \u00fe\u00f6rfum \u00fe\u00ednum. Hvort sem \u00fe\u00fa \u00fearft 4-hli\u00f0a hl\u00edf, 4-hli\u00f0a hl\u00edf me\u00f0 rennil\u00e1s til a\u00f0 au\u00f0velda a\u00f0gang a\u00f0 geymslu undir bor\u00f0inu, e\u00f0a 3-hli\u00f0a opi\u00f0 bak til a\u00f0 leyfa starfsmanni a\u00f0 sitja vi\u00f0 skj\u00e1inn, \u00fe\u00e1 h\u00f6fum vi\u00f0 n\u00e1\u00f0i \u00fe\u00e9r yfir. Spandex\/p\u00f3l\u00fdester efnisblandan tryggir myndh\u00e6fa, n\u00e6stum hrukkulausa \u00e1fer\u00f0 sem l\u00edtur vel \u00fat \u00ed hva\u00f0a umhverfi sem er.<\/p>\n<p>\u00deessar hl\u00edfar eru hanna\u00f0ar fyrir b\u00e6\u00f0i inni- og \u00fativi\u00f0bur\u00f0i og eru vins\u00e6lar \u00e1 v\u00f6rus\u00fdningum, sm\u00e1s\u00f6luverslunum, kynningarvi\u00f0bur\u00f0um og anddyri fyrirt\u00e6kja. Styrktir f\u00f3tavasar og \u00feungir rennil\u00e1sar eru tv\u00edsauma\u00f0ir til a\u00f0 auka endingu, sem tryggir a\u00f0 hl\u00edfin haldist \u00f6rugglega \u00e1 s\u00ednum sta\u00f0, jafnvel vi\u00f0 vindasamt a\u00f0st\u00e6\u00f0ur. \u00de\u00fa \u00fearft ekki lengur a\u00f0 hafa \u00e1hyggjur af \u00fev\u00ed a\u00f0 bor\u00f0h\u00fa\u00f0in \u00fe\u00edn fj\u00faki utandyra.<\/p>\n<p>H\u00e1g\u00e6\u00f0a efni og prentun fyrir h\u00e1marks\u00e1hrif<\/p>\n<p>\u00dea\u00f0 sem a\u00f0greinir bor\u00f0pl\u00f6turnar okkar eru g\u00e6\u00f0i efnisins og prentunarferli\u00f0. B\u00fai\u00f0 til \u00far 280 GSM efni, \u00e1kl\u00e6\u00f0in okkar eru \u00feykkari og endingarg\u00f3\u00f0ari en flestir keppendur og \u00fea\u00f0 s\u00e9st \u00e1 lokaafur\u00f0inni. Vi\u00f0 leggjum \u00e1herslu \u00e1 hvert sm\u00e1atri\u00f0i til a\u00f0 skila v\u00f6ru sem er umfram v\u00e6ntingar.<\/p>\n<p>Styrktir p\u00f3l\u00fdpr\u00f3p\u00fdlen f\u00f3tavasar eru s\u00e9rstaklega brei\u00f0ir, sem tryggja a\u00f0 \u00feeir passi vi\u00f0 hva\u00f0a bor\u00f0f\u00f3tastillingar sem er. \u00deessi n\u00e1kv\u00e6ma athygli \u00e1 h\u00f6nnun gerir hl\u00edfarnar ekki a\u00f0eins endingarg\u00f3\u00f0ar heldur fj\u00f6lh\u00e6far, hentugar fyrir hva\u00f0a atbur\u00f0ar\u00e1s sem er.<\/p>\n<p>Einn af lykileiginleikum spandex bor\u00f0kl\u00e6\u00f0anna okkar er l\u00edfleg, h\u00e1g\u00e6\u00f0a l\u00f3g\u00f3prentun sem mun l\u00e1ta v\u00f6rumerki\u00f0 \u00feitt skera sig \u00far. Me\u00f0 \u00fev\u00ed a\u00f0 nota dye-sublimation t\u00e6kni, flytjum vi\u00f0 h\u00f6nnunina \u00fe\u00edna me\u00f0 \u00fev\u00ed a\u00f0 nota mikinn hita og fellum litina a\u00f0 fullu inn \u00ed efni\u00f0. \u00deessi h\u00e1\u00fer\u00f3a\u00f0a prentt\u00e6kni skilar varanlegum, lj\u00f3mandi litum sem hverfa ekki. Hvort sem \u00fe\u00fa vilt prenta \u00fe\u00fasundir lita, h\u00e1g\u00e6\u00f0a lj\u00f3smyndamyndir e\u00f0a punktlita\u00fe\u00e6tti, getum vi\u00f0 l\u00edfga\u00f0 s\u00fdn \u00fe\u00edna til l\u00edfs.<\/p>\n<p>Prentunarferli\u00f0 okkar tryggir a\u00f0 jafnvel fl\u00f3knustu sm\u00e1atri\u00f0i l\u00f3g\u00f3sins \u00fe\u00edns e\u00f0a h\u00f6nnunar munu \u201epoppa\u201c og gefa skj\u00e1num \u00fe\u00ednum fagmannlegt, f\u00e1ga\u00f0 \u00fatlit. \u00de\u00fa getur jafnvel b\u00fai\u00f0 til \u00fer\u00edv\u00edddar\u00e1hrif me\u00f0 h\u00f6nnuninni \u00feinni ef \u00feess er \u00f3ska\u00f0.<\/p>\n<p>S\u00e9rsni\u00f0nar h\u00f6nnunarm\u00f6guleikar: V\u00f6rumerki\u00f0 \u00feitt, \u00e1 \u00feinn h\u00e1tt<\/p>\n<p>Vi\u00f0 bj\u00f3\u00f0um upp \u00e1 fulla a\u00f0l\u00f6gunarvalkosti til a\u00f0 m\u00e6ta v\u00f6rumerkja\u00fe\u00f6rfum \u00fe\u00ednum. Veldu \u00far hv\u00edtum bakgrunni, einum af 20 lagerlitum okkar, e\u00f0a gef\u00f0u okkur s\u00e9rstakan Pantone lit e\u00f0a mynstur fyrir bakgrunninn. Hvort sem \u00fe\u00fa \u00fearft alla bor\u00f0k\u00e1puna \u00e1prenta\u00f0a e\u00f0a bara framhli\u00f0ina, bj\u00f3\u00f0um vi\u00f0 sama ver\u00f0 fyrir b\u00e1\u00f0a valkostina.<\/p>\n<p>Ef \u00fe\u00fa ert ekki me\u00f0 listaskr\u00e1 \u00ed h\u00e1upplausn geta graf\u00edskir h\u00f6nnu\u00f0ir okkar hj\u00e1lpa\u00f0 til vi\u00f0 a\u00f0 umbreyta n\u00faverandi skr\u00e1 e\u00f0a a\u00f0sto\u00f0a vi\u00f0 a\u00f0 b\u00faa til n\u00fdja prenth\u00f6nnun.<\/p>\n<p>Varanlegur og au\u00f0velt a\u00f0 vi\u00f0halda<\/p>\n<p>Spandex bor\u00f0h\u00fa\u00f0in okkar eru h\u00f6nnu\u00f0 til a\u00f0 endast. \u00deau eru ekki a\u00f0eins hrukku\u00feolin heldur m\u00e1 \u00fevo \u00feau \u00ed v\u00e9l til a\u00f0 au\u00f0velda umhir\u00f0u. Nota\u00f0u einfaldlega vatn til a\u00f0 \u00fevo \u00e1n bleikdufts. \u00deessar hl\u00edfar teygja sig strax aftur \u00ed form og gefa \u00fe\u00e9r fagmannlegt \u00fatlit \u00ed hvert skipti.<\/p>\n<p>Flj\u00f3tur og \u00e1rei\u00f0anlegur framlei\u00f0slut\u00edmi<\/p>\n<p>Vi\u00f0 skiljum mikilv\u00e6gi frests og \u00feess vegna bj\u00f3\u00f0um vi\u00f0 upp \u00e1 sveigjanlegar framlei\u00f0slu\u00e1\u00e6tlanir:<\/p>\n<p>4 daga sparna\u00f0arframlei\u00f0sla<br \/>\n3ja daga sta\u00f0alframlei\u00f0sla<br \/>\n2 Day Rush Production<br \/>\nHra\u00f0framlei\u00f0sla n\u00e6sta dags<br \/>\nSame Day Rush Critical Production<br \/>\nVi\u00f0 tryggjum l\u00edka framlei\u00f0slut\u00edma okkar. Ef vi\u00f0 uppfyllum ekki trygg\u00f0a t\u00edmal\u00ednuna f\u00e6r\u00f0u fulla endurgrei\u00f0slu og bor\u00f0k\u00e1pan \u00fe\u00edn ver\u00f0ur \u00e1fram prentu\u00f0 og send \u00e1n endurgjalds.<\/p>\n<p>Engin falin gj\u00f6ld: \u00dea\u00f0 sem \u00fe\u00fa s\u00e9r\u00f0 er \u00fea\u00f0 sem \u00fe\u00fa f\u00e6r\u00f0.<\/p>\n<div style=\"width: 854px;\" class=\"wp-video\"><!--[if lt IE 9]><script>document.createElement('video');<\/script><![endif]--><br \/>\n<video class=\"wp-video-shortcode\" id=\"video-2189-1\" width=\"854\" height=\"480\" preload=\"metadata\" controls=\"controls\"><source type=\"video\/mp4\" src=\"https:\/\/cmykprinted.com\/wp-content\/uploads\/2024\/09\/printed-spandex-table-covers.mp4?_=1\" \/><a href=\"https:\/\/cmykprinted.com\/wp-content\/uploads\/2024\/09\/printed-spandex-table-covers.mp4\">https:\/\/cmykprinted.com\/wp-content\/uploads\/2024\/09\/printed-spandex-table-covers.mp4<\/a><\/video><\/div>","protected":false},"featured_media":2193,"template":"","meta":{"_kad_post_transparent":"default","_kad_post_title":"hide","_kad_post_layout":"fullwidth","_kad_post_sidebar_id":"","_kad_post_content_style":"unboxed","_kad_post_vertical_padding":"hide","_kad_post_feature":"hide","_kad_post_feature_position":"","_kad_post_header":false,"_kad_post_footer":false},"product_cat":[80,81,83],"product_tag":[496,497,498,494,495],"class_list":{"0":"post-2189","1":"product","2":"type-product","3":"status-publish","4":"has-post-thumbnail","6":"product_cat-custom-tablecloth","7":"product_cat-custom-stretch-tablecloth","8":"product_cat-fitted-table-cover","9":"product_tag-8-feet-printed-spandex-table-covers","10":"product_tag-custom-8-feet-table-cover","11":"product_tag-full-colors-printed-table-covers","12":"product_tag-printed-spandex-table-covers","13":"product_tag-spandex-table-covers","15":"first","16":"instock","17":"shipping-taxable","18":"product-type-simple","19":"entry","20":"content-bg","21":"loop-entry"},"_links":{"self":[{"href":"https:\/\/cmykprinted.com\/is\/wp-json\/wp\/v2\/product\/2189","targetHints":{"allow":["GET"]}}],"collection":[{"href":"https:\/\/cmykprinted.com\/is\/wp-json\/wp\/v2\/product"}],"about":[{"href":"https:\/\/cmykprinted.com\/is\/wp-json\/wp\/v2\/types\/product"}],"version-history":[{"count":2,"href":"https:\/\/cmykprinted.com\/is\/wp-json\/wp\/v2\/product\/2189\/revisions"}],"predecessor-version":[{"id":2200,"href":"https:\/\/cmykprinted.com\/is\/wp-json\/wp\/v2\/product\/2189\/revisions\/2200"}],"wp:featuredmedia":[{"embeddable":true,"href":"https:\/\/cmykprinted.com\/is\/wp-json\/wp\/v2\/media\/2193"}],"wp:attachment":[{"href":"https:\/\/cmykprinted.com\/is\/wp-json\/wp\/v2\/media?parent=2189"}],"wp:term":[{"taxonomy":"product_cat","embeddable":true,"href":"https:\/\/cmykprinted.com\/is\/wp-json\/wp\/v2\/product_cat?post=2189"},{"taxonomy":"product_tag","embeddable":true,"href":"https:\/\/cmykprinted.com\/is\/wp-json\/wp\/v2\/product_tag?post=2189"}],"curies":[{"name":"wp","href":"https:\/\/api.w.org\/{rel}","templated":true}]}}