{"id":2202,"date":"2024-09-19T05:59:18","date_gmt":"2024-09-19T05:59:18","guid":{"rendered":"https:\/\/cmykprinted.com\/?post_type=product&#038;p=2202"},"modified":"2024-10-06T04:57:21","modified_gmt":"2024-10-06T04:57:21","slug":"cheap-and-fast-turnaround-uv-transfer-sticker-printing","status":"publish","type":"product","link":"https:\/\/cmykprinted.com\/is\/product\/odyrt-og-fljotlegt-uv-flutnings-merkimida-prentun\/","title":{"rendered":"\u00d3d\u00fdr og flj\u00f3tleg UV Transfer l\u00edmmi\u00f0aprentun"},"content":{"rendered":"","protected":false},"excerpt":{"rendered":"<p>\u00c1 samkeppnismarka\u00f0i n\u00fat\u00edmans er mikilv\u00e6gara en nokkru sinni fyrr a\u00f0 l\u00e1ta v\u00f6rumerki\u00f0 \u00feitt skera sig \u00far. Ein n\u00fdst\u00e1rlegasta og \u00e1hrifar\u00edkasta a\u00f0fer\u00f0in til a\u00f0 n\u00e1 \u00feessu er me\u00f0 UV-flutningsl\u00edmmi\u00f0aprentun. \u00deessi t\u00e6kni, s\u00e9rstaklega UV DTF (Direct to Film) prentun, b\u00fd\u00f0ur upp \u00e1 hagkv\u00e6ma lausn til a\u00f0 b\u00faa til s\u00e9rsni\u00f0na l\u00edmmi\u00f0a sem eru ekki a\u00f0eins \u00e1berandi heldur einnig fj\u00f6lh\u00e6fir.<\/p>\n<div style=\"width: 854px;\" class=\"wp-video\"><!--[if lt IE 9]><script>document.createElement('video');<\/script><![endif]--><br \/>\n<video class=\"wp-video-shortcode\" id=\"video-2202-1\" width=\"854\" height=\"480\" preload=\"metadata\" controls=\"controls\"><source type=\"video\/mp4\" src=\"https:\/\/cmykprinted.com\/wp-content\/uploads\/2024\/09\/uv-transfer-sticker-printing.mp4?_=1\" \/><a href=\"https:\/\/cmykprinted.com\/wp-content\/uploads\/2024\/09\/uv-transfer-sticker-printing.mp4\">https:\/\/cmykprinted.com\/wp-content\/uploads\/2024\/09\/uv-transfer-sticker-printing.mp4<\/a><\/video><\/div>","protected":false},"featured_media":2223,"template":"","meta":{"_kad_post_transparent":"default","_kad_post_title":"hide","_kad_post_layout":"fullwidth","_kad_post_sidebar_id":"","_kad_post_content_style":"unboxed","_kad_post_vertical_padding":"hide","_kad_post_feature":"hide","_kad_post_feature_position":"","_kad_post_header":false,"_kad_post_footer":false},"product_cat":[101,103],"product_tag":[509,510,508,507],"class_list":{"0":"post-2202","1":"product","2":"type-product","3":"status-publish","4":"has-post-thumbnail","6":"product_cat-transfer-stickers","7":"product_cat-uv-transfer-stickers","8":"product_tag-cheap-uv-transfer-sticker","9":"product_tag-cheap-uv-transfer-sticker-printing","10":"product_tag-transfer-sticker-printing","11":"product_tag-uv-transfer-sticker-printing","13":"first","14":"instock","15":"shipping-taxable","16":"product-type-simple","17":"entry","18":"content-bg","19":"loop-entry"},"_links":{"self":[{"href":"https:\/\/cmykprinted.com\/is\/wp-json\/wp\/v2\/product\/2202","targetHints":{"allow":["GET"]}}],"collection":[{"href":"https:\/\/cmykprinted.com\/is\/wp-json\/wp\/v2\/product"}],"about":[{"href":"https:\/\/cmykprinted.com\/is\/wp-json\/wp\/v2\/types\/product"}],"version-history":[{"count":1,"href":"https:\/\/cmykprinted.com\/is\/wp-json\/wp\/v2\/product\/2202\/revisions"}],"predecessor-version":[{"id":2229,"href":"https:\/\/cmykprinted.com\/is\/wp-json\/wp\/v2\/product\/2202\/revisions\/2229"}],"wp:featuredmedia":[{"embeddable":true,"href":"https:\/\/cmykprinted.com\/is\/wp-json\/wp\/v2\/media\/2223"}],"wp:attachment":[{"href":"https:\/\/cmykprinted.com\/is\/wp-json\/wp\/v2\/media?parent=2202"}],"wp:term":[{"taxonomy":"product_cat","embeddable":true,"href":"https:\/\/cmykprinted.com\/is\/wp-json\/wp\/v2\/product_cat?post=2202"},{"taxonomy":"product_tag","embeddable":true,"href":"https:\/\/cmykprinted.com\/is\/wp-json\/wp\/v2\/product_tag?post=2202"}],"curies":[{"name":"wp","href":"https:\/\/api.w.org\/{rel}","templated":true}]}}