{"id":2204,"date":"2024-09-27T08:24:46","date_gmt":"2024-09-27T08:24:46","guid":{"rendered":"https:\/\/cmykprinted.com\/?post_type=product&#038;p=2204"},"modified":"2024-09-30T01:11:28","modified_gmt":"2024-09-30T01:11:28","slug":"custom-advertising-flags-for-promotional-business-use-at-best-price","status":"publish","type":"product","link":"https:\/\/cmykprinted.com\/is\/product\/sersnidnar-auglysingafanar-til-verkefna-og-vidskipta-notkun-a-besta-verdi\/","title":{"rendered":"S\u00e9rsni\u00f0in augl\u00fdsingaf\u00e1nar til kynningar og vi\u00f0skipta \u00e1 besta ver\u00f0i"},"content":{"rendered":"","protected":false},"excerpt":{"rendered":"<p>Ertu a\u00f0 leita a\u00f0 \u00e1hrifar\u00edkri en hagkv\u00e6mri lei\u00f0 til a\u00f0 auka s\u00fdnileika v\u00f6rumerkisins \u00fe\u00edns? S\u00e9rsni\u00f0nir augl\u00fdsingaf\u00e1nar eru tilvalin lausn fyrir fyrirt\u00e6ki sem vilja n\u00e1 athygli og la\u00f0a a\u00f0 fleiri vi\u00f0skiptavini. \u00deessir l\u00edflegu s\u00e9rprentu\u00f0u f\u00e1nar eru \u00f6flugt marka\u00f0st\u00e6ki til a\u00f0 auka vi\u00f0veru \u00fe\u00edna \u00ed verslun e\u00f0a vi\u00f0bur\u00f0i. S\u00e9rsni\u00f0nu augl\u00fdsingaf\u00e1nana okkar er ekki a\u00f0eins h\u00e6gt a\u00f0 nota \u00ed vi\u00f0skiptalegum tilgangi, heldur einnig til kynningar \u00e1 \u00ed\u00fer\u00f3ttavi\u00f0bur\u00f0um, til a\u00f0 s\u00fdna \u00fej\u00f3\u00f0h\u00e1t\u00ed\u00f0arf\u00e1na og sem t\u00e6ki fyrir forsetaherfer\u00f0ir \u00ed \u00fdmsum l\u00f6ndum. Leyf\u00f0u f\u00f3lki um alla g\u00f6tu a\u00f0 halda \u00e1 f\u00e1num me\u00f0 nafni \u00fe\u00ednu e\u00f0a mynd og ver\u00f0i\u00f0 er l\u00edka \u00f3d\u00fdrt. \u00deetta er mj\u00f6g \u00e1hrifar\u00edkt og hagkv\u00e6mt kj\u00f3sendastarf.<\/p>\n<p><strong>Velkomi\u00f0 a\u00f0 hafa samband vi\u00f0 s\u00f6luteymi okkar fyrir hr\u00f6\u00f0ustu bestu \u00fej\u00f3nustuna og \u00f3keypis s\u00fdnishorn til a\u00f0 sj\u00e1 g\u00e6\u00f0i okkar.<\/strong><\/p>\n<div style=\"width: 1280px;\" class=\"wp-video\"><!--[if lt IE 9]><script>document.createElement('video');<\/script><![endif]--><br \/>\n<video class=\"wp-video-shortcode\" id=\"video-2204-1\" width=\"1280\" height=\"576\" preload=\"metadata\" controls=\"controls\"><source type=\"video\/mp4\" src=\"https:\/\/cmykprinted.com\/wp-content\/uploads\/2024\/09\/custom-advertising-flags.mp4?_=1\" \/><a href=\"https:\/\/cmykprinted.com\/wp-content\/uploads\/2024\/09\/custom-advertising-flags.mp4\">https:\/\/cmykprinted.com\/wp-content\/uploads\/2024\/09\/custom-advertising-flags.mp4<\/a><\/video><\/div>\n<p>&nbsp;<\/p>","protected":false},"featured_media":2205,"template":"","meta":{"_kad_post_transparent":"default","_kad_post_title":"hide","_kad_post_layout":"fullwidth","_kad_post_sidebar_id":"","_kad_post_content_style":"unboxed","_kad_post_vertical_padding":"hide","_kad_post_feature":"hide","_kad_post_feature_position":"","_kad_post_header":false,"_kad_post_footer":false},"product_cat":[79],"product_tag":[500,499,503,501,502],"class_list":{"0":"post-2204","1":"product","2":"type-product","3":"status-publish","4":"has-post-thumbnail","6":"product_cat-custom-flags","7":"product_tag-advertising-flags","8":"product_tag-custom-advertising-flags","9":"product_tag-custom-advertising-flags-at-best-price","10":"product_tag-custom-flags","11":"product_tag-custom-flags-cheap","13":"first","14":"instock","15":"shipping-taxable","16":"product-type-simple","17":"entry","18":"content-bg","19":"loop-entry"},"_links":{"self":[{"href":"https:\/\/cmykprinted.com\/is\/wp-json\/wp\/v2\/product\/2204","targetHints":{"allow":["GET"]}}],"collection":[{"href":"https:\/\/cmykprinted.com\/is\/wp-json\/wp\/v2\/product"}],"about":[{"href":"https:\/\/cmykprinted.com\/is\/wp-json\/wp\/v2\/types\/product"}],"version-history":[{"count":3,"href":"https:\/\/cmykprinted.com\/is\/wp-json\/wp\/v2\/product\/2204\/revisions"}],"predecessor-version":[{"id":2212,"href":"https:\/\/cmykprinted.com\/is\/wp-json\/wp\/v2\/product\/2204\/revisions\/2212"}],"wp:featuredmedia":[{"embeddable":true,"href":"https:\/\/cmykprinted.com\/is\/wp-json\/wp\/v2\/media\/2205"}],"wp:attachment":[{"href":"https:\/\/cmykprinted.com\/is\/wp-json\/wp\/v2\/media?parent=2204"}],"wp:term":[{"taxonomy":"product_cat","embeddable":true,"href":"https:\/\/cmykprinted.com\/is\/wp-json\/wp\/v2\/product_cat?post=2204"},{"taxonomy":"product_tag","embeddable":true,"href":"https:\/\/cmykprinted.com\/is\/wp-json\/wp\/v2\/product_tag?post=2204"}],"curies":[{"name":"wp","href":"https:\/\/api.w.org\/{rel}","templated":true}]}}