{"id":2213,"date":"2024-09-30T03:03:20","date_gmt":"2024-09-30T03:03:20","guid":{"rendered":"https:\/\/cmykprinted.com\/?post_type=product&#038;p=2213"},"modified":"2024-10-02T12:51:57","modified_gmt":"2024-10-02T12:51:57","slug":"oval-pop-up-a-frame-banner-with-fast-turnaround","status":"publish","type":"product","link":"https:\/\/cmykprinted.com\/is\/product\/oval-pop-up-rammi-fana-med-hradum-snuningi\/","title":{"rendered":"Spor\u00f6skjulaga pop-up rammabor\u00f0i me\u00f0 skj\u00f3tum vi\u00f0sn\u00faningi"},"content":{"rendered":"","protected":false},"excerpt":{"rendered":"<p>\u00c1 samkeppnismarka\u00f0i n\u00fat\u00edmans er mikilv\u00e6gt a\u00f0 l\u00e1ta v\u00f6rumerki\u00f0 \u00feitt skera sig \u00far. Sl\u00e1\u00f0u inn sprettigluggann A<\/p>\n<p>Rammabor\u00f0i \u2014 l\u00e9ttur, flytjanlegur og mj\u00f6g \u00e1hrifar\u00edk skj\u00e1lausn sem er fullkomin fyrir vi\u00f0bur\u00f0i b\u00e6\u00f0i inni og \u00fati. \u00deessir fj\u00f6lh\u00e6fu bor\u00f0ar eru hanna\u00f0ir fyrir augnablik s\u00fdnileika og eru tilvalnir fyrir \u00ed\u00fer\u00f3ttavi\u00f0bur\u00f0i, v\u00f6rus\u00fdningar, kynningar og stefnumerkingar.<\/p>\n<p><strong>Helstu eiginleikar<\/strong><br \/>\n<strong>F\u00e6ranleiki og \u00fe\u00e6gindi:<\/strong><br \/>\nOval Pop Up A-Frame bor\u00f0arnir eru hanna\u00f0ir me\u00f0 hreyfanleika \u00ed huga. M\u00e1lmrammi \u00feeirra fellur saman \u00e1reynslulaust saman \u00ed \u00fe\u00e9ttan geymslupoka, sem gerir flutning og uppsetningu au\u00f0velt. Hvort sem \u00fe\u00fa ert \u00e1 lei\u00f0 \u00e1 v\u00f6rus\u00fdningu e\u00f0a \u00ed\u00fer\u00f3ttavi\u00f0bur\u00f0 getur\u00f0u au\u00f0veldlega fari\u00f0 me\u00f0 \u00feessa bor\u00f0a hvert sem \u00fe\u00fa \u00fearft h\u00e1marks\u00fatsetningu.<\/p>\n<p><strong>\u00d6ryggi fyrst:<\/strong><br \/>\nEinn af \u00e1berandi eiginleikum A-ramma h\u00f6nnunarinnar er \u00f6ryggi hennar. \u00d3l\u00edkt st\u00edfum skj\u00e1m eru \u00feessir bor\u00f0ar ekki \u00ed h\u00e6ttu \u00e1 mei\u00f0slum leikmanna e\u00f0a \u00fe\u00e1tttakenda \u00e1 \u00ed\u00fer\u00f3ttav\u00f6llum, sem gerir \u00fe\u00e1 a\u00f0 hagn\u00fdtu vali fyrir \u00fativi\u00f0bur\u00f0i.<\/p>\n<p><strong>S\u00e9rhanna\u00f0ar st\u00e6r\u00f0ir og form:<\/strong><br \/>\nF\u00e1anlegt \u00ed fj\u00f3rum st\u00e6r\u00f0um - L\u00edtil (62 x 126 cm), Medium (65 x 160 cm), Large (100 x 200 cm) og Extra Large (110 x 270 cm) - H\u00e6gt er a\u00f0 sn\u00ed\u00f0a Pop Up A-Frame til a\u00f0 passa hva\u00f0a tilefni sem er. Hver bor\u00f0i er tv\u00edhli\u00f0a me\u00f0 fullu litarefni sublimation prentun, sem tryggir lifandi graf\u00edk sem vekur athygli fr\u00e1 \u00f6llum sj\u00f3narhornum.<\/p>\n<p><strong>St\u00f6\u00f0ugleiki vi\u00f0 allar a\u00f0st\u00e6\u00f0ur:<\/strong><br \/>\nTil a\u00f0 tryggja st\u00f6\u00f0ugleika kemur hver bor\u00f0i me\u00f0 j\u00f6r\u00f0u ni\u00f0ri til notkunar \u00e1 mj\u00faku yfirbor\u00f0i eins og sandi, grasi, snj\u00f3 e\u00f0a jar\u00f0vegi. \u00c1 h\u00f6r\u00f0u yfirbor\u00f0i skaltu einfaldlega vega \u00feau ni\u00f0ur til a\u00f0 auka \u00f6ryggi. \u00deessi eiginleiki tryggir a\u00f0 bor\u00f0inn \u00feinn haldist uppr\u00e9ttur og s\u00fdnilegur, \u00f3h\u00e1\u00f0 umhverfinu.<\/p>\n<p><strong>Fullkomi\u00f0 fyrir hva\u00f0a vi\u00f0bur\u00f0i sem er<\/strong><br \/>\nPop Up A-Frame bor\u00f0arnir henta s\u00e9rstaklega vel fyrir \u00fativi\u00f0bur\u00f0i eins og hlaupakeppnir, golfm\u00f3t og h\u00e1t\u00ed\u00f0ir. Au\u00f0veld uppsetning, \u00ed sundur og geymslum\u00f6guleikar gerir \u00fe\u00e1 a\u00f0 vali fyrir skipuleggjendur vi\u00f0bur\u00f0a sem vilja h\u00e1marka v\u00f6rumerkjas\u00fdningu og \u00fe\u00e1ttt\u00f6ku.<\/p>\n<div style=\"width: 800px;\" class=\"wp-video\"><!--[if lt IE 9]><script>document.createElement('video');<\/script><![endif]--><br \/>\n<video class=\"wp-video-shortcode\" id=\"video-2213-1\" width=\"800\" height=\"800\" preload=\"metadata\" controls=\"controls\"><source type=\"video\/mp4\" src=\"https:\/\/cmykprinted.com\/wp-content\/uploads\/2024\/09\/pop-up-a-frame-banner-01.mp4?_=1\" \/><a href=\"https:\/\/cmykprinted.com\/wp-content\/uploads\/2024\/09\/pop-up-a-frame-banner-01.mp4\">https:\/\/cmykprinted.com\/wp-content\/uploads\/2024\/09\/pop-up-a-frame-banner-01.mp4<\/a><\/video><\/div>","protected":false},"featured_media":2217,"template":"","meta":{"_kad_post_transparent":"default","_kad_post_title":"hide","_kad_post_layout":"fullwidth","_kad_post_sidebar_id":"","_kad_post_content_style":"unboxed","_kad_post_vertical_padding":"hide","_kad_post_feature":"hide","_kad_post_feature_position":"","_kad_post_header":false,"_kad_post_footer":false},"product_cat":[92,94],"product_tag":[506,505,504,128],"class_list":{"0":"post-2213","1":"product","2":"type-product","3":"status-publish","4":"has-post-thumbnail","6":"product_cat-pop-up-banners","7":"product_cat-horizontal-pop-up-banners","8":"product_tag-a-frame-banner","9":"product_tag-oval-pop-up-a-frame-banner","10":"product_tag-pop-up-a-frame-banner","11":"product_tag-pop-up-banner","13":"first","14":"instock","15":"shipping-taxable","16":"product-type-simple","17":"entry","18":"content-bg","19":"loop-entry"},"_links":{"self":[{"href":"https:\/\/cmykprinted.com\/is\/wp-json\/wp\/v2\/product\/2213","targetHints":{"allow":["GET"]}}],"collection":[{"href":"https:\/\/cmykprinted.com\/is\/wp-json\/wp\/v2\/product"}],"about":[{"href":"https:\/\/cmykprinted.com\/is\/wp-json\/wp\/v2\/types\/product"}],"version-history":[{"count":1,"href":"https:\/\/cmykprinted.com\/is\/wp-json\/wp\/v2\/product\/2213\/revisions"}],"predecessor-version":[{"id":2222,"href":"https:\/\/cmykprinted.com\/is\/wp-json\/wp\/v2\/product\/2213\/revisions\/2222"}],"wp:featuredmedia":[{"embeddable":true,"href":"https:\/\/cmykprinted.com\/is\/wp-json\/wp\/v2\/media\/2217"}],"wp:attachment":[{"href":"https:\/\/cmykprinted.com\/is\/wp-json\/wp\/v2\/media?parent=2213"}],"wp:term":[{"taxonomy":"product_cat","embeddable":true,"href":"https:\/\/cmykprinted.com\/is\/wp-json\/wp\/v2\/product_cat?post=2213"},{"taxonomy":"product_tag","embeddable":true,"href":"https:\/\/cmykprinted.com\/is\/wp-json\/wp\/v2\/product_tag?post=2213"}],"curies":[{"name":"wp","href":"https:\/\/api.w.org\/{rel}","templated":true}]}}