{"id":2380,"date":"2025-02-08T13:54:27","date_gmt":"2025-02-08T13:54:27","guid":{"rendered":"https:\/\/cmykprinted.com\/?post_type=product&#038;p=2380"},"modified":"2025-02-08T13:54:27","modified_gmt":"2025-02-08T13:54:27","slug":"custom-100-9-oz-polyester-fitted-table-cover-cloth-with-logo","status":"publish","type":"product","link":"https:\/\/cmykprinted.com\/is\/product\/sersnidin-100-9-oz-polyester-thett-passandi-borddukur-med-merki\/","title":{"rendered":"S\u00e9rsni\u00f0in 100% 9 oz p\u00f3l\u00fdester bor\u00f0kl\u00fat me\u00f0 l\u00f3g\u00f3i"},"content":{"rendered":"","protected":false},"excerpt":{"rendered":"<p>S\u00e9rsni\u00f0nir bor\u00f0d\u00fakar me\u00f0 merki eru hin fullkomna lausn til a\u00f0 b\u00e6ta vi\u00f0 f\u00e1gun og s\u00fdnileika v\u00f6rumerkisins \u00e1 hva\u00f0a vi\u00f0bur\u00f0 sem er. Hvort sem um er a\u00f0 r\u00e6\u00f0a fyrirt\u00e6kjasamkomu, br\u00fa\u00f0kaup, vi\u00f0skiptas\u00fdningu e\u00f0a afslappa\u00f0an kv\u00f6ldver\u00f0, \u00fe\u00e1 eru s\u00e9rsni\u00f0nir bor\u00f0d\u00fakar okkar hanna\u00f0ir til a\u00f0 passa fullkomlega og tryggja f\u00e1ga\u00f0 og faglegt \u00fatlit. Me\u00f0 m\u00f6guleikanum \u00e1 a\u00f0 b\u00e6ta vi\u00f0 merki e\u00f0a s\u00e9rsni\u00f0inni h\u00f6nnun eru \u00feessir d\u00fakar meira en bara hagn\u00fdtir - \u00feeir eru yfirl\u00fdsing um st\u00edl og v\u00f6rumerki.<\/p>","protected":false},"featured_media":2381,"template":"","meta":{"_kad_post_transparent":"default","_kad_post_title":"hide","_kad_post_layout":"fullwidth","_kad_post_sidebar_id":"","_kad_post_content_style":"unboxed","_kad_post_vertical_padding":"hide","_kad_post_feature":"hide","_kad_post_feature_position":"","_kad_post_header":false,"_kad_post_footer":false},"product_cat":[80,81,83],"product_tag":[533,535,157,534,531,185,532],"class_list":{"0":"post-2380","1":"product","2":"type-product","3":"status-publish","4":"has-post-thumbnail","6":"product_cat-custom-tablecloth","7":"product_cat-custom-stretch-tablecloth","8":"product_cat-fitted-table-cover","9":"product_tag-100-polyester-table-cloth-with-logo","10":"product_tag-custom-fitted-table-cloth","11":"product_tag-custom-table-cover","12":"product_tag-custom-table-cover-with-logo","13":"product_tag-fitted-table-cloth-with-logo","14":"product_tag-fitted-table-cover","15":"product_tag-polyester-table-cover","17":"first","18":"instock","19":"shipping-taxable","20":"product-type-simple","21":"entry","22":"content-bg","23":"loop-entry"},"_links":{"self":[{"href":"https:\/\/cmykprinted.com\/is\/wp-json\/wp\/v2\/product\/2380","targetHints":{"allow":["GET"]}}],"collection":[{"href":"https:\/\/cmykprinted.com\/is\/wp-json\/wp\/v2\/product"}],"about":[{"href":"https:\/\/cmykprinted.com\/is\/wp-json\/wp\/v2\/types\/product"}],"version-history":[{"count":1,"href":"https:\/\/cmykprinted.com\/is\/wp-json\/wp\/v2\/product\/2380\/revisions"}],"predecessor-version":[{"id":2385,"href":"https:\/\/cmykprinted.com\/is\/wp-json\/wp\/v2\/product\/2380\/revisions\/2385"}],"wp:featuredmedia":[{"embeddable":true,"href":"https:\/\/cmykprinted.com\/is\/wp-json\/wp\/v2\/media\/2381"}],"wp:attachment":[{"href":"https:\/\/cmykprinted.com\/is\/wp-json\/wp\/v2\/media?parent=2380"}],"wp:term":[{"taxonomy":"product_cat","embeddable":true,"href":"https:\/\/cmykprinted.com\/is\/wp-json\/wp\/v2\/product_cat?post=2380"},{"taxonomy":"product_tag","embeddable":true,"href":"https:\/\/cmykprinted.com\/is\/wp-json\/wp\/v2\/product_tag?post=2380"}],"curies":[{"name":"wp","href":"https:\/\/api.w.org\/{rel}","templated":true}]}}