{"id":2405,"date":"2025-03-17T09:13:07","date_gmt":"2025-03-17T09:13:07","guid":{"rendered":"https:\/\/cmykprinted.com\/?post_type=product&#038;p=2405"},"modified":"2025-03-17T09:13:07","modified_gmt":"2025-03-17T09:13:07","slug":"heat-transfer-stickers-for-clothes","status":"publish","type":"product","link":"https:\/\/cmykprinted.com\/is\/product\/hitaflutnings-limmidar-fyrir-fot\/","title":{"rendered":"Hitaflutningsl\u00edmmi\u00f0ar fyrir f\u00f6t"},"content":{"rendered":"","protected":false},"excerpt":{"rendered":"<p>Hitaflutningsl\u00edmmi\u00f0ar fyrir f\u00f6t, einnig \u00feekkt sem hitaflutningsv\u00ednyl (HTV) e\u00f0a strauj\u00e1rn, eru vins\u00e6l a\u00f0fer\u00f0 til a\u00f0 b\u00e6ta h\u00f6nnun, mynstrum og l\u00f3g\u00f3um vi\u00f0 fl\u00edkur.<\/p>\n<p><strong>Hitaflutningsl\u00edmmi\u00f0ar fyrir f\u00f6t: S\u00e9rsni\u00f0i\u00f0 me\u00f0 au\u00f0veldum og st\u00edl<\/strong><br \/>\nHitaflutningsl\u00edmmi\u00f0ar eru byltingarkennd lei\u00f0 til a\u00f0 s\u00e9rsn\u00ed\u00f0a og skreyta fatna\u00f0 og bj\u00f3\u00f0a upp \u00e1 endalausa m\u00f6guleika til sk\u00f6punar og v\u00f6rumerkis. \u00deessir l\u00edmmi\u00f0ar eru ger\u00f0ir \u00far s\u00e9rh\u00f6nnu\u00f0um v\u00ednyl sem festist vi\u00f0 efni \u00feegar hita og \u00fer\u00fdstingur er beitt og skapar endingarg\u00f3\u00f0a og l\u00edflega h\u00f6nnun.<\/p>\n<div style=\"width: 954px;\" class=\"wp-video\"><!--[if lt IE 9]><script>document.createElement('video');<\/script><![endif]--><br \/>\n<video class=\"wp-video-shortcode\" id=\"video-2405-1\" width=\"954\" height=\"540\" preload=\"metadata\" controls=\"controls\"><source type=\"video\/mp4\" src=\"https:\/\/cmykprinted.com\/wp-content\/uploads\/2025\/03\/hot-transfer-labels.mp4?_=1\" \/><a href=\"https:\/\/cmykprinted.com\/wp-content\/uploads\/2025\/03\/hot-transfer-labels.mp4\">https:\/\/cmykprinted.com\/wp-content\/uploads\/2025\/03\/hot-transfer-labels.mp4<\/a><\/video><\/div>","protected":false},"featured_media":2406,"template":"","meta":{"_kad_post_transparent":"default","_kad_post_title":"hide","_kad_post_layout":"fullwidth","_kad_post_sidebar_id":"","_kad_post_content_style":"unboxed","_kad_post_vertical_padding":"hide","_kad_post_feature":"hide","_kad_post_feature_position":"","_kad_post_header":false,"_kad_post_footer":false},"product_cat":[101,103],"product_tag":[538,540,539],"class_list":{"0":"post-2405","1":"product","2":"type-product","3":"status-publish","4":"has-post-thumbnail","6":"product_cat-transfer-stickers","7":"product_cat-uv-transfer-stickers","8":"product_tag-heat-transfer-stickers","9":"product_tag-heat-transfer-stickers-for-clothes","10":"product_tag-transfer-stickers-for-clothes","12":"first","13":"instock","14":"shipping-taxable","15":"product-type-simple","16":"entry","17":"content-bg","18":"loop-entry"},"_links":{"self":[{"href":"https:\/\/cmykprinted.com\/is\/wp-json\/wp\/v2\/product\/2405","targetHints":{"allow":["GET"]}}],"collection":[{"href":"https:\/\/cmykprinted.com\/is\/wp-json\/wp\/v2\/product"}],"about":[{"href":"https:\/\/cmykprinted.com\/is\/wp-json\/wp\/v2\/types\/product"}],"version-history":[{"count":1,"href":"https:\/\/cmykprinted.com\/is\/wp-json\/wp\/v2\/product\/2405\/revisions"}],"predecessor-version":[{"id":2415,"href":"https:\/\/cmykprinted.com\/is\/wp-json\/wp\/v2\/product\/2405\/revisions\/2415"}],"wp:featuredmedia":[{"embeddable":true,"href":"https:\/\/cmykprinted.com\/is\/wp-json\/wp\/v2\/media\/2406"}],"wp:attachment":[{"href":"https:\/\/cmykprinted.com\/is\/wp-json\/wp\/v2\/media?parent=2405"}],"wp:term":[{"taxonomy":"product_cat","embeddable":true,"href":"https:\/\/cmykprinted.com\/is\/wp-json\/wp\/v2\/product_cat?post=2405"},{"taxonomy":"product_tag","embeddable":true,"href":"https:\/\/cmykprinted.com\/is\/wp-json\/wp\/v2\/product_tag?post=2405"}],"curies":[{"name":"wp","href":"https:\/\/api.w.org\/{rel}","templated":true}]}}