{"id":2431,"date":"2025-04-21T07:41:54","date_gmt":"2025-04-21T07:41:54","guid":{"rendered":"https:\/\/cmykprinted.com\/?post_type=product&#038;p=2431"},"modified":"2025-04-21T07:45:42","modified_gmt":"2025-04-21T07:45:42","slug":"event-bean-pop-up-advertising-banners","status":"publish","type":"product","link":"https:\/\/cmykprinted.com\/is\/product\/vidburdur-baun-pop-up-auglysingaspjold\/","title":{"rendered":"Event Bean Pop-up augl\u00fdsingabor\u00f0ar"},"content":{"rendered":"","protected":false},"excerpt":{"rendered":"<p>L\u00e1ttu skilabo\u00f0in \u00fe\u00edn skera sig \u00far me\u00f0 spor\u00f6skjulaga sprettiglugga!<\/p>\n<p>Gr\u00edptu athygli me\u00f0 au\u00f0veldum h\u00e6tti me\u00f0 \u00fev\u00ed a\u00f0 nota A-Frame sprettigluggabor\u00f0a - sl\u00e1andi og flytjanlegur valkostur fyrir kynningarmerki. Oval \/ Bean Pop-Up bor\u00f0ar, \u00ed bo\u00f0i \u00ed \u00fdmsum st\u00e6r\u00f0um og ger\u00f0um, eru \u00ed upp\u00e1haldi fyrir sterka sj\u00f3nr\u00e6na a\u00f0dr\u00e1ttarafl og a\u00f0l\u00f6gunarh\u00e6fa h\u00f6nnun.<\/p>\n<div style=\"width: 848px;\" class=\"wp-video\"><!--[if lt IE 9]><script>document.createElement('video');<\/script><![endif]--><br \/>\n<video class=\"wp-video-shortcode\" id=\"video-2431-1\" width=\"848\" height=\"480\" preload=\"metadata\" controls=\"controls\"><source type=\"video\/mp4\" src=\"https:\/\/cmykprinted.com\/wp-content\/uploads\/2025\/04\/Bean-Pop-up-Advertising-Banners.mp4?_=1\" \/><a href=\"https:\/\/cmykprinted.com\/wp-content\/uploads\/2025\/04\/Bean-Pop-up-Advertising-Banners.mp4\">https:\/\/cmykprinted.com\/wp-content\/uploads\/2025\/04\/Bean-Pop-up-Advertising-Banners.mp4<\/a><\/video><\/div>","protected":false},"featured_media":2433,"template":"","meta":{"_kad_post_transparent":"default","_kad_post_title":"hide","_kad_post_layout":"fullwidth","_kad_post_sidebar_id":"","_kad_post_content_style":"unboxed","_kad_post_vertical_padding":"hide","_kad_post_feature":"hide","_kad_post_feature_position":"","_kad_post_header":false,"_kad_post_footer":false},"product_cat":[92,94],"product_tag":[545,544,546,543],"class_list":{"0":"post-2431","1":"product","2":"type-product","3":"status-publish","4":"has-post-thumbnail","6":"product_cat-pop-up-banners","7":"product_cat-horizontal-pop-up-banners","8":"product_tag-bean-pop-up-banners","9":"product_tag-bean-pop-up-advertising-banners","10":"product_tag-event-advertising-banners","11":"product_tag-pop-up-advertising-banners","13":"first","14":"instock","15":"shipping-taxable","16":"product-type-simple","17":"entry","18":"content-bg","19":"loop-entry"},"_links":{"self":[{"href":"https:\/\/cmykprinted.com\/is\/wp-json\/wp\/v2\/product\/2431","targetHints":{"allow":["GET"]}}],"collection":[{"href":"https:\/\/cmykprinted.com\/is\/wp-json\/wp\/v2\/product"}],"about":[{"href":"https:\/\/cmykprinted.com\/is\/wp-json\/wp\/v2\/types\/product"}],"version-history":[{"count":1,"href":"https:\/\/cmykprinted.com\/is\/wp-json\/wp\/v2\/product\/2431\/revisions"}],"predecessor-version":[{"id":2440,"href":"https:\/\/cmykprinted.com\/is\/wp-json\/wp\/v2\/product\/2431\/revisions\/2440"}],"wp:featuredmedia":[{"embeddable":true,"href":"https:\/\/cmykprinted.com\/is\/wp-json\/wp\/v2\/media\/2433"}],"wp:attachment":[{"href":"https:\/\/cmykprinted.com\/is\/wp-json\/wp\/v2\/media?parent=2431"}],"wp:term":[{"taxonomy":"product_cat","embeddable":true,"href":"https:\/\/cmykprinted.com\/is\/wp-json\/wp\/v2\/product_cat?post=2431"},{"taxonomy":"product_tag","embeddable":true,"href":"https:\/\/cmykprinted.com\/is\/wp-json\/wp\/v2\/product_tag?post=2431"}],"curies":[{"name":"wp","href":"https:\/\/api.w.org\/{rel}","templated":true}]}}