{"id":2511,"date":"2025-05-15T07:32:48","date_gmt":"2025-05-15T07:32:48","guid":{"rendered":"https:\/\/cmykprinted.com\/?post_type=product&#038;p=2511"},"modified":"2025-05-15T07:37:54","modified_gmt":"2025-05-15T07:37:54","slug":"6-foot-logo-table-covers-for-trade-shows","status":"publish","type":"product","link":"https:\/\/cmykprinted.com\/is\/product\/6-feta-merki-bordhlifar-fyrir-syningar\/","title":{"rendered":"6 feta bor\u00f0d\u00fakar me\u00f0 merki fyrir vi\u00f0skiptas\u00fdningar"},"content":{"rendered":"","protected":false},"excerpt":{"rendered":"<p>Mj\u00f6g \u00e1hrifar\u00edk og hagkv\u00e6m a\u00f0fer\u00f0 til a\u00f0 lyfta s\u00fdningarb\u00e1snum \u00fe\u00ednum upp \u00e1 vi\u00f0 er a\u00f0 nota s\u00e9rsni\u00f0in bor\u00f0d\u00faka. Me\u00f0 hj\u00e1lp h\u00e1\u00fer\u00f3a\u00f0rar sublimeringsprentunart\u00e6kni okkar l\u00edta \u00feessir d\u00fakar ekki a\u00f0eins gl\u00e6silegir \u00fat heldur eru \u00feeir einnig l\u00e9ttir, au\u00f0veldir \u00ed samsetningu og umhir\u00f0u. \u00deetta gerir \u00fe\u00e1 a\u00f0 kj\u00f6rnum valkosti fyrir \u00fe\u00e1tttakendur \u00ed s\u00fdningum. Prentu\u00f0u h\u00f6nnunin s\u00fdnir fram \u00e1 v\u00f6rumerki\u00f0 \u00feitt. \u00de\u00fa getur s\u00e9rsni\u00f0i\u00f0 bor\u00f0d\u00fakana fyrir vi\u00f0bur\u00f0inn me\u00f0 \u00fev\u00ed a\u00f0 b\u00e6ta vi\u00f0 v\u00f6rumerkja\u00fe\u00e1ttum eins og fyrirt\u00e6kjamerki, tengili\u00f0auppl\u00fdsingum, myndum og einkennandi litum v\u00f6rumerkisins.<\/p>\n<div style=\"width: 1280px;\" class=\"wp-video\"><!--[if lt IE 9]><script>document.createElement('video');<\/script><![endif]--><br \/>\n<video class=\"wp-video-shortcode\" id=\"video-2511-1\" width=\"1280\" height=\"720\" preload=\"metadata\" controls=\"controls\"><source type=\"video\/mp4\" src=\"https:\/\/cmykprinted.com\/wp-content\/uploads\/2025\/05\/Logo-Table-Covers-for-Trade-Shows-01.mp4?_=1\" \/><a href=\"https:\/\/cmykprinted.com\/wp-content\/uploads\/2025\/05\/Logo-Table-Covers-for-Trade-Shows-01.mp4\">https:\/\/cmykprinted.com\/wp-content\/uploads\/2025\/05\/Logo-Table-Covers-for-Trade-Shows-01.mp4<\/a><\/video><\/div>","protected":false},"featured_media":2518,"template":"","meta":{"_kad_post_transparent":"default","_kad_post_title":"hide","_kad_post_layout":"fullwidth","_kad_post_sidebar_id":"","_kad_post_content_style":"unboxed","_kad_post_vertical_padding":"hide","_kad_post_feature":"hide","_kad_post_feature_position":"","_kad_post_header":false,"_kad_post_footer":false},"product_cat":[80,81],"product_tag":[560,561,559],"class_list":{"0":"post-2511","1":"product","2":"type-product","3":"status-publish","4":"has-post-thumbnail","6":"product_cat-custom-tablecloth","7":"product_cat-custom-stretch-tablecloth","8":"product_tag-6-foot-logo-table-covers-for-trade-shows","9":"product_tag-6-foot-table-covers","10":"product_tag-table-covers-for-trade-shows","12":"first","13":"instock","14":"shipping-taxable","15":"product-type-simple","16":"entry","17":"content-bg","18":"loop-entry"},"_links":{"self":[{"href":"https:\/\/cmykprinted.com\/is\/wp-json\/wp\/v2\/product\/2511","targetHints":{"allow":["GET"]}}],"collection":[{"href":"https:\/\/cmykprinted.com\/is\/wp-json\/wp\/v2\/product"}],"about":[{"href":"https:\/\/cmykprinted.com\/is\/wp-json\/wp\/v2\/types\/product"}],"version-history":[{"count":3,"href":"https:\/\/cmykprinted.com\/is\/wp-json\/wp\/v2\/product\/2511\/revisions"}],"predecessor-version":[{"id":2522,"href":"https:\/\/cmykprinted.com\/is\/wp-json\/wp\/v2\/product\/2511\/revisions\/2522"}],"wp:featuredmedia":[{"embeddable":true,"href":"https:\/\/cmykprinted.com\/is\/wp-json\/wp\/v2\/media\/2518"}],"wp:attachment":[{"href":"https:\/\/cmykprinted.com\/is\/wp-json\/wp\/v2\/media?parent=2511"}],"wp:term":[{"taxonomy":"product_cat","embeddable":true,"href":"https:\/\/cmykprinted.com\/is\/wp-json\/wp\/v2\/product_cat?post=2511"},{"taxonomy":"product_tag","embeddable":true,"href":"https:\/\/cmykprinted.com\/is\/wp-json\/wp\/v2\/product_tag?post=2511"}],"curies":[{"name":"wp","href":"https:\/\/api.w.org\/{rel}","templated":true}]}}