{"id":2524,"date":"2025-05-16T07:24:19","date_gmt":"2025-05-16T07:24:19","guid":{"rendered":"https:\/\/cmykprinted.com\/?post_type=product&#038;p=2524"},"modified":"2025-05-16T07:24:19","modified_gmt":"2025-05-16T07:24:19","slug":"custom-table-cloths-for-6-foot-table","status":"publish","type":"product","link":"https:\/\/cmykprinted.com\/is\/product\/sersnidnir-borddukar-fyrir-6-feta-bord\/","title":{"rendered":"S\u00e9rsni\u00f0nir bor\u00f0d\u00fakar fyrir 6 feta bor\u00f0"},"content":{"rendered":"","protected":false},"excerpt":{"rendered":"<p>S\u00e9rsni\u00f0nir d\u00fakar fyrir 6 feta bor\u00f0 \u2013 Pers\u00f3nuleg gl\u00e6sileiki og virkni<\/p>\n<p>Umbreyttu hva\u00f0a vi\u00f0bur\u00f0i, vi\u00f0skiptas\u00fdningu e\u00f0a veitingast\u00f6\u00f0um sem er me\u00f0 s\u00e9rsni\u00f0num bor\u00f0d\u00fakum okkar fyrir 1,8 metra bor\u00f0. D\u00fakarnir okkar eru hanna\u00f0ir til a\u00f0 passa fullkomlega vi\u00f0 hef\u00f0bundin 1,8 metra r\u00e9tthyrnd bor\u00f0 (venjulega 183 cm l\u00f6ng, 76 cm brei\u00f0 og 74-76 cm h\u00e1) og bj\u00f3\u00f0a upp \u00e1 fullkomna bl\u00f6ndu af s\u00e9rsni\u00f0inni h\u00f6nnun, h\u00e1g\u00e6\u00f0a efni og pers\u00f3nulegum st\u00edl. Hvort sem \u00fe\u00fa ert a\u00f0 v\u00f6rumerkja fyrirt\u00e6ki\u00f0 \u00feitt e\u00f0a lyfta heimilinu \u00fe\u00ednu upp \u00e1 n\u00fdtt, \u00fe\u00e1 bj\u00f3\u00f0a \u00feessir s\u00e9rsni\u00f0nu bor\u00f0d\u00fakar upp \u00e1 b\u00e6\u00f0i fegur\u00f0 og notagildi.<\/p>\n<p>S\u00e9rsni\u00f0in sni\u00f0 fyrir faglegt \u00fatlit<br \/>\nS\u00e9rsm\u00ed\u00f0u\u00f0u bor\u00f0d\u00fakarnir okkar eru sm\u00ed\u00f0a\u00f0ir af n\u00e1kv\u00e6mni til a\u00f0 tryggja \u00fe\u00e9tta og gl\u00e6silega passun \u00e1 1,8 metra bor\u00f0i. Hlutf\u00f6llin eru h\u00f6nnu\u00f0 til a\u00f0 falla mj\u00faklega \u00e1 alla kanta og veita hreint og krumpulaust \u00fatlit sem eykur fagurfr\u00e6\u00f0i kynningar e\u00f0a vi\u00f0bur\u00f0ar. Hvort sem \u00feeir eru nota\u00f0ir fyrir formlegar veislur, s\u00fdningar e\u00f0a \u00f3formlegar samkomur, \u00fe\u00e1 b\u00e6tir sni\u00f0i\u00f0 vi\u00f0 snert af fagmennsku og f\u00e1gun.<\/p>\n<div style=\"width: 1280px;\" class=\"wp-video\"><!--[if lt IE 9]><script>document.createElement('video');<\/script><![endif]--><br \/>\n<video class=\"wp-video-shortcode\" id=\"video-2524-1\" width=\"1280\" height=\"720\" preload=\"metadata\" controls=\"controls\"><source type=\"video\/mp4\" src=\"https:\/\/cmykprinted.com\/wp-content\/uploads\/2025\/05\/Logo-Table-Covers-for-Trade-Shows-01.mp4?_=1\" \/><a href=\"https:\/\/cmykprinted.com\/wp-content\/uploads\/2025\/05\/Logo-Table-Covers-for-Trade-Shows-01.mp4\">https:\/\/cmykprinted.com\/wp-content\/uploads\/2025\/05\/Logo-Table-Covers-for-Trade-Shows-01.mp4<\/a><\/video><\/div>","protected":false},"featured_media":2527,"template":"","meta":{"_kad_post_transparent":"default","_kad_post_title":"hide","_kad_post_layout":"fullwidth","_kad_post_sidebar_id":"","_kad_post_content_style":"unboxed","_kad_post_vertical_padding":"hide","_kad_post_feature":"hide","_kad_post_feature_position":"","_kad_post_header":false,"_kad_post_footer":false},"product_cat":[80,81],"product_tag":[563,158,562],"class_list":{"0":"post-2524","1":"product","2":"type-product","3":"status-publish","4":"has-post-thumbnail","6":"product_cat-custom-tablecloth","7":"product_cat-custom-stretch-tablecloth","8":"product_tag-custom-table-cloths","9":"product_tag-custom-tablecloth","10":"product_tag-tablecloth-for-6-foot-table","12":"first","13":"instock","14":"shipping-taxable","15":"product-type-simple","16":"entry","17":"content-bg","18":"loop-entry"},"_links":{"self":[{"href":"https:\/\/cmykprinted.com\/is\/wp-json\/wp\/v2\/product\/2524","targetHints":{"allow":["GET"]}}],"collection":[{"href":"https:\/\/cmykprinted.com\/is\/wp-json\/wp\/v2\/product"}],"about":[{"href":"https:\/\/cmykprinted.com\/is\/wp-json\/wp\/v2\/types\/product"}],"version-history":[{"count":2,"href":"https:\/\/cmykprinted.com\/is\/wp-json\/wp\/v2\/product\/2524\/revisions"}],"predecessor-version":[{"id":2530,"href":"https:\/\/cmykprinted.com\/is\/wp-json\/wp\/v2\/product\/2524\/revisions\/2530"}],"wp:featuredmedia":[{"embeddable":true,"href":"https:\/\/cmykprinted.com\/is\/wp-json\/wp\/v2\/media\/2527"}],"wp:attachment":[{"href":"https:\/\/cmykprinted.com\/is\/wp-json\/wp\/v2\/media?parent=2524"}],"wp:term":[{"taxonomy":"product_cat","embeddable":true,"href":"https:\/\/cmykprinted.com\/is\/wp-json\/wp\/v2\/product_cat?post=2524"},{"taxonomy":"product_tag","embeddable":true,"href":"https:\/\/cmykprinted.com\/is\/wp-json\/wp\/v2\/product_tag?post=2524"}],"curies":[{"name":"wp","href":"https:\/\/api.w.org\/{rel}","templated":true}]}}