{"id":2533,"date":"2025-05-19T07:28:34","date_gmt":"2025-05-19T07:28:34","guid":{"rendered":"https:\/\/cmykprinted.com\/?post_type=product&#038;p=2533"},"modified":"2025-05-19T07:28:34","modified_gmt":"2025-05-19T07:28:34","slug":"ez-tube-trade-show-tension-fabric-displays","status":"publish","type":"product","link":"https:\/\/cmykprinted.com\/is\/product\/ez-ror-syning-spennt-efni-skjar\/","title":{"rendered":"EZ Tube Trade Show spennuefniss\u00fdningar"},"content":{"rendered":"","protected":false},"excerpt":{"rendered":"<p>EZ Tube spennuefnisskj\u00e1ir fyrir vi\u00f0skiptas\u00fdningar eru l\u00e9ttir og flytjanlegir skj\u00e1ir hanna\u00f0ir fyrir vi\u00f0skiptas\u00fdningar, s\u00fdningar og kynningarvi\u00f0bur\u00f0i. \u00deessir skj\u00e1ir eru me\u00f0 endingarg\u00f3\u00f0um \u00e1lr\u00f6rsramma sem smellpassar au\u00f0veldlega saman \u00e1n verkf\u00e6ra. S\u00e9rsni\u00f0in, teygjanleg graf\u00edk \u00far spennuefni rennur yfir rammann eins og koddaver og skapar sl\u00e9tt og krumpulaust \u00fatlit. L\u00edfleg graf\u00edkin \u00ed h\u00e1rri upplausn er litu\u00f0 me\u00f0 sublimering fyrir langvarandi lit og \u00e1hrif. EZ Tube skj\u00e1ir eru f\u00e1anlegir \u00ed \u00fdmsum st\u00e6r\u00f0um og st\u00edlum, \u00fear \u00e1 me\u00f0al bakgrunnum, turnum, bor\u00f0um og hengiskiltum. \u00deeir eru au\u00f0veldir \u00ed samsetningu, sundurhlutun og flutningi, sem gerir \u00fe\u00e1 a\u00f0 vins\u00e6lum valkosti fyrir fyrirt\u00e6ki sem leita a\u00f0 faglegri og \u00fe\u00e6gilegri v\u00f6rumerkjalausn \u00e1 fer\u00f0inni. EZ Tube skj\u00e1ir eru tilvaldir til a\u00f0 skapa \u00e1berandi n\u00e6rveru og sameina st\u00edl, virkni og au\u00f0velda notkun \u00ed einum \u00fe\u00e9ttum pakka.<\/p>\n<div style=\"width: 1280px;\" class=\"wp-video\"><!--[if lt IE 9]><script>document.createElement('video');<\/script><![endif]--><br \/>\n<video class=\"wp-video-shortcode\" id=\"video-2533-1\" width=\"1280\" height=\"720\" preload=\"metadata\" controls=\"controls\"><source type=\"video\/mp4\" src=\"https:\/\/cmykprinted.com\/wp-content\/uploads\/2024\/04\/custom-tension-fabric-display.mp4?_=1\" \/><a href=\"https:\/\/cmykprinted.com\/wp-content\/uploads\/2024\/04\/custom-tension-fabric-display.mp4\">https:\/\/cmykprinted.com\/wp-content\/uploads\/2024\/04\/custom-tension-fabric-display.mp4<\/a><\/video><\/div>\n<p>&nbsp;<\/p>\n<p>&nbsp;<\/p>","protected":false},"featured_media":2541,"template":"","meta":{"_kad_post_transparent":"default","_kad_post_title":"hide","_kad_post_layout":"fullwidth","_kad_post_sidebar_id":"","_kad_post_content_style":"unboxed","_kad_post_vertical_padding":"hide","_kad_post_feature":"hide","_kad_post_feature_position":"","_kad_post_header":false,"_kad_post_footer":false},"product_cat":[97,99],"product_tag":[565,134,564],"class_list":{"0":"post-2533","1":"product","2":"type-product","3":"status-publish","4":"has-post-thumbnail","6":"product_cat-tension-fabric-displays","7":"product_cat-custom-fabric-displays","8":"product_tag-ez-tube-fabric-displays","9":"product_tag-tension-fabric-displays","10":"product_tag-trade-show-tension-fabric-displays","12":"first","13":"instock","14":"shipping-taxable","15":"product-type-simple","16":"entry","17":"content-bg","18":"loop-entry"},"_links":{"self":[{"href":"https:\/\/cmykprinted.com\/is\/wp-json\/wp\/v2\/product\/2533","targetHints":{"allow":["GET"]}}],"collection":[{"href":"https:\/\/cmykprinted.com\/is\/wp-json\/wp\/v2\/product"}],"about":[{"href":"https:\/\/cmykprinted.com\/is\/wp-json\/wp\/v2\/types\/product"}],"version-history":[{"count":1,"href":"https:\/\/cmykprinted.com\/is\/wp-json\/wp\/v2\/product\/2533\/revisions"}],"predecessor-version":[{"id":2542,"href":"https:\/\/cmykprinted.com\/is\/wp-json\/wp\/v2\/product\/2533\/revisions\/2542"}],"wp:featuredmedia":[{"embeddable":true,"href":"https:\/\/cmykprinted.com\/is\/wp-json\/wp\/v2\/media\/2541"}],"wp:attachment":[{"href":"https:\/\/cmykprinted.com\/is\/wp-json\/wp\/v2\/media?parent=2533"}],"wp:term":[{"taxonomy":"product_cat","embeddable":true,"href":"https:\/\/cmykprinted.com\/is\/wp-json\/wp\/v2\/product_cat?post=2533"},{"taxonomy":"product_tag","embeddable":true,"href":"https:\/\/cmykprinted.com\/is\/wp-json\/wp\/v2\/product_tag?post=2533"}],"curies":[{"name":"wp","href":"https:\/\/api.w.org\/{rel}","templated":true}]}}