{"id":2545,"date":"2025-05-19T09:09:51","date_gmt":"2025-05-19T09:09:51","guid":{"rendered":"https:\/\/cmykprinted.com\/?post_type=product&#038;p=2545"},"modified":"2025-05-19T09:09:51","modified_gmt":"2025-05-19T09:09:51","slug":"custom-step-and-repeat-logo-wall-backdrop","status":"publish","type":"product","link":"https:\/\/cmykprinted.com\/is\/product\/sersnidinn-step-og-repeat-logo-veggur-bakgrunnur\/","title":{"rendered":"S\u00e9rsni\u00f0in skref-og-endurtekningarmerki veggbakgrunnur"},"content":{"rendered":"","protected":false},"excerpt":{"rendered":"<p>S\u00e9rsni\u00f0na Step and Repeat merkisveggmyndin er fagleg og \u00e1berandi lausn fyrir vi\u00f0bur\u00f0i, rau\u00f0a dregilinn, bla\u00f0amannafundi og lj\u00f3smyndat\u00e6kif\u00e6ri. \u00deessi bakgrunnur er hanna\u00f0ur til a\u00f0 s\u00fdna merki \u00e1berandi \u00ed endurteknu mynstri, eykur s\u00fdnileika v\u00f6rumerkisins og skapar f\u00e1ga\u00f0 og \u00e1hrifamiki\u00f0 umhverfi. Hann er me\u00f0 endingarg\u00f3\u00f0um, stillanlegum ramma og h\u00e1g\u00e6\u00f0a efnis- e\u00f0a v\u00ednylprentun, s\u00e9rsni\u00f0inni me\u00f0 merkjum \u00fe\u00ednum e\u00f0a graf\u00edk. Au\u00f0velt \u00ed uppsetningu og flutningi, fullkomi\u00f0 fyrir kynningarvi\u00f0bur\u00f0i, fj\u00f6lmi\u00f0laveggi e\u00f0a styrktars\u00fdningar. Samfellda h\u00f6nnunin tryggir hreint og faglegt \u00fatlit \u00e1 hverri mynd. Step and Repeat bakgrunnurinn er tilvalinn fyrir marka\u00f0ssetningu, almannatengsl e\u00f0a fyrirt\u00e6kjav\u00f6rumerki og b\u00fd\u00f0ur upp \u00e1 b\u00e6\u00f0i st\u00edl og s\u00fdnileika \u00ed einni fj\u00f6lh\u00e6fri s\u00fdningu.<\/p>\n<div style=\"width: 1280px;\" class=\"wp-video\"><!--[if lt IE 9]><script>document.createElement('video');<\/script><![endif]--><br \/>\n<video class=\"wp-video-shortcode\" id=\"video-2545-1\" width=\"1280\" height=\"720\" preload=\"metadata\" controls=\"controls\"><source type=\"video\/mp4\" src=\"https:\/\/cmykprinted.com\/wp-content\/uploads\/2025\/05\/Custom-Step-and-Repeat-Backdrop.mp4?_=1\" \/><a href=\"https:\/\/cmykprinted.com\/wp-content\/uploads\/2025\/05\/Custom-Step-and-Repeat-Backdrop.mp4\">https:\/\/cmykprinted.com\/wp-content\/uploads\/2025\/05\/Custom-Step-and-Repeat-Backdrop.mp4<\/a><\/video><\/div>","protected":false},"featured_media":2548,"template":"","meta":{"_kad_post_transparent":"default","_kad_post_title":"hide","_kad_post_layout":"fullwidth","_kad_post_sidebar_id":"","_kad_post_content_style":"unboxed","_kad_post_vertical_padding":"hide","_kad_post_feature":"hide","_kad_post_feature_position":"","_kad_post_header":false,"_kad_post_footer":false},"product_cat":[97,98],"product_tag":[567,566,568],"class_list":{"0":"post-2545","1":"product","2":"type-product","3":"status-publish","4":"has-post-thumbnail","6":"product_cat-tension-fabric-displays","7":"product_cat-curved-tension-fabric-pop-up-displays","8":"product_tag-custom-step-and-repeat-backdrop","9":"product_tag-logo-wall-backdrop","10":"product_tag-step-and-repeat-logo-backdrop","12":"first","13":"instock","14":"shipping-taxable","15":"product-type-simple","16":"entry","17":"content-bg","18":"loop-entry"},"_links":{"self":[{"href":"https:\/\/cmykprinted.com\/is\/wp-json\/wp\/v2\/product\/2545","targetHints":{"allow":["GET"]}}],"collection":[{"href":"https:\/\/cmykprinted.com\/is\/wp-json\/wp\/v2\/product"}],"about":[{"href":"https:\/\/cmykprinted.com\/is\/wp-json\/wp\/v2\/types\/product"}],"version-history":[{"count":1,"href":"https:\/\/cmykprinted.com\/is\/wp-json\/wp\/v2\/product\/2545\/revisions"}],"predecessor-version":[{"id":2552,"href":"https:\/\/cmykprinted.com\/is\/wp-json\/wp\/v2\/product\/2545\/revisions\/2552"}],"wp:featuredmedia":[{"embeddable":true,"href":"https:\/\/cmykprinted.com\/is\/wp-json\/wp\/v2\/media\/2548"}],"wp:attachment":[{"href":"https:\/\/cmykprinted.com\/is\/wp-json\/wp\/v2\/media?parent=2545"}],"wp:term":[{"taxonomy":"product_cat","embeddable":true,"href":"https:\/\/cmykprinted.com\/is\/wp-json\/wp\/v2\/product_cat?post=2545"},{"taxonomy":"product_tag","embeddable":true,"href":"https:\/\/cmykprinted.com\/is\/wp-json\/wp\/v2\/product_tag?post=2545"}],"curies":[{"name":"wp","href":"https:\/\/api.w.org\/{rel}","templated":true}]}}