{"id":2555,"date":"2025-05-20T12:02:02","date_gmt":"2025-05-20T12:02:02","guid":{"rendered":"https:\/\/cmykprinted.com\/?post_type=product&#038;p=2555"},"modified":"2025-05-20T12:02:02","modified_gmt":"2025-05-20T12:02:02","slug":"8-ft-x-8-ft-step-and-repeat-adjustable-banner-stands","status":"publish","type":"product","link":"https:\/\/cmykprinted.com\/is\/product\/8-ft-x-8-ft-step-and-repeat-stillanlegir-auglysingastandar\/","title":{"rendered":"8 fet x 8 fet stillanleg bor\u00f0astandar me\u00f0 skrefum og endurteknum h\u00e6tti"},"content":{"rendered":"","protected":false},"excerpt":{"rendered":"<p data-start=\"209\" data-end=\"563\">Stillanlegir bor\u00f0astandar me\u00f0 endurteknum a\u00f0fer\u00f0um eru fullkomnir til a\u00f0 skapa \u00e1berandi bakgrunn \u00e1 vi\u00f0bur\u00f0um, vi\u00f0skiptas\u00fdningum, lj\u00f3smyndat\u00f6kum, rau\u00f0a dreglinum og bla\u00f0amannafundum. \u00deessir standar eru hanna\u00f0ir me\u00f0 \u00e1herslu \u00e1 fj\u00f6lh\u00e6fni og \u00fe\u00e6gindi \u00ed huga og eru fullkomlega stillanlegir til a\u00f0 passa vi\u00f0 mismunandi st\u00e6r\u00f0ir bor\u00f0a, venjulega fr\u00e1 1,5 til 3 metra breidd og 1,2 til 2,4 metra h\u00e6\u00f0.<\/p>\n<p data-start=\"565\" data-end=\"957\">St\u00f6\u00f0in er \u00far endingarg\u00f3\u00f0u og l\u00e9ttu \u00e1li og er au\u00f0veld \u00ed samsetningu og veitir st\u00f6\u00f0ugan stu\u00f0ning fyrir bor\u00f0a \u00far efni e\u00f0a v\u00ednyl. Standurinn er me\u00f0 stillanlegum st\u00f6ngum me\u00f0 \u00f6ruggum l\u00e6singarb\u00fana\u00f0i sem gerir kleift a\u00f0 setja hann upp og taka hann ni\u00f0ur flj\u00f3tt \u00e1n \u00feess a\u00f0 \u00fe\u00f6rf s\u00e9 \u00e1 verkf\u00e6rum. Sl\u00e9tt og fagmannlegt \u00fatlit hans fegrar hva\u00f0a umhverfi sem er, en me\u00f0fylgjandi bur\u00f0artaska tryggir au\u00f0veldan flutning og geymslu.<\/p>\n<p data-start=\"959\" data-end=\"1339\">Hvort sem \u00fe\u00fa ert a\u00f0 kynna v\u00f6rumerki, halda formlegan vi\u00f0bur\u00f0 e\u00f0a skipuleggja fj\u00f6lmi\u00f0lavegg, \u00fe\u00e1 bj\u00f3\u00f0a \u00feessir standar upp \u00e1 \u00e1rei\u00f0anlega og endurn\u00fdtanlega lausn. Para\u00f0u \u00fe\u00e1 vi\u00f0 s\u00e9rsni\u00f0inn \u201estep and repeat\u201c bor\u00f0a til a\u00f0 auka s\u00fdnileika og skapa eftirminnileg lj\u00f3smyndat\u00e6kif\u00e6ri. Step and Repeat stillanlegi bor\u00f0astandurinn er tilvalinn b\u00e6\u00f0i til notkunar innandyra og utandyra og b\u00fd\u00f0ur upp \u00e1 g\u00e6\u00f0i, sveigjanleika og sj\u00f3nr\u00e6n \u00e1hrif.<\/p>\n<div style=\"width: 720px;\" class=\"wp-video\"><!--[if lt IE 9]><script>document.createElement('video');<\/script><![endif]--><br \/>\n<video class=\"wp-video-shortcode\" id=\"video-2555-1\" width=\"720\" height=\"720\" preload=\"metadata\" controls=\"controls\"><source type=\"video\/mp4\" src=\"https:\/\/cmykprinted.com\/wp-content\/uploads\/2025\/05\/Adjustable-Banner-Stands.mp4?_=1\" \/><a href=\"https:\/\/cmykprinted.com\/wp-content\/uploads\/2025\/05\/Adjustable-Banner-Stands.mp4\">https:\/\/cmykprinted.com\/wp-content\/uploads\/2025\/05\/Adjustable-Banner-Stands.mp4<\/a><\/video><\/div>","protected":false},"featured_media":2570,"template":"","meta":{"_kad_post_transparent":"default","_kad_post_title":"hide","_kad_post_layout":"fullwidth","_kad_post_sidebar_id":"","_kad_post_content_style":"unboxed","_kad_post_vertical_padding":"hide","_kad_post_feature":"hide","_kad_post_feature_position":"","_kad_post_header":false,"_kad_post_footer":false},"product_cat":[97,98],"product_tag":[567,566,568],"class_list":{"0":"post-2555","1":"product","2":"type-product","3":"status-publish","4":"has-post-thumbnail","6":"product_cat-tension-fabric-displays","7":"product_cat-curved-tension-fabric-pop-up-displays","8":"product_tag-custom-step-and-repeat-backdrop","9":"product_tag-logo-wall-backdrop","10":"product_tag-step-and-repeat-logo-backdrop","12":"first","13":"instock","14":"shipping-taxable","15":"product-type-simple","16":"entry","17":"content-bg","18":"loop-entry"},"_links":{"self":[{"href":"https:\/\/cmykprinted.com\/is\/wp-json\/wp\/v2\/product\/2555","targetHints":{"allow":["GET"]}}],"collection":[{"href":"https:\/\/cmykprinted.com\/is\/wp-json\/wp\/v2\/product"}],"about":[{"href":"https:\/\/cmykprinted.com\/is\/wp-json\/wp\/v2\/types\/product"}],"version-history":[{"count":2,"href":"https:\/\/cmykprinted.com\/is\/wp-json\/wp\/v2\/product\/2555\/revisions"}],"predecessor-version":[{"id":2574,"href":"https:\/\/cmykprinted.com\/is\/wp-json\/wp\/v2\/product\/2555\/revisions\/2574"}],"wp:featuredmedia":[{"embeddable":true,"href":"https:\/\/cmykprinted.com\/is\/wp-json\/wp\/v2\/media\/2570"}],"wp:attachment":[{"href":"https:\/\/cmykprinted.com\/is\/wp-json\/wp\/v2\/media?parent=2555"}],"wp:term":[{"taxonomy":"product_cat","embeddable":true,"href":"https:\/\/cmykprinted.com\/is\/wp-json\/wp\/v2\/product_cat?post=2555"},{"taxonomy":"product_tag","embeddable":true,"href":"https:\/\/cmykprinted.com\/is\/wp-json\/wp\/v2\/product_tag?post=2555"}],"curies":[{"name":"wp","href":"https:\/\/api.w.org\/{rel}","templated":true}]}}