{"id":2582,"date":"2025-05-21T06:04:22","date_gmt":"2025-05-21T06:04:22","guid":{"rendered":"https:\/\/cmykprinted.com\/?post_type=product&#038;p=2582"},"modified":"2025-05-21T06:04:22","modified_gmt":"2025-05-21T06:04:22","slug":"custom-feather-flags-australia-queensland-beach-banners","status":"publish","type":"product","link":"https:\/\/cmykprinted.com\/is\/product\/sersnidnir-fjodur-fanar-astralia-queensland-strandbordar\/","title":{"rendered":"S\u00e9rsni\u00f0nir fja\u00f0raf\u00e1nar \u00c1stral\u00eda Queensland strandbor\u00f0ar"},"content":{"rendered":"","protected":false},"excerpt":{"rendered":"<p>S\u00e9rsni\u00f0nir fja\u00f0raf\u00e1nar eru l\u00edfleg og \u00e1hrifar\u00edk lei\u00f0 til a\u00f0 kynna fyrirt\u00e6ki \u00feitt, v\u00f6rumerki e\u00f0a vi\u00f0bur\u00f0 um alla \u00c1stral\u00edu. \u00deessir \u00e1berandi bor\u00f0ar eru hanna\u00f0ir til a\u00f0 vera s\u00fdnilegir og fullkomnir fyrir \u00fatimarka\u00f0i, verslanir, h\u00e1t\u00ed\u00f0ir, \u00ed\u00fer\u00f3ttavi\u00f0bur\u00f0i og vi\u00f0skiptas\u00fdningar. Hvort sem \u00fe\u00fa ert l\u00edti\u00f0 fyrirt\u00e6ki e\u00f0a \u00fej\u00f3\u00f0legt v\u00f6rumerki, \u00fe\u00e1 bj\u00f3\u00f0a fja\u00f0raf\u00e1nar upp \u00e1 faglega og hagkv\u00e6ma augl\u00fdsingalausn.<\/p>\n<p>\u00cd hinu fj\u00f6lbreytta loftslagi \u00c1stral\u00edu eru fja\u00f0raf\u00e1narnir okkar hanna\u00f0ir til a\u00f0 endast. \u00deeir eru \u00far endingarg\u00f3\u00f0u p\u00f3l\u00fdesterefni og prenta\u00f0ir me\u00f0 UV-\u00feolnu bleki, svo \u00feeir \u00feola sterka s\u00f3l, vind og rigningu. L\u00e9tt h\u00f6nnunin gerir \u00fe\u00e1 au\u00f0velda \u00ed uppsetningu, flutningi og flutningi eftir \u00fe\u00f6rfum.<\/p>\n<p>\u00de\u00fa getur vali\u00f0 \u00e1 milli einhli\u00f0a e\u00f0a tv\u00edhli\u00f0a prentunar, allt eftir s\u00fdnileika\u00fe\u00f6rfum \u00fe\u00ednum. H\u00e6gt er a\u00f0 s\u00e9rsn\u00ed\u00f0a hvern f\u00e1na a\u00f0 fullu me\u00f0 \u00fe\u00ednu l\u00f3g\u00f3i, litum og skilabo\u00f0um, sem hj\u00e1lpar \u00fe\u00e9r a\u00f0 skera \u00feig \u00far \u00e1 hva\u00f0a sta\u00f0 sem er. \u00ddmsar st\u00e6r\u00f0ir og grunnar eru \u00ed bo\u00f0i sem henta mismunandi yfirbor\u00f0um - hvort sem \u00fe\u00fa \u00fearft jar\u00f0st\u00f6ngla fyrir strendur og akra, e\u00f0a krossgrunna me\u00f0 vatnspokum fyrir steypu e\u00f0a innandyra sv\u00e6\u00f0i.<\/p>\n<p>Fr\u00e1 Melbourne til Brisbane, Sydney til Perth, \u00fatvegum vi\u00f0 fyrirt\u00e6kjum um allt land s\u00e9rsni\u00f0na fja\u00f0raf\u00e1na sem eru flj\u00f3tir \u00ed framlei\u00f0slu og einfaldir \u00ed uppsetningu. Teymi\u00f0 okkar er til sta\u00f0ar til a\u00f0 a\u00f0sto\u00f0a \u00feig vi\u00f0 h\u00f6nnun, prentun og afhendingu, og tryggja \u00fe\u00e6gilega og \u00e1rei\u00f0anlega upplifun \u00ed hvert skipti.<\/p>\n<p>Veldu s\u00e9rsni\u00f0na fja\u00f0raf\u00e1na fr\u00e1 \u00c1stral\u00edu til a\u00f0 auka vi\u00f0veru v\u00f6rumerkisins og vekja athygli hvar sem \u00fe\u00fa fer\u00f0.<\/p>","protected":false},"featured_media":2584,"template":"","meta":{"_kad_post_transparent":"default","_kad_post_title":"hide","_kad_post_layout":"fullwidth","_kad_post_sidebar_id":"","_kad_post_content_style":"unboxed","_kad_post_vertical_padding":"hide","_kad_post_feature":"hide","_kad_post_feature_position":"","_kad_post_header":false,"_kad_post_footer":false},"product_cat":[64,65,66,67],"product_tag":[321,573,574,575],"class_list":{"0":"post-2582","1":"product","2":"type-product","3":"status-publish","4":"has-post-thumbnail","6":"product_cat-beach-flags","7":"product_cat-feather-flags-banners","8":"product_cat-rectangular-flags-banners","9":"product_cat-teardrop-flags-banners","10":"product_tag-custom-feather-flags","11":"product_tag-feather-flags-australia","12":"product_tag-feather-flags-queensland","13":"product_tag-queensland-beach-banners","15":"first","16":"instock","17":"shipping-taxable","18":"product-type-simple","19":"entry","20":"content-bg","21":"loop-entry"},"_links":{"self":[{"href":"https:\/\/cmykprinted.com\/is\/wp-json\/wp\/v2\/product\/2582","targetHints":{"allow":["GET"]}}],"collection":[{"href":"https:\/\/cmykprinted.com\/is\/wp-json\/wp\/v2\/product"}],"about":[{"href":"https:\/\/cmykprinted.com\/is\/wp-json\/wp\/v2\/types\/product"}],"version-history":[{"count":1,"href":"https:\/\/cmykprinted.com\/is\/wp-json\/wp\/v2\/product\/2582\/revisions"}],"predecessor-version":[{"id":2590,"href":"https:\/\/cmykprinted.com\/is\/wp-json\/wp\/v2\/product\/2582\/revisions\/2590"}],"wp:featuredmedia":[{"embeddable":true,"href":"https:\/\/cmykprinted.com\/is\/wp-json\/wp\/v2\/media\/2584"}],"wp:attachment":[{"href":"https:\/\/cmykprinted.com\/is\/wp-json\/wp\/v2\/media?parent=2582"}],"wp:term":[{"taxonomy":"product_cat","embeddable":true,"href":"https:\/\/cmykprinted.com\/is\/wp-json\/wp\/v2\/product_cat?post=2582"},{"taxonomy":"product_tag","embeddable":true,"href":"https:\/\/cmykprinted.com\/is\/wp-json\/wp\/v2\/product_tag?post=2582"}],"curies":[{"name":"wp","href":"https:\/\/api.w.org\/{rel}","templated":true}]}}