{"id":2591,"date":"2025-05-21T09:11:06","date_gmt":"2025-05-21T09:11:06","guid":{"rendered":"https:\/\/cmykprinted.com\/?post_type=product&#038;p=2591"},"modified":"2025-05-23T14:07:36","modified_gmt":"2025-05-23T14:07:36","slug":"custom-printed-promotional-tablecloths-australia","status":"publish","type":"product","link":"https:\/\/cmykprinted.com\/is\/product\/sersnidnir-prentadir-kynningardukar-astralia\/","title":{"rendered":"S\u00e9rsni\u00f0nir prenta\u00f0ir kynningard\u00fakar \u00ed \u00c1stral\u00edu"},"content":{"rendered":"","protected":false},"excerpt":{"rendered":"<p data-start=\"197\" data-end=\"540\">S\u00e9rsni\u00f0nir kynningard\u00fakar eru nau\u00f0synlegt v\u00f6rumerkjat\u00e6ki fyrir fyrirt\u00e6ki og stofnanir sem vilja skapa faglega og \u00e1berandi s\u00fdningu \u00e1 vi\u00f0skiptas\u00fdningum, v\u00f6rukynningum og \u00f6\u00f0rum vi\u00f0bur\u00f0um um alla \u00c1stral\u00edu. \u00deessir bor\u00f0d\u00fakar eru hanna\u00f0ir til a\u00f0 auka s\u00fdnileika og v\u00f6rumerkjan\u00e6rveru og bj\u00f3\u00f0a upp \u00e1 b\u00e6\u00f0i virkni og st\u00edl.<\/p>\n<p data-start=\"542\" data-end=\"865\">D\u00fakar okkar eru \u00far h\u00e1g\u00e6\u00f0a p\u00f3l\u00fdesterefni, \u00feekkt fyrir endingu, hrukka\u00feol og sk\u00e6r litaendurger\u00f0. Me\u00f0 \u00fev\u00ed a\u00f0 nota h\u00e1\u00fer\u00f3a\u00f0a litbrig\u00f0aprentun getum vi\u00f0 s\u00e9rsni\u00f0i\u00f0 bor\u00f0d\u00fakinn \u00feinn a\u00f0 fullu me\u00f0 l\u00f3g\u00f3um, slagor\u00f0um, graf\u00edk e\u00f0a h\u00f6nnun \u00e1 \u00f6llum yfirbor\u00f0um - og tryggt a\u00f0 v\u00f6rumerki\u00f0 \u00feitt s\u00e9 teki\u00f0 eftir fr\u00e1 \u00f6llum sj\u00f3narhornum.<\/p>\n<p data-start=\"867\" data-end=\"931\">Vi\u00f0 bj\u00f3\u00f0um upp \u00e1 fj\u00f6lbreytt \u00farval af st\u00edlum sem henta mismunandi \u00fe\u00f6rfum, \u00fear \u00e1 me\u00f0al:<\/p>\n<ul data-start=\"932\" data-end=\"1201\">\n<li data-start=\"932\" data-end=\"1022\">\n<p data-start=\"934\" data-end=\"1022\"><strong data-start=\"934\" data-end=\"961\">Lausar\/fallandi d\u00fakar<\/strong> \u2013 Fj\u00f6lh\u00e6fur valkostur sem passar vi\u00f0 flest hef\u00f0bundin bor\u00f0bukka.<\/p>\n<\/li>\n<li data-start=\"1023\" data-end=\"1105\">\n<p data-start=\"1025\" data-end=\"1105\"><strong data-start=\"1025\" data-end=\"1048\">Bor\u00f0\u00e1kl\u00e6\u00f0i<\/strong> \u2013 Gefa upp \u00e1 hreint, sni\u00f0i\u00f0 \u00fatlit me\u00f0 sk\u00f6rpum l\u00ednum.<\/p>\n<\/li>\n<li data-start=\"1106\" data-end=\"1201\">\n<p data-start=\"1108\" data-end=\"1201\"><strong data-start=\"1108\" data-end=\"1132\">Teygja bor\u00f0kl\u00e6\u00f0ningar<\/strong> \u2013 N\u00fat\u00edmaleg og gl\u00e6sileg, \u00feessi bj\u00f3\u00f0a upp \u00e1 \u00fe\u00e9tta passun og hrukkalausa \u00fatlit.<\/p>\n<\/li>\n<\/ul>\n<p data-start=\"1203\" data-end=\"1377\">F\u00e1anlegt er \u00ed st\u00e6r\u00f0um fyrir 4ft, 6ft og 8ft bor\u00f0, og s\u00e9rsni\u00f0nar st\u00e6r\u00f0ir eru \u00ed bo\u00f0i ef \u00f3ska\u00f0 er. H\u00e6gt er a\u00f0 f\u00e1 bor\u00f0 me\u00f0 opnu baki (fyrir starfsf\u00f3lk \u00ed sitjandi a\u00f0st\u00f6\u00f0u e\u00f0a geymslu) e\u00f0a loku\u00f0u baki.<\/p>\n<p data-start=\"1379\" data-end=\"1529\">\u00deessir kynningard\u00fakar eru fullkomnir til notkunar innandyra sem utandyra og m\u00e1 \u00fevo \u00ed \u00fevottav\u00e9l og endurn\u00fdta \u00fe\u00e1 \u2013 sem gerir \u00fe\u00e1 a\u00f0 hagkv\u00e6mri fj\u00e1rfestingu \u00ed marka\u00f0ssetningu.<\/p>\n<p data-start=\"1531\" data-end=\"1673\">Hvort sem \u00fe\u00fa ert a\u00f0 s\u00fdna \u00ed Sydney, Melbourne, Brisbane e\u00f0a Perth, \u00fe\u00e1 hj\u00e1lpa s\u00e9rsni\u00f0nu prentu\u00f0u d\u00fakarnir okkar \u00fe\u00e9r a\u00f0 skapa sterkt og varanlegt inntrykk.<\/p>\n<div style=\"width: 1280px;\" class=\"wp-video\"><!--[if lt IE 9]><script>document.createElement('video');<\/script><![endif]--><br \/>\n<video class=\"wp-video-shortcode\" id=\"video-2591-1\" width=\"1280\" height=\"720\" preload=\"metadata\" controls=\"controls\"><source type=\"video\/mp4\" src=\"https:\/\/cmykprinted.com\/wp-content\/uploads\/2025\/05\/Promotional-Tablecloths-Australia.mp4?_=1\" \/><a href=\"https:\/\/cmykprinted.com\/wp-content\/uploads\/2025\/05\/Promotional-Tablecloths-Australia.mp4\">https:\/\/cmykprinted.com\/wp-content\/uploads\/2025\/05\/Promotional-Tablecloths-Australia.mp4<\/a><\/video><\/div>","protected":false},"featured_media":2610,"template":"","meta":{"_kad_post_transparent":"default","_kad_post_title":"hide","_kad_post_layout":"fullwidth","_kad_post_sidebar_id":"","_kad_post_content_style":"unboxed","_kad_post_vertical_padding":"hide","_kad_post_feature":"hide","_kad_post_feature_position":"","_kad_post_header":false,"_kad_post_footer":false},"product_cat":[80,81],"product_tag":[577,579,578,576],"class_list":{"0":"post-2591","1":"product","2":"type-product","3":"status-publish","4":"has-post-thumbnail","6":"product_cat-custom-tablecloth","7":"product_cat-custom-stretch-tablecloth","8":"product_tag-custom-printed-promotional-tablecloths","9":"product_tag-custom-printed-tablecloths","10":"product_tag-printed-promotional-tablecloths","11":"product_tag-promotional-tablecloths-australia","13":"first","14":"instock","15":"shipping-taxable","16":"product-type-simple","17":"entry","18":"content-bg","19":"loop-entry"},"_links":{"self":[{"href":"https:\/\/cmykprinted.com\/is\/wp-json\/wp\/v2\/product\/2591","targetHints":{"allow":["GET"]}}],"collection":[{"href":"https:\/\/cmykprinted.com\/is\/wp-json\/wp\/v2\/product"}],"about":[{"href":"https:\/\/cmykprinted.com\/is\/wp-json\/wp\/v2\/types\/product"}],"version-history":[{"count":2,"href":"https:\/\/cmykprinted.com\/is\/wp-json\/wp\/v2\/product\/2591\/revisions"}],"predecessor-version":[{"id":2611,"href":"https:\/\/cmykprinted.com\/is\/wp-json\/wp\/v2\/product\/2591\/revisions\/2611"}],"wp:featuredmedia":[{"embeddable":true,"href":"https:\/\/cmykprinted.com\/is\/wp-json\/wp\/v2\/media\/2610"}],"wp:attachment":[{"href":"https:\/\/cmykprinted.com\/is\/wp-json\/wp\/v2\/media?parent=2591"}],"wp:term":[{"taxonomy":"product_cat","embeddable":true,"href":"https:\/\/cmykprinted.com\/is\/wp-json\/wp\/v2\/product_cat?post=2591"},{"taxonomy":"product_tag","embeddable":true,"href":"https:\/\/cmykprinted.com\/is\/wp-json\/wp\/v2\/product_tag?post=2591"}],"curies":[{"name":"wp","href":"https:\/\/api.w.org\/{rel}","templated":true}]}}